{"id":606,"date":"2020-03-10T13:42:41","date_gmt":"2020-03-10T12:42:41","guid":{"rendered":"http:\/\/acfcroatia.hr\/?page_id=606"},"modified":"2020-07-22T14:42:14","modified_gmt":"2020-07-22T12:42:14","slug":"how-to-apply","status":"publish","type":"page","link":"https:\/\/acfcroatia.hr\/en\/how-to-apply\/","title":{"rendered":"How to apply?"},"content":{"rendered":"\n<p>Information about currently open calls is available on the\nfront page under \u201cOpen Calls\u201d section. Indicative dates for the announcement of\nall planned calls are available in the \u201cCalls for proposals\u201d section.<\/p>\n\n\n\n<p>Applications must be submitted solely electronically to the\nemail addresses provided in the Guidelines for applicants published for each\npublic call.<\/p>\n\n\n\n<p>During open calls, the Fund Operater &nbsp;will conduct information workshops and other support activities for potential applicants, and more information on these activities can be found in the section <a href=\"http:\/\/acfcroatia.hr\/en\/support-to-applicants-and-project-promotors\/support-to-applicants\/\" target=\"_blank\" rel=\"noreferrer noopener\" aria-label=\"\u201cSupport to Applicants\u201d (otvara se u novoj kartici)\">\u201cSupport to Applicants\u201d<\/a>.<\/p>\n\n\n\n<p>For any additional information on the procedures for applying for calls within the Fund in Croatia, you can contact us at the email address <a href=\"mailto:podrska@acfcroatia.hr\">podrska@acfcroatia.hr<\/a>.<\/p>\n\n\n\n<p>For any additional information on the procedures for applying to Call for Ad hoc action projects within the Fund in Croatia, you can contact us at the email address <a href=\"mailto:adhoc.podrska@acfcroatia.hr\">adhoc.podrska@acfcroatia.hr<\/a>.<\/p>\n","protected":false},"excerpt":{"rendered":"<p>Information about currently open calls is available on the front page under \u201cOpen Calls\u201d section. Indicative dates for the announcement of all planned calls are available in the \u201cCalls for proposals\u201d section. Applications must be submitted solely electronically to the email addresses provided in the Guidelines for applicants published for each public call. During open [&hellip;]<\/p>\n","protected":false},"author":3,"featured_media":0,"parent":0,"menu_order":0,"comment_status":"closed","ping_status":"closed","template":"","meta":{"_acf_changed":false,"footnotes":""},"class_list":["post-606","page","type-page","status-publish","hentry"],"acf":[],"yoast_head":"<!-- This site is optimized with the Yoast SEO plugin v22.2 - https:\/\/yoast.com\/wordpress\/plugins\/seo\/ -->\n<title>How to apply? - Program fonda za aktivno gra\u0111anstvo u Hrvatskoj - ACF Hrvatska<\/title>\n<meta name=\"robots\" content=\"index, follow, max-snippet:-1, max-image-preview:large, max-video-preview:-1\" \/>\n<link rel=\"canonical\" href=\"https:\/\/acfcroatia.hr\/en\/how-to-apply\/\" \/>\n<meta property=\"og:locale\" content=\"en_US\" \/>\n<meta property=\"og:type\" content=\"article\" \/>\n<meta property=\"og:title\" content=\"How to apply? - Program fonda za aktivno gra\u0111anstvo u Hrvatskoj - ACF Hrvatska\" \/>\n<meta property=\"og:description\" content=\"Information about currently open calls is available on the front page under \u201cOpen Calls\u201d section. Indicative dates for the announcement of all planned calls are available in the \u201cCalls for proposals\u201d section. Applications must be submitted solely electronically to the email addresses provided in the Guidelines for applicants published for each public call. During open [&hellip;]\" \/>\n<meta property=\"og:url\" content=\"https:\/\/acfcroatia.hr\/en\/how-to-apply\/\" \/>\n<meta property=\"og:site_name\" content=\"Program fonda za aktivno gra\u0111anstvo u Hrvatskoj - ACF Hrvatska\" \/>\n<meta property=\"article:modified_time\" content=\"2020-07-22T12:42:14+00:00\" \/>\n<meta name=\"twitter:card\" content=\"summary_large_image\" \/>\n<meta name=\"twitter:label1\" content=\"Est. reading time\" \/>\n\t<meta name=\"twitter:data1\" content=\"1 minute\" \/>\n<script type=\"application\/ld+json\" class=\"yoast-schema-graph\">{\"@context\":\"https:\/\/schema.org\",\"@graph\":[{\"@type\":\"WebPage\",\"@id\":\"https:\/\/acfcroatia.hr\/en\/how-to-apply\/\",\"url\":\"https:\/\/acfcroatia.hr\/en\/how-to-apply\/\",\"name\":\"How to apply? - Program fonda za aktivno gra\u0111anstvo u Hrvatskoj - ACF Hrvatska\",\"isPartOf\":{\"@id\":\"https:\/\/acfcroatia.hr\/en\/#website\"},\"datePublished\":\"2020-03-10T12:42:41+00:00\",\"dateModified\":\"2020-07-22T12:42:14+00:00\",\"breadcrumb\":{\"@id\":\"https:\/\/acfcroatia.hr\/en\/how-to-apply\/#breadcrumb\"},\"inLanguage\":\"en-US\",\"potentialAction\":[{\"@type\":\"ReadAction\",\"target\":[\"https:\/\/acfcroatia.hr\/en\/how-to-apply\/\"]}]},{\"@type\":\"BreadcrumbList\",\"@id\":\"https:\/\/acfcroatia.hr\/en\/how-to-apply\/#breadcrumb\",\"itemListElement\":[{\"@type\":\"ListItem\",\"position\":1,\"name\":\"Po\u010detna stranica\",\"item\":\"https:\/\/acfcroatia.hr\/en\/\"},{\"@type\":\"ListItem\",\"position\":2,\"name\":\"How to apply?\"}]},{\"@type\":\"WebSite\",\"@id\":\"https:\/\/acfcroatia.hr\/en\/#website\",\"url\":\"https:\/\/acfcroatia.hr\/en\/\",\"name\":\"Program fonda za aktivno gra\u0111anstvo u Hrvatskoj - ACF Hrvatska\",\"description\":\"Gra\u0111ani u akciji za uklju\u010dive zajednice i pravedno dru\u0161tvo\",\"potentialAction\":[{\"@type\":\"SearchAction\",\"target\":{\"@type\":\"EntryPoint\",\"urlTemplate\":\"https:\/\/acfcroatia.hr\/en\/?s={search_term_string}\"},\"query-input\":\"required name=search_term_string\"}],\"inLanguage\":\"en-US\"}]}<\/script>\n<!-- \/ Yoast SEO plugin. -->","yoast_head_json":{"title":"How to apply? - Program fonda za aktivno gra\u0111anstvo u Hrvatskoj - ACF Hrvatska","robots":{"index":"index","follow":"follow","max-snippet":"max-snippet:-1","max-image-preview":"max-image-preview:large","max-video-preview":"max-video-preview:-1"},"canonical":"https:\/\/acfcroatia.hr\/en\/how-to-apply\/","og_locale":"en_US","og_type":"article","og_title":"How to apply? - Program fonda za aktivno gra\u0111anstvo u Hrvatskoj - ACF Hrvatska","og_description":"Information about currently open calls is available on the front page under \u201cOpen Calls\u201d section. Indicative dates for the announcement of all planned calls are available in the \u201cCalls for proposals\u201d section. Applications must be submitted solely electronically to the email addresses provided in the Guidelines for applicants published for each public call. During open [&hellip;]","og_url":"https:\/\/acfcroatia.hr\/en\/how-to-apply\/","og_site_name":"Program fonda za aktivno gra\u0111anstvo u Hrvatskoj - ACF Hrvatska","article_modified_time":"2020-07-22T12:42:14+00:00","twitter_card":"summary_large_image","twitter_misc":{"Est. reading time":"1 minute"},"schema":{"@context":"https:\/\/schema.org","@graph":[{"@type":"WebPage","@id":"https:\/\/acfcroatia.hr\/en\/how-to-apply\/","url":"https:\/\/acfcroatia.hr\/en\/how-to-apply\/","name":"How to apply? - Program fonda za aktivno gra\u0111anstvo u Hrvatskoj - ACF Hrvatska","isPartOf":{"@id":"https:\/\/acfcroatia.hr\/en\/#website"},"datePublished":"2020-03-10T12:42:41+00:00","dateModified":"2020-07-22T12:42:14+00:00","breadcrumb":{"@id":"https:\/\/acfcroatia.hr\/en\/how-to-apply\/#breadcrumb"},"inLanguage":"en-US","potentialAction":[{"@type":"ReadAction","target":["https:\/\/acfcroatia.hr\/en\/how-to-apply\/"]}]},{"@type":"BreadcrumbList","@id":"https:\/\/acfcroatia.hr\/en\/how-to-apply\/#breadcrumb","itemListElement":[{"@type":"ListItem","position":1,"name":"Po\u010detna stranica","item":"https:\/\/acfcroatia.hr\/en\/"},{"@type":"ListItem","position":2,"name":"How to apply?"}]},{"@type":"WebSite","@id":"https:\/\/acfcroatia.hr\/en\/#website","url":"https:\/\/acfcroatia.hr\/en\/","name":"Program fonda za aktivno gra\u0111anstvo u Hrvatskoj - ACF Hrvatska","description":"Gra\u0111ani u akciji za uklju\u010dive zajednice i pravedno dru\u0161tvo","potentialAction":[{"@type":"SearchAction","target":{"@type":"EntryPoint","urlTemplate":"https:\/\/acfcroatia.hr\/en\/?s={search_term_string}"},"query-input":"required name=search_term_string"}],"inLanguage":"en-US"}]}},"_links":{"self":[{"href":"https:\/\/acfcroatia.hr\/en\/wp-json\/wp\/v2\/pages\/606","targetHints":{"allow":["GET"]}}],"collection":[{"href":"https:\/\/acfcroatia.hr\/en\/wp-json\/wp\/v2\/pages"}],"about":[{"href":"https:\/\/acfcroatia.hr\/en\/wp-json\/wp\/v2\/types\/page"}],"author":[{"embeddable":true,"href":"https:\/\/acfcroatia.hr\/en\/wp-json\/wp\/v2\/users\/3"}],"replies":[{"embeddable":true,"href":"https:\/\/acfcroatia.hr\/en\/wp-json\/wp\/v2\/comments?post=606"}],"version-history":[{"count":3,"href":"https:\/\/acfcroatia.hr\/en\/wp-json\/wp\/v2\/pages\/606\/revisions"}],"predecessor-version":[{"id":1172,"href":"https:\/\/acfcroatia.hr\/en\/wp-json\/wp\/v2\/pages\/606\/revisions\/1172"}],"wp:attachment":[{"href":"https:\/\/acfcroatia.hr\/en\/wp-json\/wp\/v2\/media?parent=606"}],"curies":[{"name":"wp","href":"https:\/\/api.w.org\/{rel}","templated":true}]}}