{"id":601,"date":"2020-03-10T13:28:46","date_gmt":"2020-03-10T12:28:46","guid":{"rendered":"http:\/\/acfcroatia.hr\/?page_id=601"},"modified":"2022-05-31T12:59:09","modified_gmt":"2022-05-31T10:59:09","slug":"medium-projects-2","status":"publish","type":"page","link":"https:\/\/acfcroatia.hr\/en\/medium-projects-2\/","title":{"rendered":"Medium projects"},"content":{"rendered":"\n<p><strong>Opening date: <\/strong>October 1, 2021<\/p>\n\n\n\n<p><strong>Requested contribution of ACF funding:<\/strong><\/p>\n\n\n\n<p>LOT 1: 15.000 \u2013 30.000 \u20ac<\/p>\n\n\n\n<p>LOT 2: 30.001 \u2013 90.000 \u20ac<\/p>\n\n\n\n<p><strong>Available indicative budget: 2.625.000,00\u20ac <\/strong>divided in two LOTs:<\/p>\n\n\n\n<p>LOT 1: 660.000 \u20ac<\/p>\n\n\n\n<p>LOT 2: 1.965.000 \u20ac<\/p>\n\n\n\n<p><strong>Project maximum funding rate:<\/strong> 100 % of eligible expenditure.<\/p>\n\n\n\n<p><strong>Project duration: <\/strong>12-15 months<\/p>\n\n\n\n<p><strong>Eligible applicants:<\/strong> Civil society organizations (in accordance with detailed criteria listed in official document <em>Call for proposals for medium projects and Gudilelines for applicants<\/em>.)<\/p>\n\n\n\n<p><strong>LOT 1<\/strong> \u2013 for eligible CSOs with less than 50.000 \u20ac annual turnover during last three years<\/p>\n\n\n\n<p><strong>LOT 2<\/strong> \u2013 for eligible CSOs with more than 50.000 \u20ac annual turnover during last three years<\/p>\n\n\n\n<p><strong>Deadlines for submission of project proposals: two-step application process<\/strong><\/p>\n\n\n\n<p>Deadline for submission of <strong>Concept notes<\/strong>: November 30, 2021, 12:00:00 (noon, Croatian time)<\/p>\n\n\n\n<p>Anticipated deadline for submission of <strong>full project proposals<\/strong>: March 7, 2022, 12:00:00 (noon, Croatian tima), or 1 month after applicants receive invitations to proceed with preparation and submission of full project proposals<\/p>\n\n\n\n<p>Each individual applicant can submit <strong>only one project proposal <\/strong>in this call <strong>as a lead applicant<\/strong>.<\/p>\n\n\n\n<p>Lead applicant can be a partner in another application.<\/p>\n\n\n\n<p>Each organization <strong>can participate in no more than two project proposals<\/strong> <strong>in a partner role.<\/strong><\/p>\n\n\n\n<p><strong>At least 50% of the total available funds<\/strong> under this Call will be allocated to organizations registered and working in <strong>underserved geographic areas and\/or organizations<\/strong> <strong>working with vulnerable groups, including Roma.<\/strong><\/p>\n\n\n\n<p>All proposed projects within the ACF Programme must clearly contribute to the <strong>overall objective<\/strong><\/p>\n\n\n\n<p>Civil society and active citizenship strengthened and vulnerable groups empowered and its the corresponding indicator &#8220;Number of people engaged in civil society activities&#8221;.<strong><em><\/em><\/strong><\/p>\n\n\n\n<p>This Call will support projects lasting from twelve (12) to fifteen (15) months whose implementation will contribute to the achievement of long-term positive social changes in one of the five priority programme areas of the ACF Programme.<\/p>\n\n\n\n<p>Proposed projects within this Call must contribute to achieving at least one of the expected outcomes of the ACF Programme:<\/p>\n\n\n\n<ol class=\"wp-block-list\" type=\"1\"><li>Strengthened civil society watchdog\/advocacy role;<\/li><li>Increased support for human rights, rule of law and good governance;<\/li><li>Strengthened democratic culture and civic awareness and engagement<\/li><\/ol>\n\n\n\n<p>and at least one corresponding outcome level indicator.<\/p>\n\n\n\n<p>Proposed projects within this Call must include at least one project activity whose implementation will directly contribute to the achievement of at least one of the expected outputs of the Fund and the corresponding indicator(s) within the chosen outcome.<\/p>\n\n\n\n<p>In addition to contributing to one of the above three expected outcomes, all proposed projects must also contribute to achieving outcome 4 <em>Enhanced capacity and sustainability of civil society (organisations and sector)<\/em>. Projects must include activities aimed at strengthening the capacity of applicant (and partners, if applicable) in order to successfully implement proposed project as well as contributed to the overall work and development of organization(s). The applicants are obliged to allocate mandatory 13% of the total value of the proposed project for the implementation of these activities.<\/p>\n\n\n\n<p>The focus of this Call are project interventions that include the development and implementation of existing and \/ or new activities, approaches and methodologies, with achieving results that have a <strong>pronounced multiplier effect.<\/strong><\/p>\n\n\n\n<p><strong>CALL DOCUMENTATION:<\/strong><\/p>\n\n\n\n<p>Call documentation consist of:<\/p>\n\n\n\n<ul class=\"wp-block-list\"><li><a href=\"https:\/\/acfcroatia.hr\/wp-content\/uploads\/2021\/10\/ACF-HR_Call_5_Medium_projects.pdf\">Call for medium projects and guidelines for applicants (pdf);<\/a><\/li><li>Application form:<ul><li><a href=\"https:\/\/acfcroatia.hr\/wp-content\/uploads\/2021\/10\/ACF-HR_Poziv_5_Prijavni-obrazac_projektni_sazetak.docx\" target=\"_blank\" rel=\"noreferrer noopener\">1<sup>st<\/sup> phase: concept note (presentation of the project idea, including the total cost estimate)(word) &#8211; CROATIAN ONLY<\/a><\/li><\/ul><ul><li><a href=\"https:\/\/acfcroatia.hr\/wp-content\/uploads\/2021\/10\/ACF_HR_Poziv_5_Prijavni_obrazac_cjelovita_prijava.docx\" target=\"_blank\" rel=\"noreferrer noopener\">2<sup>nd<\/sup> phase: full project proposal (action plan, timeline, expected outcomes and outputs, communication plan etc.) (word); CROATIAN ONLY<\/a><\/li><\/ul><\/li><li><a href=\"https:\/\/acfcroatia.hr\/wp-content\/uploads\/2021\/10\/HR_Obrazac_proracuna_Poziv_5_srednji_projekti.xlsx\" target=\"_blank\" rel=\"noreferrer noopener\">Financial plan &#8211; for the 2<sup>nd<\/sup> phase of the Call (excel); CROATIAN ONLY<\/a><\/li><li><a href=\"https:\/\/acfcroatia.hr\/wp-content\/uploads\/2021\/10\/HR_Izjava_prijavitelja_srednji_projekti.docx\">Applicant\u2019s statement; CROATIAN ONLY<\/a><\/li><li><a href=\"https:\/\/acfcroatia.hr\/wp-content\/uploads\/2021\/10\/HR_Izjava-partnera_srednji_projekti.docx\" target=\"_blank\" rel=\"noreferrer noopener\">Partner\u2019s statement;<\/a><\/li><li><a href=\"https:\/\/acfcroatia.hr\/wp-content\/uploads\/2021\/10\/Ugovor_o_financijskoj_podrsci_uzorak.pdf\">Contract sample; CROATIAN ONLY<\/a><\/li><li><a href=\"https:\/\/acfcroatia.hr\/wp-content\/uploads\/2021\/10\/Annex-A1-Bilateral-Partnership-Agreement.docx\" target=\"_blank\" rel=\"noreferrer noopener\">Bilateral Partnership Agreement sample;<\/a><\/li><\/ul>\n\n\n\n<p><span class=\"has-inline-color has-vivid-red-color\"><strong>May 31, 2022: RESULTS:<\/strong><\/span><\/p>\n\n\n\n<p><a href=\"https:\/\/acfcroatia.hr\/wp-content\/uploads\/2022\/05\/Poziv_5_Grupa_1_rezultati_eng_web.pdf\">List of projects recommended for funding in Group 1 <\/a><\/p>\n\n\n\n<p><a href=\"https:\/\/acfcroatia.hr\/wp-content\/uploads\/2022\/05\/Poziv-5_Grupa_2_rezultati_eng_O1_web.pdf\" target=\"_blank\" rel=\"noreferrer noopener\">List of projects recommended for funding in Group 2, Outcome 1<\/a><\/p>\n\n\n\n<p><a href=\"https:\/\/acfcroatia.hr\/wp-content\/uploads\/2022\/05\/Poziv-5_Grupa_2_rezultati_eng_O2_web.pdf\" target=\"_blank\" rel=\"noreferrer noopener\">List of projects recommended for funding in Group 2, Outcome 2<\/a><\/p>\n\n\n\n<p><a href=\"https:\/\/acfcroatia.hr\/wp-content\/uploads\/2022\/05\/Poziv-5_Grupa_2_rezultati_eng_O3_web.pdf\" target=\"_blank\" rel=\"noreferrer noopener\">List of projects recommended for funding in Group 2, Outcome 3<\/a><\/p>\n\n\n\n<p><a href=\"https:\/\/acfcroatia.hr\/wp-content\/uploads\/2022\/05\/Poziv-5_Grupa_2_rezultati_eng_reserve_list_web.pdf\" target=\"_blank\" rel=\"noreferrer noopener\">List of projects on reserved list in Group 2, all outcomes<\/a><\/p>\n","protected":false},"excerpt":{"rendered":"<p>Opening date: October 1, 2021 Requested contribution of ACF funding: LOT 1: 15.000 \u2013 30.000 \u20ac LOT 2: 30.001 \u2013 90.000 \u20ac Available indicative budget: 2.625.000,00\u20ac divided in two LOTs: LOT 1: 660.000 \u20ac LOT 2: 1.965.000 \u20ac Project maximum funding rate: 100 % of eligible expenditure. Project duration: 12-15 months Eligible applicants: Civil society [&hellip;]<\/p>\n","protected":false},"author":2,"featured_media":0,"parent":0,"menu_order":0,"comment_status":"closed","ping_status":"closed","template":"","meta":{"_acf_changed":false,"footnotes":""},"class_list":["post-601","page","type-page","status-publish","hentry"],"acf":[],"yoast_head":"<!-- This site is optimized with the Yoast SEO plugin v22.2 - https:\/\/yoast.com\/wordpress\/plugins\/seo\/ -->\n<title>Medium projects - Program fonda za aktivno gra\u0111anstvo u Hrvatskoj - ACF Hrvatska<\/title>\n<meta name=\"robots\" content=\"index, follow, max-snippet:-1, max-image-preview:large, max-video-preview:-1\" \/>\n<link rel=\"canonical\" href=\"https:\/\/acfcroatia.hr\/en\/medium-projects-2\/\" \/>\n<meta property=\"og:locale\" content=\"en_US\" \/>\n<meta property=\"og:type\" content=\"article\" \/>\n<meta property=\"og:title\" content=\"Medium projects - Program fonda za aktivno gra\u0111anstvo u Hrvatskoj - ACF Hrvatska\" \/>\n<meta property=\"og:description\" content=\"Opening date: October 1, 2021 Requested contribution of ACF funding: LOT 1: 15.000 \u2013 30.000 \u20ac LOT 2: 30.001 \u2013 90.000 \u20ac Available indicative budget: 2.625.000,00\u20ac divided in two LOTs: LOT 1: 660.000 \u20ac LOT 2: 1.965.000 \u20ac Project maximum funding rate: 100 % of eligible expenditure. Project duration: 12-15 months Eligible applicants: Civil society [&hellip;]\" \/>\n<meta property=\"og:url\" content=\"https:\/\/acfcroatia.hr\/en\/medium-projects-2\/\" \/>\n<meta property=\"og:site_name\" content=\"Program fonda za aktivno gra\u0111anstvo u Hrvatskoj - ACF Hrvatska\" \/>\n<meta property=\"article:modified_time\" content=\"2022-05-31T10:59:09+00:00\" \/>\n<meta name=\"twitter:card\" content=\"summary_large_image\" \/>\n<meta name=\"twitter:label1\" content=\"Est. reading time\" \/>\n\t<meta name=\"twitter:data1\" content=\"3 minutes\" \/>\n<script type=\"application\/ld+json\" class=\"yoast-schema-graph\">{\"@context\":\"https:\/\/schema.org\",\"@graph\":[{\"@type\":\"WebPage\",\"@id\":\"https:\/\/acfcroatia.hr\/en\/medium-projects-2\/\",\"url\":\"https:\/\/acfcroatia.hr\/en\/medium-projects-2\/\",\"name\":\"Medium projects - Program fonda za aktivno gra\u0111anstvo u Hrvatskoj - ACF Hrvatska\",\"isPartOf\":{\"@id\":\"https:\/\/acfcroatia.hr\/en\/#website\"},\"datePublished\":\"2020-03-10T12:28:46+00:00\",\"dateModified\":\"2022-05-31T10:59:09+00:00\",\"breadcrumb\":{\"@id\":\"https:\/\/acfcroatia.hr\/en\/medium-projects-2\/#breadcrumb\"},\"inLanguage\":\"en-US\",\"potentialAction\":[{\"@type\":\"ReadAction\",\"target\":[\"https:\/\/acfcroatia.hr\/en\/medium-projects-2\/\"]}]},{\"@type\":\"BreadcrumbList\",\"@id\":\"https:\/\/acfcroatia.hr\/en\/medium-projects-2\/#breadcrumb\",\"itemListElement\":[{\"@type\":\"ListItem\",\"position\":1,\"name\":\"Po\u010detna stranica\",\"item\":\"https:\/\/acfcroatia.hr\/en\/\"},{\"@type\":\"ListItem\",\"position\":2,\"name\":\"Medium projects\"}]},{\"@type\":\"WebSite\",\"@id\":\"https:\/\/acfcroatia.hr\/en\/#website\",\"url\":\"https:\/\/acfcroatia.hr\/en\/\",\"name\":\"Program fonda za aktivno gra\u0111anstvo u Hrvatskoj - ACF Hrvatska\",\"description\":\"Gra\u0111ani u akciji za uklju\u010dive zajednice i pravedno dru\u0161tvo\",\"potentialAction\":[{\"@type\":\"SearchAction\",\"target\":{\"@type\":\"EntryPoint\",\"urlTemplate\":\"https:\/\/acfcroatia.hr\/en\/?s={search_term_string}\"},\"query-input\":\"required name=search_term_string\"}],\"inLanguage\":\"en-US\"}]}<\/script>\n<!-- \/ Yoast SEO plugin. -->","yoast_head_json":{"title":"Medium projects - Program fonda za aktivno gra\u0111anstvo u Hrvatskoj - ACF Hrvatska","robots":{"index":"index","follow":"follow","max-snippet":"max-snippet:-1","max-image-preview":"max-image-preview:large","max-video-preview":"max-video-preview:-1"},"canonical":"https:\/\/acfcroatia.hr\/en\/medium-projects-2\/","og_locale":"en_US","og_type":"article","og_title":"Medium projects - Program fonda za aktivno gra\u0111anstvo u Hrvatskoj - ACF Hrvatska","og_description":"Opening date: October 1, 2021 Requested contribution of ACF funding: LOT 1: 15.000 \u2013 30.000 \u20ac LOT 2: 30.001 \u2013 90.000 \u20ac Available indicative budget: 2.625.000,00\u20ac divided in two LOTs: LOT 1: 660.000 \u20ac LOT 2: 1.965.000 \u20ac Project maximum funding rate: 100 % of eligible expenditure. Project duration: 12-15 months Eligible applicants: Civil society [&hellip;]","og_url":"https:\/\/acfcroatia.hr\/en\/medium-projects-2\/","og_site_name":"Program fonda za aktivno gra\u0111anstvo u Hrvatskoj - ACF Hrvatska","article_modified_time":"2022-05-31T10:59:09+00:00","twitter_card":"summary_large_image","twitter_misc":{"Est. reading time":"3 minutes"},"schema":{"@context":"https:\/\/schema.org","@graph":[{"@type":"WebPage","@id":"https:\/\/acfcroatia.hr\/en\/medium-projects-2\/","url":"https:\/\/acfcroatia.hr\/en\/medium-projects-2\/","name":"Medium projects - Program fonda za aktivno gra\u0111anstvo u Hrvatskoj - ACF Hrvatska","isPartOf":{"@id":"https:\/\/acfcroatia.hr\/en\/#website"},"datePublished":"2020-03-10T12:28:46+00:00","dateModified":"2022-05-31T10:59:09+00:00","breadcrumb":{"@id":"https:\/\/acfcroatia.hr\/en\/medium-projects-2\/#breadcrumb"},"inLanguage":"en-US","potentialAction":[{"@type":"ReadAction","target":["https:\/\/acfcroatia.hr\/en\/medium-projects-2\/"]}]},{"@type":"BreadcrumbList","@id":"https:\/\/acfcroatia.hr\/en\/medium-projects-2\/#breadcrumb","itemListElement":[{"@type":"ListItem","position":1,"name":"Po\u010detna stranica","item":"https:\/\/acfcroatia.hr\/en\/"},{"@type":"ListItem","position":2,"name":"Medium projects"}]},{"@type":"WebSite","@id":"https:\/\/acfcroatia.hr\/en\/#website","url":"https:\/\/acfcroatia.hr\/en\/","name":"Program fonda za aktivno gra\u0111anstvo u Hrvatskoj - ACF Hrvatska","description":"Gra\u0111ani u akciji za uklju\u010dive zajednice i pravedno dru\u0161tvo","potentialAction":[{"@type":"SearchAction","target":{"@type":"EntryPoint","urlTemplate":"https:\/\/acfcroatia.hr\/en\/?s={search_term_string}"},"query-input":"required name=search_term_string"}],"inLanguage":"en-US"}]}},"_links":{"self":[{"href":"https:\/\/acfcroatia.hr\/en\/wp-json\/wp\/v2\/pages\/601","targetHints":{"allow":["GET"]}}],"collection":[{"href":"https:\/\/acfcroatia.hr\/en\/wp-json\/wp\/v2\/pages"}],"about":[{"href":"https:\/\/acfcroatia.hr\/en\/wp-json\/wp\/v2\/types\/page"}],"author":[{"embeddable":true,"href":"https:\/\/acfcroatia.hr\/en\/wp-json\/wp\/v2\/users\/2"}],"replies":[{"embeddable":true,"href":"https:\/\/acfcroatia.hr\/en\/wp-json\/wp\/v2\/comments?post=601"}],"version-history":[{"count":6,"href":"https:\/\/acfcroatia.hr\/en\/wp-json\/wp\/v2\/pages\/601\/revisions"}],"predecessor-version":[{"id":3379,"href":"https:\/\/acfcroatia.hr\/en\/wp-json\/wp\/v2\/pages\/601\/revisions\/3379"}],"wp:attachment":[{"href":"https:\/\/acfcroatia.hr\/en\/wp-json\/wp\/v2\/media?parent=601"}],"curies":[{"name":"wp","href":"https:\/\/api.w.org\/{rel}","templated":true}]}}