{"id":570,"date":"2020-03-10T13:11:42","date_gmt":"2020-03-10T12:11:42","guid":{"rendered":"http:\/\/acfcroatia.hr\/?page_id=570"},"modified":"2020-03-10T13:11:42","modified_gmt":"2020-03-10T12:11:42","slug":"bilateral-and-regional-cooperation","status":"publish","type":"page","link":"https:\/\/acfcroatia.hr\/en\/bilateral-and-regional-cooperation\/","title":{"rendered":"Bilateral and regional cooperation"},"content":{"rendered":"\n<p>Uz smanjenje nejednakosti unutar Europskog gospodarskog prostora, financiranje putem EGP-a i Norve\u0161kih grantova tako\u0111er pridonosi ja\u010danju bilateralnih odnosa izme\u0111u dr\u017eava donatora i 15 dr\u017eava korisnica. <\/p>\n\n\n\n<p>Jedan od uvjeta financiranja je i partnerstvo na razini zemlje korisnice i partnera koji dolazi iz jedne od tri zemlje donatora. Na taj na\u010din poti\u010de se \u0161irenje suradnje hrvatskih organizacija s kolegama iz Norve\u0161ke, Islanda i Lihten\u0161tajna. U sklopu Bilateralnog fonda financiraju se projektne aktivnosti namijenjene povezivanju, razmjeni i dijeljenju iskustava, znanja, tehnologije i dobre prakse izme\u0111u subjekata zemalja korisnica i zemalja donatora kao i me\u0111unarodnih organizacija u prostoru primjene programa.<\/p>\n\n\n\n<p>Za bilateralnu suradnju i regionalne inicijative civilnog dru\u0161tva je kroz Fond za aktivno gra\u0111anstvo u Hrvatskoj osigurano:<br> \u2022 Bilateralna suradnja \u2013 85.000,00 \u20ac<br> \u2022 Regionalne inicijative civilnog dru\u0161tva \u2013 115.000,00 \u20ac  <\/p>\n","protected":false},"excerpt":{"rendered":"<p>Uz smanjenje nejednakosti unutar Europskog gospodarskog prostora, financiranje putem EGP-a i Norve\u0161kih grantova tako\u0111er pridonosi ja\u010danju bilateralnih odnosa izme\u0111u dr\u017eava donatora i 15 dr\u017eava korisnica. Jedan od uvjeta financiranja je i partnerstvo na razini zemlje korisnice i partnera koji dolazi iz jedne od tri zemlje donatora. Na taj na\u010din poti\u010de se \u0161irenje suradnje hrvatskih organizacija [&hellip;]<\/p>\n","protected":false},"author":3,"featured_media":0,"parent":0,"menu_order":0,"comment_status":"closed","ping_status":"closed","template":"","meta":{"_acf_changed":false,"footnotes":""},"class_list":["post-570","page","type-page","status-publish","hentry"],"acf":[],"yoast_head":"<!-- This site is optimized with the Yoast SEO plugin v22.2 - https:\/\/yoast.com\/wordpress\/plugins\/seo\/ -->\n<title>Bilateral and regional cooperation - Program fonda za aktivno gra\u0111anstvo u Hrvatskoj - ACF Hrvatska<\/title>\n<meta name=\"robots\" content=\"index, follow, max-snippet:-1, max-image-preview:large, max-video-preview:-1\" \/>\n<link rel=\"canonical\" href=\"https:\/\/acfcroatia.hr\/en\/bilateral-and-regional-cooperation\/\" \/>\n<meta property=\"og:locale\" content=\"en_US\" \/>\n<meta property=\"og:type\" content=\"article\" \/>\n<meta property=\"og:title\" content=\"Bilateral and regional cooperation - Program fonda za aktivno gra\u0111anstvo u Hrvatskoj - ACF Hrvatska\" \/>\n<meta property=\"og:description\" content=\"Uz smanjenje nejednakosti unutar Europskog gospodarskog prostora, financiranje putem EGP-a i Norve\u0161kih grantova tako\u0111er pridonosi ja\u010danju bilateralnih odnosa izme\u0111u dr\u017eava donatora i 15 dr\u017eava korisnica. Jedan od uvjeta financiranja je i partnerstvo na razini zemlje korisnice i partnera koji dolazi iz jedne od tri zemlje donatora. Na taj na\u010din poti\u010de se \u0161irenje suradnje hrvatskih organizacija [&hellip;]\" \/>\n<meta property=\"og:url\" content=\"https:\/\/acfcroatia.hr\/en\/bilateral-and-regional-cooperation\/\" \/>\n<meta property=\"og:site_name\" content=\"Program fonda za aktivno gra\u0111anstvo u Hrvatskoj - ACF Hrvatska\" \/>\n<meta name=\"twitter:card\" content=\"summary_large_image\" \/>\n<meta name=\"twitter:label1\" content=\"Est. reading time\" \/>\n\t<meta name=\"twitter:data1\" content=\"1 minute\" \/>\n<script type=\"application\/ld+json\" class=\"yoast-schema-graph\">{\"@context\":\"https:\/\/schema.org\",\"@graph\":[{\"@type\":\"WebPage\",\"@id\":\"https:\/\/acfcroatia.hr\/en\/bilateral-and-regional-cooperation\/\",\"url\":\"https:\/\/acfcroatia.hr\/en\/bilateral-and-regional-cooperation\/\",\"name\":\"Bilateral and regional cooperation - Program fonda za aktivno gra\u0111anstvo u Hrvatskoj - ACF Hrvatska\",\"isPartOf\":{\"@id\":\"https:\/\/acfcroatia.hr\/en\/#website\"},\"datePublished\":\"2020-03-10T12:11:42+00:00\",\"dateModified\":\"2020-03-10T12:11:42+00:00\",\"breadcrumb\":{\"@id\":\"https:\/\/acfcroatia.hr\/en\/bilateral-and-regional-cooperation\/#breadcrumb\"},\"inLanguage\":\"en-US\",\"potentialAction\":[{\"@type\":\"ReadAction\",\"target\":[\"https:\/\/acfcroatia.hr\/en\/bilateral-and-regional-cooperation\/\"]}]},{\"@type\":\"BreadcrumbList\",\"@id\":\"https:\/\/acfcroatia.hr\/en\/bilateral-and-regional-cooperation\/#breadcrumb\",\"itemListElement\":[{\"@type\":\"ListItem\",\"position\":1,\"name\":\"Po\u010detna stranica\",\"item\":\"https:\/\/acfcroatia.hr\/en\/\"},{\"@type\":\"ListItem\",\"position\":2,\"name\":\"Bilateral and regional cooperation\"}]},{\"@type\":\"WebSite\",\"@id\":\"https:\/\/acfcroatia.hr\/en\/#website\",\"url\":\"https:\/\/acfcroatia.hr\/en\/\",\"name\":\"Program fonda za aktivno gra\u0111anstvo u Hrvatskoj - ACF Hrvatska\",\"description\":\"Gra\u0111ani u akciji za uklju\u010dive zajednice i pravedno dru\u0161tvo\",\"potentialAction\":[{\"@type\":\"SearchAction\",\"target\":{\"@type\":\"EntryPoint\",\"urlTemplate\":\"https:\/\/acfcroatia.hr\/en\/?s={search_term_string}\"},\"query-input\":\"required name=search_term_string\"}],\"inLanguage\":\"en-US\"}]}<\/script>\n<!-- \/ Yoast SEO plugin. -->","yoast_head_json":{"title":"Bilateral and regional cooperation - Program fonda za aktivno gra\u0111anstvo u Hrvatskoj - ACF Hrvatska","robots":{"index":"index","follow":"follow","max-snippet":"max-snippet:-1","max-image-preview":"max-image-preview:large","max-video-preview":"max-video-preview:-1"},"canonical":"https:\/\/acfcroatia.hr\/en\/bilateral-and-regional-cooperation\/","og_locale":"en_US","og_type":"article","og_title":"Bilateral and regional cooperation - Program fonda za aktivno gra\u0111anstvo u Hrvatskoj - ACF Hrvatska","og_description":"Uz smanjenje nejednakosti unutar Europskog gospodarskog prostora, financiranje putem EGP-a i Norve\u0161kih grantova tako\u0111er pridonosi ja\u010danju bilateralnih odnosa izme\u0111u dr\u017eava donatora i 15 dr\u017eava korisnica. Jedan od uvjeta financiranja je i partnerstvo na razini zemlje korisnice i partnera koji dolazi iz jedne od tri zemlje donatora. Na taj na\u010din poti\u010de se \u0161irenje suradnje hrvatskih organizacija [&hellip;]","og_url":"https:\/\/acfcroatia.hr\/en\/bilateral-and-regional-cooperation\/","og_site_name":"Program fonda za aktivno gra\u0111anstvo u Hrvatskoj - ACF Hrvatska","twitter_card":"summary_large_image","twitter_misc":{"Est. reading time":"1 minute"},"schema":{"@context":"https:\/\/schema.org","@graph":[{"@type":"WebPage","@id":"https:\/\/acfcroatia.hr\/en\/bilateral-and-regional-cooperation\/","url":"https:\/\/acfcroatia.hr\/en\/bilateral-and-regional-cooperation\/","name":"Bilateral and regional cooperation - Program fonda za aktivno gra\u0111anstvo u Hrvatskoj - ACF Hrvatska","isPartOf":{"@id":"https:\/\/acfcroatia.hr\/en\/#website"},"datePublished":"2020-03-10T12:11:42+00:00","dateModified":"2020-03-10T12:11:42+00:00","breadcrumb":{"@id":"https:\/\/acfcroatia.hr\/en\/bilateral-and-regional-cooperation\/#breadcrumb"},"inLanguage":"en-US","potentialAction":[{"@type":"ReadAction","target":["https:\/\/acfcroatia.hr\/en\/bilateral-and-regional-cooperation\/"]}]},{"@type":"BreadcrumbList","@id":"https:\/\/acfcroatia.hr\/en\/bilateral-and-regional-cooperation\/#breadcrumb","itemListElement":[{"@type":"ListItem","position":1,"name":"Po\u010detna stranica","item":"https:\/\/acfcroatia.hr\/en\/"},{"@type":"ListItem","position":2,"name":"Bilateral and regional cooperation"}]},{"@type":"WebSite","@id":"https:\/\/acfcroatia.hr\/en\/#website","url":"https:\/\/acfcroatia.hr\/en\/","name":"Program fonda za aktivno gra\u0111anstvo u Hrvatskoj - ACF Hrvatska","description":"Gra\u0111ani u akciji za uklju\u010dive zajednice i pravedno dru\u0161tvo","potentialAction":[{"@type":"SearchAction","target":{"@type":"EntryPoint","urlTemplate":"https:\/\/acfcroatia.hr\/en\/?s={search_term_string}"},"query-input":"required name=search_term_string"}],"inLanguage":"en-US"}]}},"_links":{"self":[{"href":"https:\/\/acfcroatia.hr\/en\/wp-json\/wp\/v2\/pages\/570","targetHints":{"allow":["GET"]}}],"collection":[{"href":"https:\/\/acfcroatia.hr\/en\/wp-json\/wp\/v2\/pages"}],"about":[{"href":"https:\/\/acfcroatia.hr\/en\/wp-json\/wp\/v2\/types\/page"}],"author":[{"embeddable":true,"href":"https:\/\/acfcroatia.hr\/en\/wp-json\/wp\/v2\/users\/3"}],"replies":[{"embeddable":true,"href":"https:\/\/acfcroatia.hr\/en\/wp-json\/wp\/v2\/comments?post=570"}],"version-history":[{"count":1,"href":"https:\/\/acfcroatia.hr\/en\/wp-json\/wp\/v2\/pages\/570\/revisions"}],"predecessor-version":[{"id":571,"href":"https:\/\/acfcroatia.hr\/en\/wp-json\/wp\/v2\/pages\/570\/revisions\/571"}],"wp:attachment":[{"href":"https:\/\/acfcroatia.hr\/en\/wp-json\/wp\/v2\/media?parent=570"}],"curies":[{"name":"wp","href":"https:\/\/api.w.org\/{rel}","templated":true}]}}