{"id":568,"date":"2020-03-10T13:09:45","date_gmt":"2020-03-10T12:09:45","guid":{"rendered":"http:\/\/acfcroatia.hr\/?page_id=568"},"modified":"2020-03-10T13:09:45","modified_gmt":"2020-03-10T12:09:45","slug":"programme","status":"publish","type":"page","link":"https:\/\/acfcroatia.hr\/en\/programme\/","title":{"rendered":"Programme"},"content":{"rendered":"","protected":false},"excerpt":{"rendered":"","protected":false},"author":3,"featured_media":0,"parent":0,"menu_order":0,"comment_status":"closed","ping_status":"closed","template":"","meta":{"_acf_changed":false,"footnotes":""},"class_list":["post-568","page","type-page","status-publish","hentry"],"acf":[],"yoast_head":"<!-- This site is optimized with the Yoast SEO plugin v22.2 - https:\/\/yoast.com\/wordpress\/plugins\/seo\/ -->\n<title>Programme - Program fonda za aktivno gra\u0111anstvo u Hrvatskoj - ACF Hrvatska<\/title>\n<meta name=\"robots\" content=\"index, follow, max-snippet:-1, max-image-preview:large, max-video-preview:-1\" \/>\n<link rel=\"canonical\" href=\"https:\/\/acfcroatia.hr\/en\/programme\/\" \/>\n<meta property=\"og:locale\" content=\"en_US\" \/>\n<meta property=\"og:type\" content=\"article\" \/>\n<meta property=\"og:title\" content=\"Programme - Program fonda za aktivno gra\u0111anstvo u Hrvatskoj - ACF Hrvatska\" \/>\n<meta property=\"og:url\" content=\"https:\/\/acfcroatia.hr\/en\/programme\/\" \/>\n<meta property=\"og:site_name\" content=\"Program fonda za aktivno gra\u0111anstvo u Hrvatskoj - ACF Hrvatska\" \/>\n<meta name=\"twitter:card\" content=\"summary_large_image\" \/>\n<script type=\"application\/ld+json\" class=\"yoast-schema-graph\">{\"@context\":\"https:\/\/schema.org\",\"@graph\":[{\"@type\":\"WebPage\",\"@id\":\"https:\/\/acfcroatia.hr\/en\/programme\/\",\"url\":\"https:\/\/acfcroatia.hr\/en\/programme\/\",\"name\":\"Programme - Program fonda za aktivno gra\u0111anstvo u Hrvatskoj - ACF Hrvatska\",\"isPartOf\":{\"@id\":\"https:\/\/acfcroatia.hr\/en\/#website\"},\"datePublished\":\"2020-03-10T12:09:45+00:00\",\"dateModified\":\"2020-03-10T12:09:45+00:00\",\"breadcrumb\":{\"@id\":\"https:\/\/acfcroatia.hr\/en\/programme\/#breadcrumb\"},\"inLanguage\":\"en-US\",\"potentialAction\":[{\"@type\":\"ReadAction\",\"target\":[\"https:\/\/acfcroatia.hr\/en\/programme\/\"]}]},{\"@type\":\"BreadcrumbList\",\"@id\":\"https:\/\/acfcroatia.hr\/en\/programme\/#breadcrumb\",\"itemListElement\":[{\"@type\":\"ListItem\",\"position\":1,\"name\":\"Po\u010detna stranica\",\"item\":\"https:\/\/acfcroatia.hr\/en\/\"},{\"@type\":\"ListItem\",\"position\":2,\"name\":\"Programme\"}]},{\"@type\":\"WebSite\",\"@id\":\"https:\/\/acfcroatia.hr\/en\/#website\",\"url\":\"https:\/\/acfcroatia.hr\/en\/\",\"name\":\"Program fonda za aktivno gra\u0111anstvo u Hrvatskoj - ACF Hrvatska\",\"description\":\"Gra\u0111ani u akciji za uklju\u010dive zajednice i pravedno dru\u0161tvo\",\"potentialAction\":[{\"@type\":\"SearchAction\",\"target\":{\"@type\":\"EntryPoint\",\"urlTemplate\":\"https:\/\/acfcroatia.hr\/en\/?s={search_term_string}\"},\"query-input\":\"required name=search_term_string\"}],\"inLanguage\":\"en-US\"}]}<\/script>\n<!-- \/ Yoast SEO plugin. -->","yoast_head_json":{"title":"Programme - Program fonda za aktivno gra\u0111anstvo u Hrvatskoj - ACF Hrvatska","robots":{"index":"index","follow":"follow","max-snippet":"max-snippet:-1","max-image-preview":"max-image-preview:large","max-video-preview":"max-video-preview:-1"},"canonical":"https:\/\/acfcroatia.hr\/en\/programme\/","og_locale":"en_US","og_type":"article","og_title":"Programme - Program fonda za aktivno gra\u0111anstvo u Hrvatskoj - ACF Hrvatska","og_url":"https:\/\/acfcroatia.hr\/en\/programme\/","og_site_name":"Program fonda za aktivno gra\u0111anstvo u Hrvatskoj - ACF Hrvatska","twitter_card":"summary_large_image","schema":{"@context":"https:\/\/schema.org","@graph":[{"@type":"WebPage","@id":"https:\/\/acfcroatia.hr\/en\/programme\/","url":"https:\/\/acfcroatia.hr\/en\/programme\/","name":"Programme - Program fonda za aktivno gra\u0111anstvo u Hrvatskoj - ACF Hrvatska","isPartOf":{"@id":"https:\/\/acfcroatia.hr\/en\/#website"},"datePublished":"2020-03-10T12:09:45+00:00","dateModified":"2020-03-10T12:09:45+00:00","breadcrumb":{"@id":"https:\/\/acfcroatia.hr\/en\/programme\/#breadcrumb"},"inLanguage":"en-US","potentialAction":[{"@type":"ReadAction","target":["https:\/\/acfcroatia.hr\/en\/programme\/"]}]},{"@type":"BreadcrumbList","@id":"https:\/\/acfcroatia.hr\/en\/programme\/#breadcrumb","itemListElement":[{"@type":"ListItem","position":1,"name":"Po\u010detna stranica","item":"https:\/\/acfcroatia.hr\/en\/"},{"@type":"ListItem","position":2,"name":"Programme"}]},{"@type":"WebSite","@id":"https:\/\/acfcroatia.hr\/en\/#website","url":"https:\/\/acfcroatia.hr\/en\/","name":"Program fonda za aktivno gra\u0111anstvo u Hrvatskoj - ACF Hrvatska","description":"Gra\u0111ani u akciji za uklju\u010dive zajednice i pravedno dru\u0161tvo","potentialAction":[{"@type":"SearchAction","target":{"@type":"EntryPoint","urlTemplate":"https:\/\/acfcroatia.hr\/en\/?s={search_term_string}"},"query-input":"required name=search_term_string"}],"inLanguage":"en-US"}]}},"_links":{"self":[{"href":"https:\/\/acfcroatia.hr\/en\/wp-json\/wp\/v2\/pages\/568","targetHints":{"allow":["GET"]}}],"collection":[{"href":"https:\/\/acfcroatia.hr\/en\/wp-json\/wp\/v2\/pages"}],"about":[{"href":"https:\/\/acfcroatia.hr\/en\/wp-json\/wp\/v2\/types\/page"}],"author":[{"embeddable":true,"href":"https:\/\/acfcroatia.hr\/en\/wp-json\/wp\/v2\/users\/3"}],"replies":[{"embeddable":true,"href":"https:\/\/acfcroatia.hr\/en\/wp-json\/wp\/v2\/comments?post=568"}],"version-history":[{"count":1,"href":"https:\/\/acfcroatia.hr\/en\/wp-json\/wp\/v2\/pages\/568\/revisions"}],"predecessor-version":[{"id":569,"href":"https:\/\/acfcroatia.hr\/en\/wp-json\/wp\/v2\/pages\/568\/revisions\/569"}],"wp:attachment":[{"href":"https:\/\/acfcroatia.hr\/en\/wp-json\/wp\/v2\/media?parent=568"}],"curies":[{"name":"wp","href":"https:\/\/api.w.org\/{rel}","templated":true}]}}