{"id":565,"date":"2020-03-10T13:07:16","date_gmt":"2020-03-10T12:07:16","guid":{"rendered":"http:\/\/acfcroatia.hr\/?page_id=565"},"modified":"2022-03-01T11:07:38","modified_gmt":"2022-03-01T10:07:38","slug":"small-projects","status":"publish","type":"page","link":"https:\/\/acfcroatia.hr\/en\/small-projects\/","title":{"rendered":"Small projects 2022"},"content":{"rendered":"\n<p><strong>Opening date: <\/strong>March 1, 2022<\/p>\n\n\n\n<p><strong>Requested contribution of ACF funding: <\/strong>5.000 \u20ac \u2013 15.000 \u20ac<\/p>\n\n\n\n<p><strong>Available indicative budget for this Call:<\/strong> 315.000 \u20ac<\/p>\n\n\n\n<p><strong>Project maximum funding rate:<\/strong> 100 % of eligible expenditure.<\/p>\n\n\n\n<p><strong>Project duration:<\/strong> 6-12 months<\/p>\n\n\n\n<p><strong>Deadline for submission offull project proposals<\/strong>: May 2, 2022, 12:00 (noon, Croatian time)<\/p>\n\n\n\n<p>Each individual applicant can submit <strong>only one project proposal<\/strong> in this call <strong>as a lead applicant<\/strong>.<\/p>\n\n\n\n<p>Lead applicant can be a partner in another application.<\/p>\n\n\n\n<p>Each organization <strong>can participate in no more than two project proposals<\/strong> <strong>in a partner role.<\/strong><a><\/a><\/p>\n\n\n\n<p>This is the second of two planned calls for small projects. First call was closed on May 31, 2021.<\/p>\n\n\n\n<p>Through this Call the ACF Croatia will support small-scale projects lasting from six to twelve months, aimed at interventions proposed and implemented by local civil society organizations in order to increase the well-being of local communities and \/ or thematic communities consisting of certain social groups with common interests, needs and problems in one of the priority program areas of the Active Citizens Fund.<\/p>\n\n\n\n<p>At least 50% of the total available funds under this Call will be awarded to projects by organizations registered and working in underserved geographic areas and\/or by organizations working with vulnerable groups, including Roma.<\/p>\n\n\n\n<p><strong>CALL DOCUMENTATION:<\/strong><\/p>\n\n\n\n<ul class=\"wp-block-list\"><li><a href=\"https:\/\/acfcroatia.hr\/wp-content\/uploads\/2022\/03\/ACF-HR_Call_6_for-small-projects_2022.pdf\" target=\"_blank\" rel=\"noreferrer noopener\">Call 6 for small projects and Guidelines for applicants (pdf)<\/a><\/li><li><a href=\"https:\/\/acfcroatia.hr\/wp-content\/uploads\/2022\/03\/HR_Izjava-partnera_Mali_projekti.docx\" target=\"_blank\" rel=\"noreferrer noopener\">Partner\u2019s statement<\/a><\/li><\/ul>\n\n\n\n<p><strong>Online presentation of the Call with information workshop will be held on March 8, 2022 at 10 o&#8217;clock via Zoom. Registration form is available (in Croatian only) at <a href=\"https:\/\/bit.ly\/3sqnliU\">https:\/\/bit.ly\/3sqnliU<\/a> <\/strong><\/p>\n\n\n\n<p><strong>Project and budget development workshops for potential applicants:<\/strong><\/p>\n\n\n\n<p>March 23, 2022 &#8211; online workshop<\/p>\n\n\n\n<p>March 23, 2022 &#8211; online workshop<\/p>\n\n\n\n<p>March 23, 2022 &#8211; online workshops<\/p>\n\n\n\n<p><strong>Registration form is available (in Croatian only) at:<\/strong> <a href=\"https:\/\/forms.gle\/U7sqapeQvJr5Yozd7\" target=\"_blank\" rel=\"noreferrer noopener\">https:\/\/forms.gle\/U7sqapeQvJr5Yozd7<\/a><\/p>\n","protected":false},"excerpt":{"rendered":"<p>Opening date: March 1, 2022 Requested contribution of ACF funding: 5.000 \u20ac \u2013 15.000 \u20ac Available indicative budget for this Call: 315.000 \u20ac Project maximum funding rate: 100 % of eligible expenditure. Project duration: 6-12 months Deadline for submission offull project proposals: May 2, 2022, 12:00 (noon, Croatian time) Each individual applicant can submit only [&hellip;]<\/p>\n","protected":false},"author":3,"featured_media":0,"parent":0,"menu_order":0,"comment_status":"closed","ping_status":"closed","template":"","meta":{"_acf_changed":false,"footnotes":""},"class_list":["post-565","page","type-page","status-publish","hentry"],"acf":[],"yoast_head":"<!-- This site is optimized with the Yoast SEO plugin v22.2 - https:\/\/yoast.com\/wordpress\/plugins\/seo\/ -->\n<title>Small projects 2022 - Program fonda za aktivno gra\u0111anstvo u Hrvatskoj - ACF Hrvatska<\/title>\n<meta name=\"robots\" content=\"index, follow, max-snippet:-1, max-image-preview:large, max-video-preview:-1\" \/>\n<link rel=\"canonical\" href=\"https:\/\/acfcroatia.hr\/en\/small-projects\/\" \/>\n<meta property=\"og:locale\" content=\"en_US\" \/>\n<meta property=\"og:type\" content=\"article\" \/>\n<meta property=\"og:title\" content=\"Small projects 2022 - Program fonda za aktivno gra\u0111anstvo u Hrvatskoj - ACF Hrvatska\" \/>\n<meta property=\"og:description\" content=\"Opening date: March 1, 2022 Requested contribution of ACF funding: 5.000 \u20ac \u2013 15.000 \u20ac Available indicative budget for this Call: 315.000 \u20ac Project maximum funding rate: 100 % of eligible expenditure. Project duration: 6-12 months Deadline for submission offull project proposals: May 2, 2022, 12:00 (noon, Croatian time) Each individual applicant can submit only [&hellip;]\" \/>\n<meta property=\"og:url\" content=\"https:\/\/acfcroatia.hr\/en\/small-projects\/\" \/>\n<meta property=\"og:site_name\" content=\"Program fonda za aktivno gra\u0111anstvo u Hrvatskoj - ACF Hrvatska\" \/>\n<meta property=\"article:modified_time\" content=\"2022-03-01T10:07:38+00:00\" \/>\n<meta name=\"twitter:card\" content=\"summary_large_image\" \/>\n<meta name=\"twitter:label1\" content=\"Est. reading time\" \/>\n\t<meta name=\"twitter:data1\" content=\"2 minutes\" \/>\n<script type=\"application\/ld+json\" class=\"yoast-schema-graph\">{\"@context\":\"https:\/\/schema.org\",\"@graph\":[{\"@type\":\"WebPage\",\"@id\":\"https:\/\/acfcroatia.hr\/en\/small-projects\/\",\"url\":\"https:\/\/acfcroatia.hr\/en\/small-projects\/\",\"name\":\"Small projects 2022 - Program fonda za aktivno gra\u0111anstvo u Hrvatskoj - ACF Hrvatska\",\"isPartOf\":{\"@id\":\"https:\/\/acfcroatia.hr\/en\/#website\"},\"datePublished\":\"2020-03-10T12:07:16+00:00\",\"dateModified\":\"2022-03-01T10:07:38+00:00\",\"breadcrumb\":{\"@id\":\"https:\/\/acfcroatia.hr\/en\/small-projects\/#breadcrumb\"},\"inLanguage\":\"en-US\",\"potentialAction\":[{\"@type\":\"ReadAction\",\"target\":[\"https:\/\/acfcroatia.hr\/en\/small-projects\/\"]}]},{\"@type\":\"BreadcrumbList\",\"@id\":\"https:\/\/acfcroatia.hr\/en\/small-projects\/#breadcrumb\",\"itemListElement\":[{\"@type\":\"ListItem\",\"position\":1,\"name\":\"Po\u010detna stranica\",\"item\":\"https:\/\/acfcroatia.hr\/en\/\"},{\"@type\":\"ListItem\",\"position\":2,\"name\":\"Small projects 2022\"}]},{\"@type\":\"WebSite\",\"@id\":\"https:\/\/acfcroatia.hr\/en\/#website\",\"url\":\"https:\/\/acfcroatia.hr\/en\/\",\"name\":\"Program fonda za aktivno gra\u0111anstvo u Hrvatskoj - ACF Hrvatska\",\"description\":\"Gra\u0111ani u akciji za uklju\u010dive zajednice i pravedno dru\u0161tvo\",\"potentialAction\":[{\"@type\":\"SearchAction\",\"target\":{\"@type\":\"EntryPoint\",\"urlTemplate\":\"https:\/\/acfcroatia.hr\/en\/?s={search_term_string}\"},\"query-input\":\"required name=search_term_string\"}],\"inLanguage\":\"en-US\"}]}<\/script>\n<!-- \/ Yoast SEO plugin. -->","yoast_head_json":{"title":"Small projects 2022 - Program fonda za aktivno gra\u0111anstvo u Hrvatskoj - ACF Hrvatska","robots":{"index":"index","follow":"follow","max-snippet":"max-snippet:-1","max-image-preview":"max-image-preview:large","max-video-preview":"max-video-preview:-1"},"canonical":"https:\/\/acfcroatia.hr\/en\/small-projects\/","og_locale":"en_US","og_type":"article","og_title":"Small projects 2022 - Program fonda za aktivno gra\u0111anstvo u Hrvatskoj - ACF Hrvatska","og_description":"Opening date: March 1, 2022 Requested contribution of ACF funding: 5.000 \u20ac \u2013 15.000 \u20ac Available indicative budget for this Call: 315.000 \u20ac Project maximum funding rate: 100 % of eligible expenditure. Project duration: 6-12 months Deadline for submission offull project proposals: May 2, 2022, 12:00 (noon, Croatian time) Each individual applicant can submit only [&hellip;]","og_url":"https:\/\/acfcroatia.hr\/en\/small-projects\/","og_site_name":"Program fonda za aktivno gra\u0111anstvo u Hrvatskoj - ACF Hrvatska","article_modified_time":"2022-03-01T10:07:38+00:00","twitter_card":"summary_large_image","twitter_misc":{"Est. reading time":"2 minutes"},"schema":{"@context":"https:\/\/schema.org","@graph":[{"@type":"WebPage","@id":"https:\/\/acfcroatia.hr\/en\/small-projects\/","url":"https:\/\/acfcroatia.hr\/en\/small-projects\/","name":"Small projects 2022 - Program fonda za aktivno gra\u0111anstvo u Hrvatskoj - ACF Hrvatska","isPartOf":{"@id":"https:\/\/acfcroatia.hr\/en\/#website"},"datePublished":"2020-03-10T12:07:16+00:00","dateModified":"2022-03-01T10:07:38+00:00","breadcrumb":{"@id":"https:\/\/acfcroatia.hr\/en\/small-projects\/#breadcrumb"},"inLanguage":"en-US","potentialAction":[{"@type":"ReadAction","target":["https:\/\/acfcroatia.hr\/en\/small-projects\/"]}]},{"@type":"BreadcrumbList","@id":"https:\/\/acfcroatia.hr\/en\/small-projects\/#breadcrumb","itemListElement":[{"@type":"ListItem","position":1,"name":"Po\u010detna stranica","item":"https:\/\/acfcroatia.hr\/en\/"},{"@type":"ListItem","position":2,"name":"Small projects 2022"}]},{"@type":"WebSite","@id":"https:\/\/acfcroatia.hr\/en\/#website","url":"https:\/\/acfcroatia.hr\/en\/","name":"Program fonda za aktivno gra\u0111anstvo u Hrvatskoj - ACF Hrvatska","description":"Gra\u0111ani u akciji za uklju\u010dive zajednice i pravedno dru\u0161tvo","potentialAction":[{"@type":"SearchAction","target":{"@type":"EntryPoint","urlTemplate":"https:\/\/acfcroatia.hr\/en\/?s={search_term_string}"},"query-input":"required name=search_term_string"}],"inLanguage":"en-US"}]}},"_links":{"self":[{"href":"https:\/\/acfcroatia.hr\/en\/wp-json\/wp\/v2\/pages\/565","targetHints":{"allow":["GET"]}}],"collection":[{"href":"https:\/\/acfcroatia.hr\/en\/wp-json\/wp\/v2\/pages"}],"about":[{"href":"https:\/\/acfcroatia.hr\/en\/wp-json\/wp\/v2\/types\/page"}],"author":[{"embeddable":true,"href":"https:\/\/acfcroatia.hr\/en\/wp-json\/wp\/v2\/users\/3"}],"replies":[{"embeddable":true,"href":"https:\/\/acfcroatia.hr\/en\/wp-json\/wp\/v2\/comments?post=565"}],"version-history":[{"count":7,"href":"https:\/\/acfcroatia.hr\/en\/wp-json\/wp\/v2\/pages\/565\/revisions"}],"predecessor-version":[{"id":3143,"href":"https:\/\/acfcroatia.hr\/en\/wp-json\/wp\/v2\/pages\/565\/revisions\/3143"}],"wp:attachment":[{"href":"https:\/\/acfcroatia.hr\/en\/wp-json\/wp\/v2\/media?parent=565"}],"curies":[{"name":"wp","href":"https:\/\/api.w.org\/{rel}","templated":true}]}}