{"id":561,"date":"2020-03-10T13:05:42","date_gmt":"2020-03-10T12:05:42","guid":{"rendered":"http:\/\/acfcroatia.hr\/?page_id=561"},"modified":"2021-04-13T12:46:07","modified_gmt":"2021-04-13T10:46:07","slug":"sectoral-innovation-projects","status":"publish","type":"page","link":"https:\/\/acfcroatia.hr\/en\/sectoral-innovation-projects\/","title":{"rendered":"Sectoral Innovation Projects"},"content":{"rendered":"\n<p><strong>Opening date:&nbsp;<\/strong>August 24, 2020<\/p>\n\n\n\n<p><strong>Requested contribution of ACF funding:&nbsp;<\/strong>150.000 \u2013 200.000 \u20ac<\/p>\n\n\n\n<p><strong>Available indicative budget:&nbsp;<\/strong>600.000 \u20ac<\/p>\n\n\n\n<p><strong>Project maximum funding rate:<\/strong>&nbsp;100 % of eligible expenditure.<\/p>\n\n\n\n<p><strong>Project duration:<\/strong>&nbsp;36 months<\/p>\n\n\n\n<p><strong>Deadlines for submission of project proposals: two-step application process<\/strong><\/p>\n\n\n\n<p>Deadline for submission of&nbsp;<strong>Concept notes<\/strong>: October 26, 2020, 12:00:00 (noon, Croatian time)<\/p>\n\n\n\n<p>Anticipated deadline for submission of&nbsp;<strong>full project proposals<\/strong>: January 18, 2021, 12:00:00 (noon, Croatian tima), or 1 month after applicants receive invitations to proceed with preparation and submission of full project proposals<\/p>\n\n\n\n<p>Each individual applicant can submit <strong>only one project proposal<\/strong> in this call <strong>as a lead applicant<\/strong>.<\/p>\n\n\n\n<p>Lead applicant can be a partner in another application.<\/p>\n\n\n\n<p>Each organization <strong>can participate in no more than two project proposals<\/strong> <strong>in a partner role.<\/strong><a><\/a><\/p>\n\n\n\n<p><em><strong>The Call for sectoral innovations is designed to strengthen sustainability of Croatian CSOs active in <\/strong>all five-priority areas of the Programme and in respect to country specific priorities, by supporting <strong>sectoral and inter-sector partnerships<\/strong> that respond <strong>to common, structural challenges with innovative sectoral solutions<\/strong>.<\/em><\/p>\n\n\n\n<p><em>Though partnership <strong>(applicant and minimum 3 partner organizations)<\/strong> based, multi-year, strategically oriented action, call for <strong>sectoral Innovation projects will address one or a set of inter-related structural challenges and provide sector-wide solutions<\/strong> that build upon the lessons learned from the past, in an innovative manner that enables long-term improvements that strengthen sustainability of the CSOs.<\/em><\/p>\n\n\n\n<p><strong><em>The expected results of this Call directly contribute to the achievement of the ACF Programme\u2019s Outcome 4 &#8211; Enhanced capacity and sustainability of civil society (organisations and sector).<\/em><\/strong><\/p>\n\n\n\n<p><strong>CALL DOCUMENTATION:<\/strong><\/p>\n\n\n\n<ul class=\"wp-block-list\"><li><a href=\"https:\/\/acfcroatia.hr\/wp-content\/uploads\/2020\/08\/ACF-HR-Call-text-for-sectoral-innovation-projects.pdf\" target=\"_blank\" rel=\"noreferrer noopener\">Call for sectoral innovation projects<\/a> (pdf);<\/li><li><a href=\"https:\/\/acfcroatia.hr\/wp-content\/uploads\/2020\/08\/ACF-HR-Guidelines-for-Sectoral-Innovation-Projects.pdf\" target=\"_blank\" rel=\"noreferrer noopener\">Guidelines for applicants to the call for sectoral innovation projects <\/a>(pdf);<\/li><li><a href=\"https:\/\/acfcroatia.hr\/wp-content\/uploads\/2020\/08\/HR_Izjava-partnera_Sektorski.docx\" target=\"_blank\" rel=\"noreferrer noopener\">Partner\u2019s statement;<\/a><\/li><li><a href=\"https:\/\/acfcroatia.hr\/wp-content\/uploads\/2020\/08\/ACF-HR_Annex-1_Discussion_Paper_Stakeholder_Consultation.pdf\" target=\"_blank\" rel=\"noreferrer noopener\">Annex 1: ACF HR &#8211; Disscussion Paper for Stakeholder Consultations,<\/a><\/li><li><a href=\"http:\/\/Opening date: August 24, 2020 Requested contribution of ACF funding: 150.000 \u2013 200.000 \u20ac Available indicative budget: 600.000 \u20ac Project maximum funding rate: 100 % of eligible expenditure. Project duration: 36 months Deadlines for submission of project proposals: two-step application process Deadline for submission of Concept notes: October 26, 2020, 12:00 (noon, Croatian time) Anticipated deadline for submission of full project proposals: January 18, 2021, 12:00 (noon, Croatian tima), or 1 month after applicants receive invitations to proceed with preparation and submission of full project proposals Each individual applicant can submit only one project proposal in this call as a lead applicant. Lead applicant can be a partner in another application. Each organization can participate in no more than two project proposals in a partner role.  The Call for sectoral innovations is designed to strengthen sustainability of Croatian CSOs active in all five-priority areas of the Programme and in respect to country specific priorities, by supporting sectoral and inter-sector partnerships that respond to common, structural challenges with innovative sectoral solutions.   Though partnership (applicant and minimum 3 partner organizations) based, multi-year, strategically oriented action, call for sectoral Innovation projects will address one or a set of inter-related structural challenges and provide sector-wide solutions that build upon the lessons learned from the past, in an innovative manner that enables long-term improvements that strengthen sustainability of the CSOs.  The expected results of this Call directly contribute to the achievement of the ACF Programme\u2019s Outcome 4 - Enhanced capacity and sustainability of civil society (organisations and sector).   CALL DOCUMENTATION: \u2022\tCall for sectoral innovation projects (pdf); \u2022\tGuidelines for applicants to the call for sectoral innovation projects (pdf); \u2022\tPartner\u2019s statement; \u2022\tAnnex 1: ACF HR - Disscussion Paper for Stakeholder Consultations, \u2022\tAnnex 2: ACF HR - Report from The Stakeholder Consultations   Info workshops for potential applicants: September  04, 2020 - online workshop September 09, 2020 - online workshop\" target=\"_blank\" rel=\"noreferrer noopener\">Annex 2: ACF HR &#8211; Report from The Stakeholder Consultations<\/a><\/li><\/ul>\n\n\n\n<p><strong>Info workshops for potential applicants:<\/strong><\/p>\n\n\n\n<p>September&nbsp; 04, 2020 &#8211; online workshop<\/p>\n\n\n\n<p>September 09, 2020 &#8211; online workshop<\/p>\n\n\n\n<p><a href=\"https:\/\/acfcroatia.hr\/wp-content\/uploads\/2021\/04\/Poziv_3_rezultati_2_krug_web_eng.pdf\" target=\"_blank\" rel=\"noreferrer noopener\"><strong><span class=\"has-inline-color has-vivid-red-color\">RESULTS OF THE SECOND STEP OF THE CALL &#8211; LIST OF SELECTED PROJECTS (February 22, 2021)<\/span><\/strong><\/a><\/p>\n\n\n\n<p><strong><span class=\"has-inline-color has-vivid-red-color\"><a href=\"https:\/\/acfcroatia.hr\/wp-content\/uploads\/2021\/04\/ACF-HR_Call3_ENG_Scoring_web-1.pdf\" target=\"_blank\" rel=\"noreferrer noopener\">RESULTS OF THE FIRST STEP OF THE CALL &#8211; LIST OF SELECTED CONCEPT NOTES (December 18, 2020)<\/a><\/span><\/strong><\/p>\n","protected":false},"excerpt":{"rendered":"<p>Opening date:&nbsp;August 24, 2020 Requested contribution of ACF funding:&nbsp;150.000 \u2013 200.000 \u20ac Available indicative budget:&nbsp;600.000 \u20ac Project maximum funding rate:&nbsp;100 % of eligible expenditure. Project duration:&nbsp;36 months Deadlines for submission of project proposals: two-step application process Deadline for submission of&nbsp;Concept notes: October 26, 2020, 12:00:00 (noon, Croatian time) Anticipated deadline for submission of&nbsp;full project proposals: [&hellip;]<\/p>\n","protected":false},"author":3,"featured_media":0,"parent":0,"menu_order":0,"comment_status":"closed","ping_status":"closed","template":"","meta":{"_acf_changed":false,"footnotes":""},"class_list":["post-561","page","type-page","status-publish","hentry"],"acf":[],"yoast_head":"<!-- This site is optimized with the Yoast SEO plugin v22.2 - https:\/\/yoast.com\/wordpress\/plugins\/seo\/ -->\n<title>Sectoral Innovation Projects - Program fonda za aktivno gra\u0111anstvo u Hrvatskoj - ACF Hrvatska<\/title>\n<meta name=\"robots\" content=\"index, follow, max-snippet:-1, max-image-preview:large, max-video-preview:-1\" \/>\n<link rel=\"canonical\" href=\"https:\/\/acfcroatia.hr\/en\/sectoral-innovation-projects\/\" \/>\n<meta property=\"og:locale\" content=\"en_US\" \/>\n<meta property=\"og:type\" content=\"article\" \/>\n<meta property=\"og:title\" content=\"Sectoral Innovation Projects - Program fonda za aktivno gra\u0111anstvo u Hrvatskoj - ACF Hrvatska\" \/>\n<meta property=\"og:description\" content=\"Opening date:&nbsp;August 24, 2020 Requested contribution of ACF funding:&nbsp;150.000 \u2013 200.000 \u20ac Available indicative budget:&nbsp;600.000 \u20ac Project maximum funding rate:&nbsp;100 % of eligible expenditure. Project duration:&nbsp;36 months Deadlines for submission of project proposals: two-step application process Deadline for submission of&nbsp;Concept notes: October 26, 2020, 12:00:00 (noon, Croatian time) Anticipated deadline for submission of&nbsp;full project proposals: [&hellip;]\" \/>\n<meta property=\"og:url\" content=\"https:\/\/acfcroatia.hr\/en\/sectoral-innovation-projects\/\" \/>\n<meta property=\"og:site_name\" content=\"Program fonda za aktivno gra\u0111anstvo u Hrvatskoj - ACF Hrvatska\" \/>\n<meta property=\"article:modified_time\" content=\"2021-04-13T10:46:07+00:00\" \/>\n<meta name=\"twitter:card\" content=\"summary_large_image\" \/>\n<meta name=\"twitter:label1\" content=\"Est. reading time\" \/>\n\t<meta name=\"twitter:data1\" content=\"2 minutes\" \/>\n<script type=\"application\/ld+json\" class=\"yoast-schema-graph\">{\"@context\":\"https:\/\/schema.org\",\"@graph\":[{\"@type\":\"WebPage\",\"@id\":\"https:\/\/acfcroatia.hr\/en\/sectoral-innovation-projects\/\",\"url\":\"https:\/\/acfcroatia.hr\/en\/sectoral-innovation-projects\/\",\"name\":\"Sectoral Innovation Projects - Program fonda za aktivno gra\u0111anstvo u Hrvatskoj - ACF Hrvatska\",\"isPartOf\":{\"@id\":\"https:\/\/acfcroatia.hr\/en\/#website\"},\"datePublished\":\"2020-03-10T12:05:42+00:00\",\"dateModified\":\"2021-04-13T10:46:07+00:00\",\"breadcrumb\":{\"@id\":\"https:\/\/acfcroatia.hr\/en\/sectoral-innovation-projects\/#breadcrumb\"},\"inLanguage\":\"en-US\",\"potentialAction\":[{\"@type\":\"ReadAction\",\"target\":[\"https:\/\/acfcroatia.hr\/en\/sectoral-innovation-projects\/\"]}]},{\"@type\":\"BreadcrumbList\",\"@id\":\"https:\/\/acfcroatia.hr\/en\/sectoral-innovation-projects\/#breadcrumb\",\"itemListElement\":[{\"@type\":\"ListItem\",\"position\":1,\"name\":\"Po\u010detna stranica\",\"item\":\"https:\/\/acfcroatia.hr\/en\/\"},{\"@type\":\"ListItem\",\"position\":2,\"name\":\"Sectoral Innovation Projects\"}]},{\"@type\":\"WebSite\",\"@id\":\"https:\/\/acfcroatia.hr\/en\/#website\",\"url\":\"https:\/\/acfcroatia.hr\/en\/\",\"name\":\"Program fonda za aktivno gra\u0111anstvo u Hrvatskoj - ACF Hrvatska\",\"description\":\"Gra\u0111ani u akciji za uklju\u010dive zajednice i pravedno dru\u0161tvo\",\"potentialAction\":[{\"@type\":\"SearchAction\",\"target\":{\"@type\":\"EntryPoint\",\"urlTemplate\":\"https:\/\/acfcroatia.hr\/en\/?s={search_term_string}\"},\"query-input\":\"required name=search_term_string\"}],\"inLanguage\":\"en-US\"}]}<\/script>\n<!-- \/ Yoast SEO plugin. -->","yoast_head_json":{"title":"Sectoral Innovation Projects - Program fonda za aktivno gra\u0111anstvo u Hrvatskoj - ACF Hrvatska","robots":{"index":"index","follow":"follow","max-snippet":"max-snippet:-1","max-image-preview":"max-image-preview:large","max-video-preview":"max-video-preview:-1"},"canonical":"https:\/\/acfcroatia.hr\/en\/sectoral-innovation-projects\/","og_locale":"en_US","og_type":"article","og_title":"Sectoral Innovation Projects - Program fonda za aktivno gra\u0111anstvo u Hrvatskoj - ACF Hrvatska","og_description":"Opening date:&nbsp;August 24, 2020 Requested contribution of ACF funding:&nbsp;150.000 \u2013 200.000 \u20ac Available indicative budget:&nbsp;600.000 \u20ac Project maximum funding rate:&nbsp;100 % of eligible expenditure. Project duration:&nbsp;36 months Deadlines for submission of project proposals: two-step application process Deadline for submission of&nbsp;Concept notes: October 26, 2020, 12:00:00 (noon, Croatian time) Anticipated deadline for submission of&nbsp;full project proposals: [&hellip;]","og_url":"https:\/\/acfcroatia.hr\/en\/sectoral-innovation-projects\/","og_site_name":"Program fonda za aktivno gra\u0111anstvo u Hrvatskoj - ACF Hrvatska","article_modified_time":"2021-04-13T10:46:07+00:00","twitter_card":"summary_large_image","twitter_misc":{"Est. reading time":"2 minutes"},"schema":{"@context":"https:\/\/schema.org","@graph":[{"@type":"WebPage","@id":"https:\/\/acfcroatia.hr\/en\/sectoral-innovation-projects\/","url":"https:\/\/acfcroatia.hr\/en\/sectoral-innovation-projects\/","name":"Sectoral Innovation Projects - Program fonda za aktivno gra\u0111anstvo u Hrvatskoj - ACF Hrvatska","isPartOf":{"@id":"https:\/\/acfcroatia.hr\/en\/#website"},"datePublished":"2020-03-10T12:05:42+00:00","dateModified":"2021-04-13T10:46:07+00:00","breadcrumb":{"@id":"https:\/\/acfcroatia.hr\/en\/sectoral-innovation-projects\/#breadcrumb"},"inLanguage":"en-US","potentialAction":[{"@type":"ReadAction","target":["https:\/\/acfcroatia.hr\/en\/sectoral-innovation-projects\/"]}]},{"@type":"BreadcrumbList","@id":"https:\/\/acfcroatia.hr\/en\/sectoral-innovation-projects\/#breadcrumb","itemListElement":[{"@type":"ListItem","position":1,"name":"Po\u010detna stranica","item":"https:\/\/acfcroatia.hr\/en\/"},{"@type":"ListItem","position":2,"name":"Sectoral Innovation Projects"}]},{"@type":"WebSite","@id":"https:\/\/acfcroatia.hr\/en\/#website","url":"https:\/\/acfcroatia.hr\/en\/","name":"Program fonda za aktivno gra\u0111anstvo u Hrvatskoj - ACF Hrvatska","description":"Gra\u0111ani u akciji za uklju\u010dive zajednice i pravedno dru\u0161tvo","potentialAction":[{"@type":"SearchAction","target":{"@type":"EntryPoint","urlTemplate":"https:\/\/acfcroatia.hr\/en\/?s={search_term_string}"},"query-input":"required name=search_term_string"}],"inLanguage":"en-US"}]}},"_links":{"self":[{"href":"https:\/\/acfcroatia.hr\/en\/wp-json\/wp\/v2\/pages\/561","targetHints":{"allow":["GET"]}}],"collection":[{"href":"https:\/\/acfcroatia.hr\/en\/wp-json\/wp\/v2\/pages"}],"about":[{"href":"https:\/\/acfcroatia.hr\/en\/wp-json\/wp\/v2\/types\/page"}],"author":[{"embeddable":true,"href":"https:\/\/acfcroatia.hr\/en\/wp-json\/wp\/v2\/users\/3"}],"replies":[{"embeddable":true,"href":"https:\/\/acfcroatia.hr\/en\/wp-json\/wp\/v2\/comments?post=561"}],"version-history":[{"count":7,"href":"https:\/\/acfcroatia.hr\/en\/wp-json\/wp\/v2\/pages\/561\/revisions"}],"predecessor-version":[{"id":2019,"href":"https:\/\/acfcroatia.hr\/en\/wp-json\/wp\/v2\/pages\/561\/revisions\/2019"}],"wp:attachment":[{"href":"https:\/\/acfcroatia.hr\/en\/wp-json\/wp\/v2\/media?parent=561"}],"curies":[{"name":"wp","href":"https:\/\/api.w.org\/{rel}","templated":true}]}}