{"id":558,"date":"2020-03-10T13:01:53","date_gmt":"2020-03-10T12:01:53","guid":{"rendered":"http:\/\/acfcroatia.hr\/?page_id=558"},"modified":"2022-03-01T12:06:54","modified_gmt":"2022-03-01T11:06:54","slug":"calls-for-proposals","status":"publish","type":"page","link":"https:\/\/acfcroatia.hr\/en\/calls-for-proposals\/","title":{"rendered":"Calls"},"content":{"rendered":"\n<p>Public calls for financial support within Active Citizens Fund in Croatia<\/p>\n\n\n\n<p>Seevn public calls for five types of grants will be available through Active Citizens Fund in Croatia in the period 2020 \u2013 2022.<\/p>\n","protected":false},"excerpt":{"rendered":"<p>Public calls for financial support within Active Citizens Fund in Croatia Seevn public calls for five types of grants will be available through Active Citizens Fund in Croatia in the period 2020 \u2013 2022.<\/p>\n","protected":false},"author":3,"featured_media":0,"parent":0,"menu_order":0,"comment_status":"closed","ping_status":"closed","template":"natjecaji.php","meta":{"_acf_changed":false,"footnotes":""},"class_list":["post-558","page","type-page","status-publish","hentry"],"acf":[],"yoast_head":"<!-- This site is optimized with the Yoast SEO plugin v22.2 - https:\/\/yoast.com\/wordpress\/plugins\/seo\/ -->\n<title>Calls - Program fonda za aktivno gra\u0111anstvo u Hrvatskoj - ACF Hrvatska<\/title>\n<meta name=\"robots\" content=\"index, follow, max-snippet:-1, max-image-preview:large, max-video-preview:-1\" \/>\n<link rel=\"canonical\" href=\"https:\/\/acfcroatia.hr\/en\/calls-for-proposals\/\" \/>\n<meta property=\"og:locale\" content=\"en_US\" \/>\n<meta property=\"og:type\" content=\"article\" \/>\n<meta property=\"og:title\" content=\"Calls - Program fonda za aktivno gra\u0111anstvo u Hrvatskoj - ACF Hrvatska\" \/>\n<meta property=\"og:description\" content=\"Public calls for financial support within Active Citizens Fund in Croatia Seevn public calls for five types of grants will be available through Active Citizens Fund in Croatia in the period 2020 \u2013 2022.\" \/>\n<meta property=\"og:url\" content=\"https:\/\/acfcroatia.hr\/en\/calls-for-proposals\/\" \/>\n<meta property=\"og:site_name\" content=\"Program fonda za aktivno gra\u0111anstvo u Hrvatskoj - ACF Hrvatska\" \/>\n<meta property=\"article:modified_time\" content=\"2022-03-01T11:06:54+00:00\" \/>\n<meta name=\"twitter:card\" content=\"summary_large_image\" \/>\n<meta name=\"twitter:label1\" content=\"Est. reading time\" \/>\n\t<meta name=\"twitter:data1\" content=\"1 minute\" \/>\n<script type=\"application\/ld+json\" class=\"yoast-schema-graph\">{\"@context\":\"https:\/\/schema.org\",\"@graph\":[{\"@type\":\"WebPage\",\"@id\":\"https:\/\/acfcroatia.hr\/en\/calls-for-proposals\/\",\"url\":\"https:\/\/acfcroatia.hr\/en\/calls-for-proposals\/\",\"name\":\"Calls - Program fonda za aktivno gra\u0111anstvo u Hrvatskoj - ACF Hrvatska\",\"isPartOf\":{\"@id\":\"https:\/\/acfcroatia.hr\/en\/#website\"},\"datePublished\":\"2020-03-10T12:01:53+00:00\",\"dateModified\":\"2022-03-01T11:06:54+00:00\",\"breadcrumb\":{\"@id\":\"https:\/\/acfcroatia.hr\/en\/calls-for-proposals\/#breadcrumb\"},\"inLanguage\":\"en-US\",\"potentialAction\":[{\"@type\":\"ReadAction\",\"target\":[\"https:\/\/acfcroatia.hr\/en\/calls-for-proposals\/\"]}]},{\"@type\":\"BreadcrumbList\",\"@id\":\"https:\/\/acfcroatia.hr\/en\/calls-for-proposals\/#breadcrumb\",\"itemListElement\":[{\"@type\":\"ListItem\",\"position\":1,\"name\":\"Po\u010detna stranica\",\"item\":\"https:\/\/acfcroatia.hr\/en\/\"},{\"@type\":\"ListItem\",\"position\":2,\"name\":\"Calls\"}]},{\"@type\":\"WebSite\",\"@id\":\"https:\/\/acfcroatia.hr\/en\/#website\",\"url\":\"https:\/\/acfcroatia.hr\/en\/\",\"name\":\"Program fonda za aktivno gra\u0111anstvo u Hrvatskoj - ACF Hrvatska\",\"description\":\"Gra\u0111ani u akciji za uklju\u010dive zajednice i pravedno dru\u0161tvo\",\"potentialAction\":[{\"@type\":\"SearchAction\",\"target\":{\"@type\":\"EntryPoint\",\"urlTemplate\":\"https:\/\/acfcroatia.hr\/en\/?s={search_term_string}\"},\"query-input\":\"required name=search_term_string\"}],\"inLanguage\":\"en-US\"}]}<\/script>\n<!-- \/ Yoast SEO plugin. -->","yoast_head_json":{"title":"Calls - Program fonda za aktivno gra\u0111anstvo u Hrvatskoj - ACF Hrvatska","robots":{"index":"index","follow":"follow","max-snippet":"max-snippet:-1","max-image-preview":"max-image-preview:large","max-video-preview":"max-video-preview:-1"},"canonical":"https:\/\/acfcroatia.hr\/en\/calls-for-proposals\/","og_locale":"en_US","og_type":"article","og_title":"Calls - Program fonda za aktivno gra\u0111anstvo u Hrvatskoj - ACF Hrvatska","og_description":"Public calls for financial support within Active Citizens Fund in Croatia Seevn public calls for five types of grants will be available through Active Citizens Fund in Croatia in the period 2020 \u2013 2022.","og_url":"https:\/\/acfcroatia.hr\/en\/calls-for-proposals\/","og_site_name":"Program fonda za aktivno gra\u0111anstvo u Hrvatskoj - ACF Hrvatska","article_modified_time":"2022-03-01T11:06:54+00:00","twitter_card":"summary_large_image","twitter_misc":{"Est. reading time":"1 minute"},"schema":{"@context":"https:\/\/schema.org","@graph":[{"@type":"WebPage","@id":"https:\/\/acfcroatia.hr\/en\/calls-for-proposals\/","url":"https:\/\/acfcroatia.hr\/en\/calls-for-proposals\/","name":"Calls - Program fonda za aktivno gra\u0111anstvo u Hrvatskoj - ACF Hrvatska","isPartOf":{"@id":"https:\/\/acfcroatia.hr\/en\/#website"},"datePublished":"2020-03-10T12:01:53+00:00","dateModified":"2022-03-01T11:06:54+00:00","breadcrumb":{"@id":"https:\/\/acfcroatia.hr\/en\/calls-for-proposals\/#breadcrumb"},"inLanguage":"en-US","potentialAction":[{"@type":"ReadAction","target":["https:\/\/acfcroatia.hr\/en\/calls-for-proposals\/"]}]},{"@type":"BreadcrumbList","@id":"https:\/\/acfcroatia.hr\/en\/calls-for-proposals\/#breadcrumb","itemListElement":[{"@type":"ListItem","position":1,"name":"Po\u010detna stranica","item":"https:\/\/acfcroatia.hr\/en\/"},{"@type":"ListItem","position":2,"name":"Calls"}]},{"@type":"WebSite","@id":"https:\/\/acfcroatia.hr\/en\/#website","url":"https:\/\/acfcroatia.hr\/en\/","name":"Program fonda za aktivno gra\u0111anstvo u Hrvatskoj - ACF Hrvatska","description":"Gra\u0111ani u akciji za uklju\u010dive zajednice i pravedno dru\u0161tvo","potentialAction":[{"@type":"SearchAction","target":{"@type":"EntryPoint","urlTemplate":"https:\/\/acfcroatia.hr\/en\/?s={search_term_string}"},"query-input":"required name=search_term_string"}],"inLanguage":"en-US"}]}},"_links":{"self":[{"href":"https:\/\/acfcroatia.hr\/en\/wp-json\/wp\/v2\/pages\/558","targetHints":{"allow":["GET"]}}],"collection":[{"href":"https:\/\/acfcroatia.hr\/en\/wp-json\/wp\/v2\/pages"}],"about":[{"href":"https:\/\/acfcroatia.hr\/en\/wp-json\/wp\/v2\/types\/page"}],"author":[{"embeddable":true,"href":"https:\/\/acfcroatia.hr\/en\/wp-json\/wp\/v2\/users\/3"}],"replies":[{"embeddable":true,"href":"https:\/\/acfcroatia.hr\/en\/wp-json\/wp\/v2\/comments?post=558"}],"version-history":[{"count":7,"href":"https:\/\/acfcroatia.hr\/en\/wp-json\/wp\/v2\/pages\/558\/revisions"}],"predecessor-version":[{"id":3171,"href":"https:\/\/acfcroatia.hr\/en\/wp-json\/wp\/v2\/pages\/558\/revisions\/3171"}],"wp:attachment":[{"href":"https:\/\/acfcroatia.hr\/en\/wp-json\/wp\/v2\/media?parent=558"}],"curies":[{"name":"wp","href":"https:\/\/api.w.org\/{rel}","templated":true}]}}