{"id":546,"date":"2020-03-10T11:03:08","date_gmt":"2020-03-10T10:03:08","guid":{"rendered":"http:\/\/acfcroatia.hr\/?page_id=546"},"modified":"2020-03-10T12:44:07","modified_gmt":"2020-03-10T11:44:07","slug":"support-to-project-promotors","status":"publish","type":"page","link":"https:\/\/acfcroatia.hr\/en\/support-to-applicants-and-project-promotors\/support-to-project-promotors\/","title":{"rendered":"Support to Project Promotors"},"content":{"rendered":"\n<figure class=\"wp-block-image size-large is-resized\"><img loading=\"lazy\" decoding=\"async\" src=\"http:\/\/acfcroatia.hr\/wp-content\/uploads\/2020\/03\/gear.jpg\" alt=\"\" class=\"wp-image-271\" width=\"143\" height=\"133\"\/><\/figure>\n\n\n\n<p><strong>Training workshops for project promotors<\/strong><\/p>\n\n\n\n<p>This\nsupport will only be available to organisations awarded financial support\nthrough the Active Citizens Fund, implementing Small, Medium and Large Projects\nand Sectoral Innovation Support Projects. Workshop topics will be diverse with\nlearning outcomes that will contribute to more successful project\nimplementation, regarding quality of the implemented program and financial\naspect of projects. During the public call, there will be workshops on advocacy,\nproject and financial management, reporting, organizational development and\norganization capacity assessment, developing communication plan, organisational\nplanning and acquiring tools to increase visibility and measure the impact of your\nwork in the community. Lead organisation and project partners (if any) will\nalso have an opportunity, based on their needs to participate and strengthen\ntheir capacities through the modular Leadership Training Program.<\/p>\n\n\n\n<p>All\nannouncements and ways to apply for training workshops will be published in a\ntimely manner.<\/p>\n\n\n\n<p><strong>Mentoring support for project promoters<\/strong><\/p>\n\n\n\n<p>Mentoring\nsupport will be provided to project promoters in the areas of organisational\ndevelopment, community mobilization and advocacy. Mentoring will take place\nthrough the process of knowledge sharing with examples of good practice.\nMentoring support will be available to all beneficiaries of the ACF and partner\norganizations (if any) who are implementing Ad-hoc action projects as well as\nSmall and Medium projects.<\/p>\n\n\n\n<p>All\nannouncements and ways to apply for mentoring support will be published in a\ntimely manner.<\/p>\n","protected":false},"excerpt":{"rendered":"<p>Training workshops for project promotors This support will only be available to organisations awarded financial support through the Active Citizens Fund, implementing Small, Medium and Large Projects and Sectoral Innovation Support Projects. Workshop topics will be diverse with learning outcomes that will contribute to more successful project implementation, regarding quality of the implemented program and [&hellip;]<\/p>\n","protected":false},"author":2,"featured_media":0,"parent":542,"menu_order":0,"comment_status":"closed","ping_status":"closed","template":"","meta":{"_acf_changed":false,"footnotes":""},"class_list":["post-546","page","type-page","status-publish","hentry"],"acf":[],"yoast_head":"<!-- This site is optimized with the Yoast SEO plugin v22.2 - https:\/\/yoast.com\/wordpress\/plugins\/seo\/ -->\n<title>Support to Project Promotors - Program fonda za aktivno gra\u0111anstvo u Hrvatskoj - ACF Hrvatska<\/title>\n<meta name=\"robots\" content=\"index, follow, max-snippet:-1, max-image-preview:large, max-video-preview:-1\" \/>\n<link rel=\"canonical\" href=\"https:\/\/acfcroatia.hr\/en\/support-to-applicants-and-project-promotors\/support-to-project-promotors\/\" \/>\n<meta property=\"og:locale\" content=\"en_US\" \/>\n<meta property=\"og:type\" content=\"article\" \/>\n<meta property=\"og:title\" content=\"Support to Project Promotors - Program fonda za aktivno gra\u0111anstvo u Hrvatskoj - ACF Hrvatska\" \/>\n<meta property=\"og:description\" content=\"Training workshops for project promotors This support will only be available to organisations awarded financial support through the Active Citizens Fund, implementing Small, Medium and Large Projects and Sectoral Innovation Support Projects. Workshop topics will be diverse with learning outcomes that will contribute to more successful project implementation, regarding quality of the implemented program and [&hellip;]\" \/>\n<meta property=\"og:url\" content=\"https:\/\/acfcroatia.hr\/en\/support-to-applicants-and-project-promotors\/support-to-project-promotors\/\" \/>\n<meta property=\"og:site_name\" content=\"Program fonda za aktivno gra\u0111anstvo u Hrvatskoj - ACF Hrvatska\" \/>\n<meta property=\"article:modified_time\" content=\"2020-03-10T11:44:07+00:00\" \/>\n<meta property=\"og:image\" content=\"http:\/\/acfcroatia.hr\/wp-content\/uploads\/2020\/03\/gear.jpg\" \/>\n<meta name=\"twitter:card\" content=\"summary_large_image\" \/>\n<meta name=\"twitter:label1\" content=\"Est. reading time\" \/>\n\t<meta name=\"twitter:data1\" content=\"1 minute\" \/>\n<script type=\"application\/ld+json\" class=\"yoast-schema-graph\">{\"@context\":\"https:\/\/schema.org\",\"@graph\":[{\"@type\":\"WebPage\",\"@id\":\"https:\/\/acfcroatia.hr\/en\/support-to-applicants-and-project-promotors\/support-to-project-promotors\/\",\"url\":\"https:\/\/acfcroatia.hr\/en\/support-to-applicants-and-project-promotors\/support-to-project-promotors\/\",\"name\":\"Support to Project Promotors - Program fonda za aktivno gra\u0111anstvo u Hrvatskoj - ACF Hrvatska\",\"isPartOf\":{\"@id\":\"https:\/\/acfcroatia.hr\/en\/#website\"},\"primaryImageOfPage\":{\"@id\":\"https:\/\/acfcroatia.hr\/en\/support-to-applicants-and-project-promotors\/support-to-project-promotors\/#primaryimage\"},\"image\":{\"@id\":\"https:\/\/acfcroatia.hr\/en\/support-to-applicants-and-project-promotors\/support-to-project-promotors\/#primaryimage\"},\"thumbnailUrl\":\"http:\/\/acfcroatia.hr\/wp-content\/uploads\/2020\/03\/gear.jpg\",\"datePublished\":\"2020-03-10T10:03:08+00:00\",\"dateModified\":\"2020-03-10T11:44:07+00:00\",\"breadcrumb\":{\"@id\":\"https:\/\/acfcroatia.hr\/en\/support-to-applicants-and-project-promotors\/support-to-project-promotors\/#breadcrumb\"},\"inLanguage\":\"en-US\",\"potentialAction\":[{\"@type\":\"ReadAction\",\"target\":[\"https:\/\/acfcroatia.hr\/en\/support-to-applicants-and-project-promotors\/support-to-project-promotors\/\"]}]},{\"@type\":\"ImageObject\",\"inLanguage\":\"en-US\",\"@id\":\"https:\/\/acfcroatia.hr\/en\/support-to-applicants-and-project-promotors\/support-to-project-promotors\/#primaryimage\",\"url\":\"https:\/\/acfcroatia.hr\/wp-content\/uploads\/2020\/03\/gear.jpg\",\"contentUrl\":\"https:\/\/acfcroatia.hr\/wp-content\/uploads\/2020\/03\/gear.jpg\",\"width\":233,\"height\":216},{\"@type\":\"BreadcrumbList\",\"@id\":\"https:\/\/acfcroatia.hr\/en\/support-to-applicants-and-project-promotors\/support-to-project-promotors\/#breadcrumb\",\"itemListElement\":[{\"@type\":\"ListItem\",\"position\":1,\"name\":\"Po\u010detna stranica\",\"item\":\"https:\/\/acfcroatia.hr\/en\/\"},{\"@type\":\"ListItem\",\"position\":2,\"name\":\"Support to applicants and project promotors\",\"item\":\"https:\/\/acfcroatia.hr\/en\/podrska\/\"},{\"@type\":\"ListItem\",\"position\":3,\"name\":\"Support to Project Promotors\"}]},{\"@type\":\"WebSite\",\"@id\":\"https:\/\/acfcroatia.hr\/en\/#website\",\"url\":\"https:\/\/acfcroatia.hr\/en\/\",\"name\":\"Program fonda za aktivno gra\u0111anstvo u Hrvatskoj - ACF Hrvatska\",\"description\":\"Gra\u0111ani u akciji za uklju\u010dive zajednice i pravedno dru\u0161tvo\",\"potentialAction\":[{\"@type\":\"SearchAction\",\"target\":{\"@type\":\"EntryPoint\",\"urlTemplate\":\"https:\/\/acfcroatia.hr\/en\/?s={search_term_string}\"},\"query-input\":\"required name=search_term_string\"}],\"inLanguage\":\"en-US\"}]}<\/script>\n<!-- \/ Yoast SEO plugin. -->","yoast_head_json":{"title":"Support to Project Promotors - Program fonda za aktivno gra\u0111anstvo u Hrvatskoj - ACF Hrvatska","robots":{"index":"index","follow":"follow","max-snippet":"max-snippet:-1","max-image-preview":"max-image-preview:large","max-video-preview":"max-video-preview:-1"},"canonical":"https:\/\/acfcroatia.hr\/en\/support-to-applicants-and-project-promotors\/support-to-project-promotors\/","og_locale":"en_US","og_type":"article","og_title":"Support to Project Promotors - Program fonda za aktivno gra\u0111anstvo u Hrvatskoj - ACF Hrvatska","og_description":"Training workshops for project promotors This support will only be available to organisations awarded financial support through the Active Citizens Fund, implementing Small, Medium and Large Projects and Sectoral Innovation Support Projects. Workshop topics will be diverse with learning outcomes that will contribute to more successful project implementation, regarding quality of the implemented program and [&hellip;]","og_url":"https:\/\/acfcroatia.hr\/en\/support-to-applicants-and-project-promotors\/support-to-project-promotors\/","og_site_name":"Program fonda za aktivno gra\u0111anstvo u Hrvatskoj - ACF Hrvatska","article_modified_time":"2020-03-10T11:44:07+00:00","og_image":[{"url":"http:\/\/acfcroatia.hr\/wp-content\/uploads\/2020\/03\/gear.jpg"}],"twitter_card":"summary_large_image","twitter_misc":{"Est. reading time":"1 minute"},"schema":{"@context":"https:\/\/schema.org","@graph":[{"@type":"WebPage","@id":"https:\/\/acfcroatia.hr\/en\/support-to-applicants-and-project-promotors\/support-to-project-promotors\/","url":"https:\/\/acfcroatia.hr\/en\/support-to-applicants-and-project-promotors\/support-to-project-promotors\/","name":"Support to Project Promotors - Program fonda za aktivno gra\u0111anstvo u Hrvatskoj - ACF Hrvatska","isPartOf":{"@id":"https:\/\/acfcroatia.hr\/en\/#website"},"primaryImageOfPage":{"@id":"https:\/\/acfcroatia.hr\/en\/support-to-applicants-and-project-promotors\/support-to-project-promotors\/#primaryimage"},"image":{"@id":"https:\/\/acfcroatia.hr\/en\/support-to-applicants-and-project-promotors\/support-to-project-promotors\/#primaryimage"},"thumbnailUrl":"http:\/\/acfcroatia.hr\/wp-content\/uploads\/2020\/03\/gear.jpg","datePublished":"2020-03-10T10:03:08+00:00","dateModified":"2020-03-10T11:44:07+00:00","breadcrumb":{"@id":"https:\/\/acfcroatia.hr\/en\/support-to-applicants-and-project-promotors\/support-to-project-promotors\/#breadcrumb"},"inLanguage":"en-US","potentialAction":[{"@type":"ReadAction","target":["https:\/\/acfcroatia.hr\/en\/support-to-applicants-and-project-promotors\/support-to-project-promotors\/"]}]},{"@type":"ImageObject","inLanguage":"en-US","@id":"https:\/\/acfcroatia.hr\/en\/support-to-applicants-and-project-promotors\/support-to-project-promotors\/#primaryimage","url":"https:\/\/acfcroatia.hr\/wp-content\/uploads\/2020\/03\/gear.jpg","contentUrl":"https:\/\/acfcroatia.hr\/wp-content\/uploads\/2020\/03\/gear.jpg","width":233,"height":216},{"@type":"BreadcrumbList","@id":"https:\/\/acfcroatia.hr\/en\/support-to-applicants-and-project-promotors\/support-to-project-promotors\/#breadcrumb","itemListElement":[{"@type":"ListItem","position":1,"name":"Po\u010detna stranica","item":"https:\/\/acfcroatia.hr\/en\/"},{"@type":"ListItem","position":2,"name":"Support to applicants and project promotors","item":"https:\/\/acfcroatia.hr\/en\/podrska\/"},{"@type":"ListItem","position":3,"name":"Support to Project Promotors"}]},{"@type":"WebSite","@id":"https:\/\/acfcroatia.hr\/en\/#website","url":"https:\/\/acfcroatia.hr\/en\/","name":"Program fonda za aktivno gra\u0111anstvo u Hrvatskoj - ACF Hrvatska","description":"Gra\u0111ani u akciji za uklju\u010dive zajednice i pravedno dru\u0161tvo","potentialAction":[{"@type":"SearchAction","target":{"@type":"EntryPoint","urlTemplate":"https:\/\/acfcroatia.hr\/en\/?s={search_term_string}"},"query-input":"required name=search_term_string"}],"inLanguage":"en-US"}]}},"_links":{"self":[{"href":"https:\/\/acfcroatia.hr\/en\/wp-json\/wp\/v2\/pages\/546","targetHints":{"allow":["GET"]}}],"collection":[{"href":"https:\/\/acfcroatia.hr\/en\/wp-json\/wp\/v2\/pages"}],"about":[{"href":"https:\/\/acfcroatia.hr\/en\/wp-json\/wp\/v2\/types\/page"}],"author":[{"embeddable":true,"href":"https:\/\/acfcroatia.hr\/en\/wp-json\/wp\/v2\/users\/2"}],"replies":[{"embeddable":true,"href":"https:\/\/acfcroatia.hr\/en\/wp-json\/wp\/v2\/comments?post=546"}],"version-history":[{"count":2,"href":"https:\/\/acfcroatia.hr\/en\/wp-json\/wp\/v2\/pages\/546\/revisions"}],"predecessor-version":[{"id":557,"href":"https:\/\/acfcroatia.hr\/en\/wp-json\/wp\/v2\/pages\/546\/revisions\/557"}],"up":[{"embeddable":true,"href":"https:\/\/acfcroatia.hr\/en\/wp-json\/wp\/v2\/pages\/542"}],"wp:attachment":[{"href":"https:\/\/acfcroatia.hr\/en\/wp-json\/wp\/v2\/media?parent=546"}],"curies":[{"name":"wp","href":"https:\/\/api.w.org\/{rel}","templated":true}]}}