{"id":544,"date":"2020-03-10T11:02:00","date_gmt":"2020-03-10T10:02:00","guid":{"rendered":"http:\/\/acfcroatia.hr\/?page_id=544"},"modified":"2021-10-22T10:02:52","modified_gmt":"2021-10-22T08:02:52","slug":"support-to-applicants","status":"publish","type":"page","link":"https:\/\/acfcroatia.hr\/en\/support-to-applicants-and-project-promotors\/support-to-applicants\/","title":{"rendered":"Support to Applicants"},"content":{"rendered":"\n<figure class=\"wp-block-image size-large is-resized\"><img loading=\"lazy\" decoding=\"async\" src=\"https:\/\/acfcroatia.hr\/wp-content\/uploads\/2020\/03\/road-signs-1_small.jpg\" alt=\"\" class=\"wp-image-269\" width=\"99\" height=\"120\" srcset=\"https:\/\/acfcroatia.hr\/wp-content\/uploads\/2020\/03\/road-signs-1_small.jpg 283w, https:\/\/acfcroatia.hr\/wp-content\/uploads\/2020\/03\/road-signs-1_small-248x300.jpg 248w\" sizes=\"auto, (max-width: 99px) 100vw, 99px\" \/><\/figure>\n\n\n\n<p><strong>Consultations<\/strong><\/p>\n\n\n\n<p>All interested applicants have the continuous opportunity to receive advice during the whole 4 years of Programme implementation. We will help you better understand each call and its objectives, discuss, understand and upgrade your project ideas, think about your project partners, and work with you to understand the overall application process and resolve any dilemma you may have while planning and writing your application.<\/p>\n\n\n\n<p>Consultations\nrelated to each call for project proposals and project preparation are\navailable from the date of publication of the call up to 7 days before the\ndeadline for submission of applications (including the seventh day). The\nfollowing are the contacts of Fund operator organizations closest to you, you\nare free to contact.<\/p>\n\n\n\n<p>Contacts of\norganizations:<\/p>\n\n\n\n<p class=\"has-cyan-bluish-gray-background-color has-background\"><strong>Community Foundation Slagalica<\/strong> \u2013 Lorenza J\u00e4gera 20, 31000 Osijek, Hrvatska<\/p>\n\n\n\n<p class=\"has-cyan-bluish-gray-background-color has-background\">Contact person: Jelena-Gordana Zloi\u0107, <a href=\"mailto:podrska@acfcroatia.hr\" target=\"_blank\" rel=\"noreferrer noopener\" aria-label=\"podrska@acfcroatia.hr (otvara se u novoj kartici)\">podrska@acfcroatia.hr<\/a> +385 31 213 255<\/p>\n\n\n\n<p class=\"has-cyan-bluish-gray-background-color has-background\"><strong>SOLIDARNA Foundation \u2013<\/strong> Trg kralja P. Kre\u0161imira IV 2, 10000 Zagreb, Hrvatska<\/p>\n\n\n\n<p class=\"has-cyan-bluish-gray-background-color has-background\"><a href=\"mailto:adhoc.podrska@acfcroatia.hr\" target=\"_blank\" rel=\"noreferrer noopener\">adhoc.podrska@acfcroatia.hr<\/a>, +385 1 5544 722<\/p>\n\n\n\n<p class=\"has-cyan-bluish-gray-background-color has-background\"><strong>Association for civil society development SMART<\/strong> &#8211; Bla\u017ea Poli\u0107a 2\/4, 51000 Rijeka,\nCroatia<\/p>\n\n\n\n<p class=\"has-cyan-bluish-gray-background-color has-background\"><a href=\"mailto:smart@smart.hr\">smart@smart.hr<\/a>, +385 51 332 750<\/p>\n\n\n\n<p><strong>Information workshops<\/strong><\/p>\n\n\n\n<p>Information workshops will be available to all potential project applicants after the announcement of each call. The workshops will be places to discuss primarily the objectives of the Programme, the eligible activities, the partners and the entire tender procedure. The information workshops will be a space for exchanging ideas on how projects can achieve the objectives of the opened called. Information workshops will be held in different geographical areas in the Republic of Croatia.<\/p>\n\n\n\n<p>All\nannouncements and calls for information workshops will be published in a timely\nmanner. In addition to this page, you can also follow the announcements on the\nFund&#8217;s Facebook page.<\/p>\n\n\n\n<p>Before each\nworkshop, please read the tender documentation carefully so that you can\nparticipate as constructively as possible and to your advantage regarding the\nquestions you may have. Please note that workshop is not intended solely for\nthe basic presentation of the terms and conditions of the Call, but for a\nthorough presentation of the objectives and planned results of the call.<\/p>\n\n\n\n<p><strong>Educational workshops for project applicants<\/strong><\/p>\n\n\n\n<p>This\nsupport will be available to potential project applicants. At the workshops,\nall participants will have the opportunity to verify that the project idea is\nin line with the objectives and activities of the call, the expected results of\nthe project implementation and form successful partnerships in the community.\nWorkshops will be conducted for all calls in different geographical areas in\nthe Republic of Croatia. Planning workshops, project proposal writing and\nbudgeting will be organized for tenders for small and medium-sized projects in\ndifferent geographical areas of the Republic of Croatia.<\/p>\n\n\n\n<p>All\nannouncements and the way you may apply for training workshops will be\npublished in a timely manner. You can also follow the announcements on the\nFund&#8217;s Facebook page.<\/p>\n","protected":false},"excerpt":{"rendered":"<p>Consultations All interested applicants have the continuous opportunity to receive advice during the whole 4 years of Programme implementation. We will help you better understand each call and its objectives, discuss, understand and upgrade your project ideas, think about your project partners, and work with you to understand the overall application process and resolve any [&hellip;]<\/p>\n","protected":false},"author":2,"featured_media":0,"parent":542,"menu_order":0,"comment_status":"closed","ping_status":"closed","template":"","meta":{"_acf_changed":false,"footnotes":""},"class_list":["post-544","page","type-page","status-publish","hentry"],"acf":[],"yoast_head":"<!-- This site is optimized with the Yoast SEO plugin v22.2 - https:\/\/yoast.com\/wordpress\/plugins\/seo\/ -->\n<title>Support to Applicants - Program fonda za aktivno gra\u0111anstvo u Hrvatskoj - ACF Hrvatska<\/title>\n<meta name=\"robots\" content=\"index, follow, max-snippet:-1, max-image-preview:large, max-video-preview:-1\" \/>\n<link rel=\"canonical\" href=\"https:\/\/acfcroatia.hr\/en\/support-to-applicants-and-project-promotors\/support-to-applicants\/\" \/>\n<meta property=\"og:locale\" content=\"en_US\" \/>\n<meta property=\"og:type\" content=\"article\" \/>\n<meta property=\"og:title\" content=\"Support to Applicants - Program fonda za aktivno gra\u0111anstvo u Hrvatskoj - ACF Hrvatska\" \/>\n<meta property=\"og:description\" content=\"Consultations All interested applicants have the continuous opportunity to receive advice during the whole 4 years of Programme implementation. We will help you better understand each call and its objectives, discuss, understand and upgrade your project ideas, think about your project partners, and work with you to understand the overall application process and resolve any [&hellip;]\" \/>\n<meta property=\"og:url\" content=\"https:\/\/acfcroatia.hr\/en\/support-to-applicants-and-project-promotors\/support-to-applicants\/\" \/>\n<meta property=\"og:site_name\" content=\"Program fonda za aktivno gra\u0111anstvo u Hrvatskoj - ACF Hrvatska\" \/>\n<meta property=\"article:modified_time\" content=\"2021-10-22T08:02:52+00:00\" \/>\n<meta property=\"og:image\" content=\"https:\/\/acfcroatia.hr\/wp-content\/uploads\/2020\/03\/road-signs-1_small.jpg\" \/>\n<meta name=\"twitter:card\" content=\"summary_large_image\" \/>\n<meta name=\"twitter:label1\" content=\"Est. reading time\" \/>\n\t<meta name=\"twitter:data1\" content=\"3 minutes\" \/>\n<script type=\"application\/ld+json\" class=\"yoast-schema-graph\">{\"@context\":\"https:\/\/schema.org\",\"@graph\":[{\"@type\":\"WebPage\",\"@id\":\"https:\/\/acfcroatia.hr\/en\/support-to-applicants-and-project-promotors\/support-to-applicants\/\",\"url\":\"https:\/\/acfcroatia.hr\/en\/support-to-applicants-and-project-promotors\/support-to-applicants\/\",\"name\":\"Support to Applicants - Program fonda za aktivno gra\u0111anstvo u Hrvatskoj - ACF Hrvatska\",\"isPartOf\":{\"@id\":\"https:\/\/acfcroatia.hr\/en\/#website\"},\"primaryImageOfPage\":{\"@id\":\"https:\/\/acfcroatia.hr\/en\/support-to-applicants-and-project-promotors\/support-to-applicants\/#primaryimage\"},\"image\":{\"@id\":\"https:\/\/acfcroatia.hr\/en\/support-to-applicants-and-project-promotors\/support-to-applicants\/#primaryimage\"},\"thumbnailUrl\":\"https:\/\/acfcroatia.hr\/wp-content\/uploads\/2020\/03\/road-signs-1_small.jpg\",\"datePublished\":\"2020-03-10T10:02:00+00:00\",\"dateModified\":\"2021-10-22T08:02:52+00:00\",\"breadcrumb\":{\"@id\":\"https:\/\/acfcroatia.hr\/en\/support-to-applicants-and-project-promotors\/support-to-applicants\/#breadcrumb\"},\"inLanguage\":\"en-US\",\"potentialAction\":[{\"@type\":\"ReadAction\",\"target\":[\"https:\/\/acfcroatia.hr\/en\/support-to-applicants-and-project-promotors\/support-to-applicants\/\"]}]},{\"@type\":\"ImageObject\",\"inLanguage\":\"en-US\",\"@id\":\"https:\/\/acfcroatia.hr\/en\/support-to-applicants-and-project-promotors\/support-to-applicants\/#primaryimage\",\"url\":\"https:\/\/acfcroatia.hr\/wp-content\/uploads\/2020\/03\/road-signs-1_small.jpg\",\"contentUrl\":\"https:\/\/acfcroatia.hr\/wp-content\/uploads\/2020\/03\/road-signs-1_small.jpg\"},{\"@type\":\"BreadcrumbList\",\"@id\":\"https:\/\/acfcroatia.hr\/en\/support-to-applicants-and-project-promotors\/support-to-applicants\/#breadcrumb\",\"itemListElement\":[{\"@type\":\"ListItem\",\"position\":1,\"name\":\"Po\u010detna stranica\",\"item\":\"https:\/\/acfcroatia.hr\/en\/\"},{\"@type\":\"ListItem\",\"position\":2,\"name\":\"Support to applicants and project promotors\",\"item\":\"https:\/\/acfcroatia.hr\/en\/podrska\/\"},{\"@type\":\"ListItem\",\"position\":3,\"name\":\"Support to Applicants\"}]},{\"@type\":\"WebSite\",\"@id\":\"https:\/\/acfcroatia.hr\/en\/#website\",\"url\":\"https:\/\/acfcroatia.hr\/en\/\",\"name\":\"Program fonda za aktivno gra\u0111anstvo u Hrvatskoj - ACF Hrvatska\",\"description\":\"Gra\u0111ani u akciji za uklju\u010dive zajednice i pravedno dru\u0161tvo\",\"potentialAction\":[{\"@type\":\"SearchAction\",\"target\":{\"@type\":\"EntryPoint\",\"urlTemplate\":\"https:\/\/acfcroatia.hr\/en\/?s={search_term_string}\"},\"query-input\":\"required name=search_term_string\"}],\"inLanguage\":\"en-US\"}]}<\/script>\n<!-- \/ Yoast SEO plugin. -->","yoast_head_json":{"title":"Support to Applicants - Program fonda za aktivno gra\u0111anstvo u Hrvatskoj - ACF Hrvatska","robots":{"index":"index","follow":"follow","max-snippet":"max-snippet:-1","max-image-preview":"max-image-preview:large","max-video-preview":"max-video-preview:-1"},"canonical":"https:\/\/acfcroatia.hr\/en\/support-to-applicants-and-project-promotors\/support-to-applicants\/","og_locale":"en_US","og_type":"article","og_title":"Support to Applicants - Program fonda za aktivno gra\u0111anstvo u Hrvatskoj - ACF Hrvatska","og_description":"Consultations All interested applicants have the continuous opportunity to receive advice during the whole 4 years of Programme implementation. We will help you better understand each call and its objectives, discuss, understand and upgrade your project ideas, think about your project partners, and work with you to understand the overall application process and resolve any [&hellip;]","og_url":"https:\/\/acfcroatia.hr\/en\/support-to-applicants-and-project-promotors\/support-to-applicants\/","og_site_name":"Program fonda za aktivno gra\u0111anstvo u Hrvatskoj - ACF Hrvatska","article_modified_time":"2021-10-22T08:02:52+00:00","og_image":[{"url":"https:\/\/acfcroatia.hr\/wp-content\/uploads\/2020\/03\/road-signs-1_small.jpg"}],"twitter_card":"summary_large_image","twitter_misc":{"Est. reading time":"3 minutes"},"schema":{"@context":"https:\/\/schema.org","@graph":[{"@type":"WebPage","@id":"https:\/\/acfcroatia.hr\/en\/support-to-applicants-and-project-promotors\/support-to-applicants\/","url":"https:\/\/acfcroatia.hr\/en\/support-to-applicants-and-project-promotors\/support-to-applicants\/","name":"Support to Applicants - Program fonda za aktivno gra\u0111anstvo u Hrvatskoj - ACF Hrvatska","isPartOf":{"@id":"https:\/\/acfcroatia.hr\/en\/#website"},"primaryImageOfPage":{"@id":"https:\/\/acfcroatia.hr\/en\/support-to-applicants-and-project-promotors\/support-to-applicants\/#primaryimage"},"image":{"@id":"https:\/\/acfcroatia.hr\/en\/support-to-applicants-and-project-promotors\/support-to-applicants\/#primaryimage"},"thumbnailUrl":"https:\/\/acfcroatia.hr\/wp-content\/uploads\/2020\/03\/road-signs-1_small.jpg","datePublished":"2020-03-10T10:02:00+00:00","dateModified":"2021-10-22T08:02:52+00:00","breadcrumb":{"@id":"https:\/\/acfcroatia.hr\/en\/support-to-applicants-and-project-promotors\/support-to-applicants\/#breadcrumb"},"inLanguage":"en-US","potentialAction":[{"@type":"ReadAction","target":["https:\/\/acfcroatia.hr\/en\/support-to-applicants-and-project-promotors\/support-to-applicants\/"]}]},{"@type":"ImageObject","inLanguage":"en-US","@id":"https:\/\/acfcroatia.hr\/en\/support-to-applicants-and-project-promotors\/support-to-applicants\/#primaryimage","url":"https:\/\/acfcroatia.hr\/wp-content\/uploads\/2020\/03\/road-signs-1_small.jpg","contentUrl":"https:\/\/acfcroatia.hr\/wp-content\/uploads\/2020\/03\/road-signs-1_small.jpg"},{"@type":"BreadcrumbList","@id":"https:\/\/acfcroatia.hr\/en\/support-to-applicants-and-project-promotors\/support-to-applicants\/#breadcrumb","itemListElement":[{"@type":"ListItem","position":1,"name":"Po\u010detna stranica","item":"https:\/\/acfcroatia.hr\/en\/"},{"@type":"ListItem","position":2,"name":"Support to applicants and project promotors","item":"https:\/\/acfcroatia.hr\/en\/podrska\/"},{"@type":"ListItem","position":3,"name":"Support to Applicants"}]},{"@type":"WebSite","@id":"https:\/\/acfcroatia.hr\/en\/#website","url":"https:\/\/acfcroatia.hr\/en\/","name":"Program fonda za aktivno gra\u0111anstvo u Hrvatskoj - ACF Hrvatska","description":"Gra\u0111ani u akciji za uklju\u010dive zajednice i pravedno dru\u0161tvo","potentialAction":[{"@type":"SearchAction","target":{"@type":"EntryPoint","urlTemplate":"https:\/\/acfcroatia.hr\/en\/?s={search_term_string}"},"query-input":"required name=search_term_string"}],"inLanguage":"en-US"}]}},"_links":{"self":[{"href":"https:\/\/acfcroatia.hr\/en\/wp-json\/wp\/v2\/pages\/544","targetHints":{"allow":["GET"]}}],"collection":[{"href":"https:\/\/acfcroatia.hr\/en\/wp-json\/wp\/v2\/pages"}],"about":[{"href":"https:\/\/acfcroatia.hr\/en\/wp-json\/wp\/v2\/types\/page"}],"author":[{"embeddable":true,"href":"https:\/\/acfcroatia.hr\/en\/wp-json\/wp\/v2\/users\/2"}],"replies":[{"embeddable":true,"href":"https:\/\/acfcroatia.hr\/en\/wp-json\/wp\/v2\/comments?post=544"}],"version-history":[{"count":5,"href":"https:\/\/acfcroatia.hr\/en\/wp-json\/wp\/v2\/pages\/544\/revisions"}],"predecessor-version":[{"id":2770,"href":"https:\/\/acfcroatia.hr\/en\/wp-json\/wp\/v2\/pages\/544\/revisions\/2770"}],"up":[{"embeddable":true,"href":"https:\/\/acfcroatia.hr\/en\/wp-json\/wp\/v2\/pages\/542"}],"wp:attachment":[{"href":"https:\/\/acfcroatia.hr\/en\/wp-json\/wp\/v2\/media?parent=544"}],"curies":[{"name":"wp","href":"https:\/\/api.w.org\/{rel}","templated":true}]}}