{"id":542,"date":"2020-03-10T10:58:06","date_gmt":"2020-03-10T09:58:06","guid":{"rendered":"http:\/\/acfcroatia.hr\/?page_id=542"},"modified":"2020-03-10T12:40:58","modified_gmt":"2020-03-10T11:40:58","slug":"support-to-applicants-and-project-promotors","status":"publish","type":"page","link":"https:\/\/acfcroatia.hr\/en\/support-to-applicants-and-project-promotors\/","title":{"rendered":"Support to applicants and project promotors"},"content":{"rendered":"\n<p>Capacity building support will be continuously provided to all interested applicants and future beneficiaries, ie project promoters, during the implementation of the Programme in Croatia. Support will be available in the form of consultations, information workshops, training workshops, mentoring, webinars, and information and educational materials (different resources) available in the digital form.<\/p>\n\n\n\n<div class=\"wp-block-image\"><figure class=\"alignleft size-large is-resized\"><img loading=\"lazy\" decoding=\"async\" src=\"http:\/\/acfcroatia.hr\/wp-content\/uploads\/2020\/03\/road-signs-1_small.jpg\" alt=\"\" class=\"wp-image-269\" width=\"90\" height=\"109\" srcset=\"https:\/\/acfcroatia.hr\/wp-content\/uploads\/2020\/03\/road-signs-1_small.jpg 283w, https:\/\/acfcroatia.hr\/wp-content\/uploads\/2020\/03\/road-signs-1_small-248x300.jpg 248w\" sizes=\"auto, (max-width: 90px) 100vw, 90px\" \/><figcaption>Support for project applicants<\/figcaption><\/figure><\/div>\n\n\n\n<div class=\"wp-block-image\"><figure class=\"alignright size-large is-resized\"><img loading=\"lazy\" decoding=\"async\" src=\"http:\/\/acfcroatia.hr\/wp-content\/uploads\/2020\/03\/gear.jpg\" alt=\"\" class=\"wp-image-271\" width=\"126\" height=\"117\"\/><figcaption>Support for project promotors<\/figcaption><\/figure><\/div>\n","protected":false},"excerpt":{"rendered":"<p>Capacity building support will be continuously provided to all interested applicants and future beneficiaries, ie project promoters, during the implementation of the Programme in Croatia. Support will be available in the form of consultations, information workshops, training workshops, mentoring, webinars, and information and educational materials (different resources) available in the digital form.<\/p>\n","protected":false},"author":2,"featured_media":0,"parent":0,"menu_order":0,"comment_status":"closed","ping_status":"closed","template":"","meta":{"_acf_changed":false,"footnotes":""},"class_list":["post-542","page","type-page","status-publish","hentry"],"acf":[],"yoast_head":"<!-- This site is optimized with the Yoast SEO plugin v22.2 - https:\/\/yoast.com\/wordpress\/plugins\/seo\/ -->\n<title>Support to applicants and project promotors - Program fonda za aktivno gra\u0111anstvo u Hrvatskoj - ACF Hrvatska<\/title>\n<meta name=\"robots\" content=\"index, follow, max-snippet:-1, max-image-preview:large, max-video-preview:-1\" \/>\n<link rel=\"canonical\" href=\"https:\/\/acfcroatia.hr\/en\/support-to-applicants-and-project-promotors\/\" \/>\n<meta property=\"og:locale\" content=\"en_US\" \/>\n<meta property=\"og:type\" content=\"article\" \/>\n<meta property=\"og:title\" content=\"Support to applicants and project promotors - Program fonda za aktivno gra\u0111anstvo u Hrvatskoj - ACF Hrvatska\" \/>\n<meta property=\"og:description\" content=\"Capacity building support will be continuously provided to all interested applicants and future beneficiaries, ie project promoters, during the implementation of the Programme in Croatia. Support will be available in the form of consultations, information workshops, training workshops, mentoring, webinars, and information and educational materials (different resources) available in the digital form.\" \/>\n<meta property=\"og:url\" content=\"https:\/\/acfcroatia.hr\/en\/support-to-applicants-and-project-promotors\/\" \/>\n<meta property=\"og:site_name\" content=\"Program fonda za aktivno gra\u0111anstvo u Hrvatskoj - ACF Hrvatska\" \/>\n<meta property=\"article:modified_time\" content=\"2020-03-10T11:40:58+00:00\" \/>\n<meta property=\"og:image\" content=\"http:\/\/acfcroatia.hr\/wp-content\/uploads\/2020\/03\/road-signs-1_small.jpg\" \/>\n<meta name=\"twitter:card\" content=\"summary_large_image\" \/>\n<script type=\"application\/ld+json\" class=\"yoast-schema-graph\">{\"@context\":\"https:\/\/schema.org\",\"@graph\":[{\"@type\":\"WebPage\",\"@id\":\"https:\/\/acfcroatia.hr\/en\/support-to-applicants-and-project-promotors\/\",\"url\":\"https:\/\/acfcroatia.hr\/en\/support-to-applicants-and-project-promotors\/\",\"name\":\"Support to applicants and project promotors - Program fonda za aktivno gra\u0111anstvo u Hrvatskoj - ACF Hrvatska\",\"isPartOf\":{\"@id\":\"https:\/\/acfcroatia.hr\/en\/#website\"},\"primaryImageOfPage\":{\"@id\":\"https:\/\/acfcroatia.hr\/en\/support-to-applicants-and-project-promotors\/#primaryimage\"},\"image\":{\"@id\":\"https:\/\/acfcroatia.hr\/en\/support-to-applicants-and-project-promotors\/#primaryimage\"},\"thumbnailUrl\":\"http:\/\/acfcroatia.hr\/wp-content\/uploads\/2020\/03\/road-signs-1_small.jpg\",\"datePublished\":\"2020-03-10T09:58:06+00:00\",\"dateModified\":\"2020-03-10T11:40:58+00:00\",\"breadcrumb\":{\"@id\":\"https:\/\/acfcroatia.hr\/en\/support-to-applicants-and-project-promotors\/#breadcrumb\"},\"inLanguage\":\"en-US\",\"potentialAction\":[{\"@type\":\"ReadAction\",\"target\":[\"https:\/\/acfcroatia.hr\/en\/support-to-applicants-and-project-promotors\/\"]}]},{\"@type\":\"ImageObject\",\"inLanguage\":\"en-US\",\"@id\":\"https:\/\/acfcroatia.hr\/en\/support-to-applicants-and-project-promotors\/#primaryimage\",\"url\":\"https:\/\/acfcroatia.hr\/wp-content\/uploads\/2020\/03\/road-signs-1_small.jpg\",\"contentUrl\":\"https:\/\/acfcroatia.hr\/wp-content\/uploads\/2020\/03\/road-signs-1_small.jpg\",\"width\":283,\"height\":342},{\"@type\":\"BreadcrumbList\",\"@id\":\"https:\/\/acfcroatia.hr\/en\/support-to-applicants-and-project-promotors\/#breadcrumb\",\"itemListElement\":[{\"@type\":\"ListItem\",\"position\":1,\"name\":\"Po\u010detna stranica\",\"item\":\"https:\/\/acfcroatia.hr\/en\/\"},{\"@type\":\"ListItem\",\"position\":2,\"name\":\"Support to applicants and project promotors\"}]},{\"@type\":\"WebSite\",\"@id\":\"https:\/\/acfcroatia.hr\/en\/#website\",\"url\":\"https:\/\/acfcroatia.hr\/en\/\",\"name\":\"Program fonda za aktivno gra\u0111anstvo u Hrvatskoj - ACF Hrvatska\",\"description\":\"Gra\u0111ani u akciji za uklju\u010dive zajednice i pravedno dru\u0161tvo\",\"potentialAction\":[{\"@type\":\"SearchAction\",\"target\":{\"@type\":\"EntryPoint\",\"urlTemplate\":\"https:\/\/acfcroatia.hr\/en\/?s={search_term_string}\"},\"query-input\":\"required name=search_term_string\"}],\"inLanguage\":\"en-US\"}]}<\/script>\n<!-- \/ Yoast SEO plugin. -->","yoast_head_json":{"title":"Support to applicants and project promotors - Program fonda za aktivno gra\u0111anstvo u Hrvatskoj - ACF Hrvatska","robots":{"index":"index","follow":"follow","max-snippet":"max-snippet:-1","max-image-preview":"max-image-preview:large","max-video-preview":"max-video-preview:-1"},"canonical":"https:\/\/acfcroatia.hr\/en\/support-to-applicants-and-project-promotors\/","og_locale":"en_US","og_type":"article","og_title":"Support to applicants and project promotors - Program fonda za aktivno gra\u0111anstvo u Hrvatskoj - ACF Hrvatska","og_description":"Capacity building support will be continuously provided to all interested applicants and future beneficiaries, ie project promoters, during the implementation of the Programme in Croatia. Support will be available in the form of consultations, information workshops, training workshops, mentoring, webinars, and information and educational materials (different resources) available in the digital form.","og_url":"https:\/\/acfcroatia.hr\/en\/support-to-applicants-and-project-promotors\/","og_site_name":"Program fonda za aktivno gra\u0111anstvo u Hrvatskoj - ACF Hrvatska","article_modified_time":"2020-03-10T11:40:58+00:00","og_image":[{"url":"http:\/\/acfcroatia.hr\/wp-content\/uploads\/2020\/03\/road-signs-1_small.jpg"}],"twitter_card":"summary_large_image","schema":{"@context":"https:\/\/schema.org","@graph":[{"@type":"WebPage","@id":"https:\/\/acfcroatia.hr\/en\/support-to-applicants-and-project-promotors\/","url":"https:\/\/acfcroatia.hr\/en\/support-to-applicants-and-project-promotors\/","name":"Support to applicants and project promotors - Program fonda za aktivno gra\u0111anstvo u Hrvatskoj - ACF Hrvatska","isPartOf":{"@id":"https:\/\/acfcroatia.hr\/en\/#website"},"primaryImageOfPage":{"@id":"https:\/\/acfcroatia.hr\/en\/support-to-applicants-and-project-promotors\/#primaryimage"},"image":{"@id":"https:\/\/acfcroatia.hr\/en\/support-to-applicants-and-project-promotors\/#primaryimage"},"thumbnailUrl":"http:\/\/acfcroatia.hr\/wp-content\/uploads\/2020\/03\/road-signs-1_small.jpg","datePublished":"2020-03-10T09:58:06+00:00","dateModified":"2020-03-10T11:40:58+00:00","breadcrumb":{"@id":"https:\/\/acfcroatia.hr\/en\/support-to-applicants-and-project-promotors\/#breadcrumb"},"inLanguage":"en-US","potentialAction":[{"@type":"ReadAction","target":["https:\/\/acfcroatia.hr\/en\/support-to-applicants-and-project-promotors\/"]}]},{"@type":"ImageObject","inLanguage":"en-US","@id":"https:\/\/acfcroatia.hr\/en\/support-to-applicants-and-project-promotors\/#primaryimage","url":"https:\/\/acfcroatia.hr\/wp-content\/uploads\/2020\/03\/road-signs-1_small.jpg","contentUrl":"https:\/\/acfcroatia.hr\/wp-content\/uploads\/2020\/03\/road-signs-1_small.jpg","width":283,"height":342},{"@type":"BreadcrumbList","@id":"https:\/\/acfcroatia.hr\/en\/support-to-applicants-and-project-promotors\/#breadcrumb","itemListElement":[{"@type":"ListItem","position":1,"name":"Po\u010detna stranica","item":"https:\/\/acfcroatia.hr\/en\/"},{"@type":"ListItem","position":2,"name":"Support to applicants and project promotors"}]},{"@type":"WebSite","@id":"https:\/\/acfcroatia.hr\/en\/#website","url":"https:\/\/acfcroatia.hr\/en\/","name":"Program fonda za aktivno gra\u0111anstvo u Hrvatskoj - ACF Hrvatska","description":"Gra\u0111ani u akciji za uklju\u010dive zajednice i pravedno dru\u0161tvo","potentialAction":[{"@type":"SearchAction","target":{"@type":"EntryPoint","urlTemplate":"https:\/\/acfcroatia.hr\/en\/?s={search_term_string}"},"query-input":"required name=search_term_string"}],"inLanguage":"en-US"}]}},"_links":{"self":[{"href":"https:\/\/acfcroatia.hr\/en\/wp-json\/wp\/v2\/pages\/542","targetHints":{"allow":["GET"]}}],"collection":[{"href":"https:\/\/acfcroatia.hr\/en\/wp-json\/wp\/v2\/pages"}],"about":[{"href":"https:\/\/acfcroatia.hr\/en\/wp-json\/wp\/v2\/types\/page"}],"author":[{"embeddable":true,"href":"https:\/\/acfcroatia.hr\/en\/wp-json\/wp\/v2\/users\/2"}],"replies":[{"embeddable":true,"href":"https:\/\/acfcroatia.hr\/en\/wp-json\/wp\/v2\/comments?post=542"}],"version-history":[{"count":1,"href":"https:\/\/acfcroatia.hr\/en\/wp-json\/wp\/v2\/pages\/542\/revisions"}],"predecessor-version":[{"id":543,"href":"https:\/\/acfcroatia.hr\/en\/wp-json\/wp\/v2\/pages\/542\/revisions\/543"}],"wp:attachment":[{"href":"https:\/\/acfcroatia.hr\/en\/wp-json\/wp\/v2\/media?parent=542"}],"curies":[{"name":"wp","href":"https:\/\/api.w.org\/{rel}","templated":true}]}}