{"id":460,"date":"2020-03-09T22:23:06","date_gmt":"2020-03-09T21:23:06","guid":{"rendered":"http:\/\/acfcroatia.hr\/?page_id=460"},"modified":"2020-07-21T14:36:36","modified_gmt":"2020-07-21T12:36:36","slug":"bilateral-cooperation","status":"publish","type":"page","link":"https:\/\/acfcroatia.hr\/en\/bilateral-cooperation\/","title":{"rendered":"Bilateral Cooperation"},"content":{"rendered":"\n<p>One of the goals of the Active Citizens Fund in Croatia is <strong>the strengthening of bilateral relations between NGOs in Croatia and entities in the Donor States (Iceland, Liechtenstein, Norway)<\/strong> with a view to promoting project partnerships and joint activities, the exchange of knowledge and best practices.<\/p>\n\n\n\n<p>Through the Active Citizens\nFund in Croatia, <strong>a total of \u20ac 85,000 will be allocated to support\nbilateral cooperation initiatives.<\/strong><\/p>\n\n\n\n<p>Bilateral cooperation refers\nto networking, exchange, strengthening cooperation, sharing and transfer of\nknowledge, technology, experience and best practice between NGOs in Croatia and\nentities in the donor states. Search for partners prior to or during the\npreparation of a project proposal, the development of such partnerships and the\npreparation of an application for a donor partnership project to be submitted\nunder the ACF open calls, also enhances bilateral cooperation.<\/p>\n\n\n\n<p>The Fund Operator will organize <strong>matchmaking events <\/strong>during the first open calls for proposals, between Croatian CSOs and entities from the Donor States. Such events aim to establish direct contacts among CSOs and participants from the donor states to exchange ideas on specific topics of common interest, relevant to the priorities of the Active Citizens Fund.&nbsp;The first matchmaking workshop will be organized on April 2020 in Zagreb, with the participation of three organizations from Norway (Dikkedokken Filmlaug, Culture and Society and Made in T\u00f8yen ) and three organizations from Iceland (Mental Health Alliance, the Women&#8217;s Counselling and WOMEN in Iceland). The Active Citizens Fund in Croatia, the <a rel=\"noreferrer noopener\" href=\"https:\/\/www.nhc.no\/en\/frontpage\/\" target=\"_blank\">Norwegian Helsinki Committee<\/a> and the <a rel=\"noreferrer noopener\" href=\"http:\/\/www.humanrights.is\/en\" target=\"_blank\">Icelandic Human Rights Centre<\/a> shall facilitate contacts and cooperation initiatives between Croatian NGOs and entities from the Donor States. A partnership <a rel=\"noreferrer noopener\" href=\"https:\/\/ngonorway.org\/partners\/\" target=\"_blank\">database<\/a> has also been established by the Norwegian Helsinki Committee in order to facilitate the search for potential partners. <\/p>\n\n\n\n<h2 class=\"wp-block-heading\">Developing bilateral projects<\/h2>\n\n\n\n<p>All grant schemes under ACF Croatia enable&nbsp; creation of bilateral partnerships within the scope of project, as indicated in project application documents specific to each Call. For further information, please consult&nbsp;<a href=\"https:\/\/acfcroatia.hr\/en\/calls-for-proposals\/\">https:\/\/acfcroatia.hr\/en\/calls-for-proposals\/<\/a>.<\/p>\n\n\n\n<p>Project applicants are responsible to search for partners and take initiatives in creating bilateral partnerships themselves. ACF programme provides the following forms of technical assistance in this process:<\/p>\n\n\n\n<p>\u00b7&nbsp;&nbsp;&nbsp;&nbsp;&nbsp;&nbsp;&nbsp;&nbsp;A partnership&nbsp;<a rel=\"noreferrer noopener\" href=\"https:\/\/ngonorway.org\/partners\/\" target=\"_blank\">database<\/a>&nbsp;has also been established by the Norwegian Helsinki Committee in order to facilitate the search for potential partners.<\/p>\n\n\n\n<p>\u00b7&nbsp;&nbsp;&nbsp;&nbsp;&nbsp;&nbsp;&nbsp;&nbsp;In addition, if a need or additional matchmaking support is expressed by email to designated email addresses indicated at the following websites, &nbsp;<a href=\"http:\/\/www.acfcroatia.hr\/\" target=\"_blank\" rel=\"noreferrer noopener\">Active Citizens Fund in Croatia<\/a>, the&nbsp;<a href=\"https:\/\/www.nhc.no\/en\/frontpage\/\" target=\"_blank\" rel=\"noreferrer noopener\">Norwegian Helsinki Committee<\/a>&nbsp;and the&nbsp;<a href=\"http:\/\/www.humanrights.is\/en\" target=\"_blank\" rel=\"noreferrer noopener\">Icelandic Human Rights Centre<\/a>&nbsp;shall facilitate contacts and cooperation initiatives between Croatian NGOs and entities from the Donor States.<\/p>\n\n\n\n<p>\u00b7&nbsp;&nbsp;&nbsp;&nbsp;&nbsp;&nbsp;&nbsp;&nbsp;ACF Croatia has also created a mailing list of all CSOs that have expressed interest in bilateral cooperation and have received an excel table with contacts of all NGOs that have expressed their interest so far (attached). We will periodically send out information on new grant schemes and online matchmaking events in line with our Fund\u2019s workplan. You are free to us the table and the mailing list in order to contact Croatian NGOs.<\/p>\n\n\n\n<p>In addition,&nbsp;<strong>those CSOs that have been granted project support through ACF Croatia<\/strong>&nbsp;(i.e. \u201eproject promoters\u201c) will be invited to take part in&nbsp;&nbsp;<strong>restricted calls for bilateral cooperation<\/strong>, which will be open&nbsp;ONLY to project promoters i.e. grantees of ACF Croatia of each grant scheme. These restricted calls will provide small grants for follow-up collaborative activities that stem out, build upon or deepen bilateral cooperation that has&nbsp;already been initiated in the scope of projects funded by ACF Croatia. The timing of these restricted will be aligned with implementation periods of each grants scheme. All CSOs that sign contracts with ACF Croatia for projects that entail bilateral cooperation will be informed about this option for additional support for follow-up bilateral initiatives early on in the project implementation process.<\/p>\n\n\n\n<p>ACF program provides technical assistance but is not responsible for establishing bilateral partnerships.<\/p>\n\n\n\n<p>For any additional information please send an e-mail to <a href=\"partnerships@acfcroatia.hr\">partnerships@acfcroatia.hr <\/a><\/p>\n","protected":false},"excerpt":{"rendered":"<p>One of the goals of the Active Citizens Fund in Croatia is the strengthening of bilateral relations between NGOs in Croatia and entities in the Donor States (Iceland, Liechtenstein, Norway) with a view to promoting project partnerships and joint activities, the exchange of knowledge and best practices. Through the Active Citizens Fund in Croatia, a [&hellip;]<\/p>\n","protected":false},"author":2,"featured_media":0,"parent":0,"menu_order":0,"comment_status":"closed","ping_status":"closed","template":"","meta":{"_acf_changed":false,"footnotes":""},"class_list":["post-460","page","type-page","status-publish","hentry"],"acf":[],"yoast_head":"<!-- This site is optimized with the Yoast SEO plugin v22.2 - https:\/\/yoast.com\/wordpress\/plugins\/seo\/ -->\n<title>Bilateral Cooperation - Program fonda za aktivno gra\u0111anstvo u Hrvatskoj - ACF Hrvatska<\/title>\n<meta name=\"robots\" content=\"index, follow, max-snippet:-1, max-image-preview:large, max-video-preview:-1\" \/>\n<link rel=\"canonical\" href=\"https:\/\/acfcroatia.hr\/en\/bilateral-cooperation\/\" \/>\n<meta property=\"og:locale\" content=\"en_US\" \/>\n<meta property=\"og:type\" content=\"article\" \/>\n<meta property=\"og:title\" content=\"Bilateral Cooperation - Program fonda za aktivno gra\u0111anstvo u Hrvatskoj - ACF Hrvatska\" \/>\n<meta property=\"og:description\" content=\"One of the goals of the Active Citizens Fund in Croatia is the strengthening of bilateral relations between NGOs in Croatia and entities in the Donor States (Iceland, Liechtenstein, Norway) with a view to promoting project partnerships and joint activities, the exchange of knowledge and best practices. Through the Active Citizens Fund in Croatia, a [&hellip;]\" \/>\n<meta property=\"og:url\" content=\"https:\/\/acfcroatia.hr\/en\/bilateral-cooperation\/\" \/>\n<meta property=\"og:site_name\" content=\"Program fonda za aktivno gra\u0111anstvo u Hrvatskoj - ACF Hrvatska\" \/>\n<meta property=\"article:modified_time\" content=\"2020-07-21T12:36:36+00:00\" \/>\n<meta name=\"twitter:card\" content=\"summary_large_image\" \/>\n<meta name=\"twitter:label1\" content=\"Est. reading time\" \/>\n\t<meta name=\"twitter:data1\" content=\"3 minutes\" \/>\n<script type=\"application\/ld+json\" class=\"yoast-schema-graph\">{\"@context\":\"https:\/\/schema.org\",\"@graph\":[{\"@type\":\"WebPage\",\"@id\":\"https:\/\/acfcroatia.hr\/en\/bilateral-cooperation\/\",\"url\":\"https:\/\/acfcroatia.hr\/en\/bilateral-cooperation\/\",\"name\":\"Bilateral Cooperation - Program fonda za aktivno gra\u0111anstvo u Hrvatskoj - ACF Hrvatska\",\"isPartOf\":{\"@id\":\"https:\/\/acfcroatia.hr\/en\/#website\"},\"datePublished\":\"2020-03-09T21:23:06+00:00\",\"dateModified\":\"2020-07-21T12:36:36+00:00\",\"breadcrumb\":{\"@id\":\"https:\/\/acfcroatia.hr\/en\/bilateral-cooperation\/#breadcrumb\"},\"inLanguage\":\"en-US\",\"potentialAction\":[{\"@type\":\"ReadAction\",\"target\":[\"https:\/\/acfcroatia.hr\/en\/bilateral-cooperation\/\"]}]},{\"@type\":\"BreadcrumbList\",\"@id\":\"https:\/\/acfcroatia.hr\/en\/bilateral-cooperation\/#breadcrumb\",\"itemListElement\":[{\"@type\":\"ListItem\",\"position\":1,\"name\":\"Po\u010detna stranica\",\"item\":\"https:\/\/acfcroatia.hr\/en\/\"},{\"@type\":\"ListItem\",\"position\":2,\"name\":\"Bilateral Cooperation\"}]},{\"@type\":\"WebSite\",\"@id\":\"https:\/\/acfcroatia.hr\/en\/#website\",\"url\":\"https:\/\/acfcroatia.hr\/en\/\",\"name\":\"Program fonda za aktivno gra\u0111anstvo u Hrvatskoj - ACF Hrvatska\",\"description\":\"Gra\u0111ani u akciji za uklju\u010dive zajednice i pravedno dru\u0161tvo\",\"potentialAction\":[{\"@type\":\"SearchAction\",\"target\":{\"@type\":\"EntryPoint\",\"urlTemplate\":\"https:\/\/acfcroatia.hr\/en\/?s={search_term_string}\"},\"query-input\":\"required name=search_term_string\"}],\"inLanguage\":\"en-US\"}]}<\/script>\n<!-- \/ Yoast SEO plugin. -->","yoast_head_json":{"title":"Bilateral Cooperation - Program fonda za aktivno gra\u0111anstvo u Hrvatskoj - ACF Hrvatska","robots":{"index":"index","follow":"follow","max-snippet":"max-snippet:-1","max-image-preview":"max-image-preview:large","max-video-preview":"max-video-preview:-1"},"canonical":"https:\/\/acfcroatia.hr\/en\/bilateral-cooperation\/","og_locale":"en_US","og_type":"article","og_title":"Bilateral Cooperation - Program fonda za aktivno gra\u0111anstvo u Hrvatskoj - ACF Hrvatska","og_description":"One of the goals of the Active Citizens Fund in Croatia is the strengthening of bilateral relations between NGOs in Croatia and entities in the Donor States (Iceland, Liechtenstein, Norway) with a view to promoting project partnerships and joint activities, the exchange of knowledge and best practices. Through the Active Citizens Fund in Croatia, a [&hellip;]","og_url":"https:\/\/acfcroatia.hr\/en\/bilateral-cooperation\/","og_site_name":"Program fonda za aktivno gra\u0111anstvo u Hrvatskoj - ACF Hrvatska","article_modified_time":"2020-07-21T12:36:36+00:00","twitter_card":"summary_large_image","twitter_misc":{"Est. reading time":"3 minutes"},"schema":{"@context":"https:\/\/schema.org","@graph":[{"@type":"WebPage","@id":"https:\/\/acfcroatia.hr\/en\/bilateral-cooperation\/","url":"https:\/\/acfcroatia.hr\/en\/bilateral-cooperation\/","name":"Bilateral Cooperation - Program fonda za aktivno gra\u0111anstvo u Hrvatskoj - ACF Hrvatska","isPartOf":{"@id":"https:\/\/acfcroatia.hr\/en\/#website"},"datePublished":"2020-03-09T21:23:06+00:00","dateModified":"2020-07-21T12:36:36+00:00","breadcrumb":{"@id":"https:\/\/acfcroatia.hr\/en\/bilateral-cooperation\/#breadcrumb"},"inLanguage":"en-US","potentialAction":[{"@type":"ReadAction","target":["https:\/\/acfcroatia.hr\/en\/bilateral-cooperation\/"]}]},{"@type":"BreadcrumbList","@id":"https:\/\/acfcroatia.hr\/en\/bilateral-cooperation\/#breadcrumb","itemListElement":[{"@type":"ListItem","position":1,"name":"Po\u010detna stranica","item":"https:\/\/acfcroatia.hr\/en\/"},{"@type":"ListItem","position":2,"name":"Bilateral Cooperation"}]},{"@type":"WebSite","@id":"https:\/\/acfcroatia.hr\/en\/#website","url":"https:\/\/acfcroatia.hr\/en\/","name":"Program fonda za aktivno gra\u0111anstvo u Hrvatskoj - ACF Hrvatska","description":"Gra\u0111ani u akciji za uklju\u010dive zajednice i pravedno dru\u0161tvo","potentialAction":[{"@type":"SearchAction","target":{"@type":"EntryPoint","urlTemplate":"https:\/\/acfcroatia.hr\/en\/?s={search_term_string}"},"query-input":"required name=search_term_string"}],"inLanguage":"en-US"}]}},"_links":{"self":[{"href":"https:\/\/acfcroatia.hr\/en\/wp-json\/wp\/v2\/pages\/460","targetHints":{"allow":["GET"]}}],"collection":[{"href":"https:\/\/acfcroatia.hr\/en\/wp-json\/wp\/v2\/pages"}],"about":[{"href":"https:\/\/acfcroatia.hr\/en\/wp-json\/wp\/v2\/types\/page"}],"author":[{"embeddable":true,"href":"https:\/\/acfcroatia.hr\/en\/wp-json\/wp\/v2\/users\/2"}],"replies":[{"embeddable":true,"href":"https:\/\/acfcroatia.hr\/en\/wp-json\/wp\/v2\/comments?post=460"}],"version-history":[{"count":5,"href":"https:\/\/acfcroatia.hr\/en\/wp-json\/wp\/v2\/pages\/460\/revisions"}],"predecessor-version":[{"id":1120,"href":"https:\/\/acfcroatia.hr\/en\/wp-json\/wp\/v2\/pages\/460\/revisions\/1120"}],"wp:attachment":[{"href":"https:\/\/acfcroatia.hr\/en\/wp-json\/wp\/v2\/media?parent=460"}],"curies":[{"name":"wp","href":"https:\/\/api.w.org\/{rel}","templated":true}]}}