{"id":458,"date":"2020-03-09T22:21:01","date_gmt":"2020-03-09T21:21:01","guid":{"rendered":"http:\/\/acfcroatia.hr\/?page_id=458"},"modified":"2020-10-30T11:39:17","modified_gmt":"2020-10-30T10:39:17","slug":"contact","status":"publish","type":"page","link":"https:\/\/acfcroatia.hr\/en\/contact\/","title":{"rendered":"Contact"},"content":{"rendered":"\n<p><strong>Active Citizens Fund in Croatia<\/strong><\/p>\n\n\n\n<p>www.acfcroatia.hr<\/p>\n\n\n\n<p>+385 31 213 255<\/p>\n\n\n\n<p><a href=\"mailto:podrska@acfcroatia.hr\">podrska@acfcroatia.hr<\/a><\/p>\n\n\n\n<p><strong>Community Foundation Slagalica <\/strong>(<a href=\"http:\/\/www.zaklada-slagalica.hr\">www.zaklada-slagalica.hr<\/a>)<\/p>\n\n\n\n<p>Official Address: Trg\nAugusta \u0160enoe 1, 31000 Osijek, Hrvatska<\/p>\n\n\n\n<p>Visiting Address: Lorenza\nJ\u00e4gera 20, 31000 Osijek, Hrvatska<\/p>\n\n\n\n<p><a href=\"mailto:podrska@acfcroatia.hr\">podrska@acfcroatia.hr<\/a> +385 31 213 255<\/p>\n\n\n\n<p><strong>SOLIDARNA &#8211; Foundation for Human Rights and Solidarity<\/strong> (<a href=\"http:\/\/www.solidarna.hr\">www.solidarna.hr<\/a>)<\/p>\n\n\n\n<p>Address: Trg kralja Petra\nKre\u0161imira IV 2, 10000 Zagreb, Hrvatska<\/p>\n\n\n\n<p><a href=\"mailto:adhoc.podrska@acfcroatia.hr\" target=\"_blank\" rel=\"noreferrer noopener\">adhoc.podrska@acfcroatia.hr<\/a>, &nbsp;+385 1 5544 722<\/p>\n\n\n\n<p><strong>SMART \u2013 <\/strong>Association for Civil Society Development (<a href=\"http:\/\/www.smart.hr\">www.smart.hr<\/a>)<\/p>\n\n\n\n<p>Address: Bla\u017ea Poli\u0107a 2\/4,\n51 000 Rijeka, Hrvatska<\/p>\n\n\n\n<p><a href=\"mailto:smart@smart.hr\">smart@smart.hr<\/a>, +385 51\n332750<\/p>\n\n\n\n<p><strong>CNVOS \u2013 <\/strong>Centre for\nInformation Service, Co-operation and Development of NGOs (<a href=\"http:\/\/www.cnvos.si\">www.cnvos.si<\/a>)<\/p>\n\n\n\n<p>Address: Povsetova 37, 1000 Ljubljana, Slovenija<\/p>\n\n\n\n<p><strong>Contact for submission of complaints or irregularities reports<\/strong><\/p>\n\n\n\n<p>EEA and Norway financial mechanisms programmes\nfollow the policy of good governance, their implementation is based on the\nprinciples of inclusion, transparency and accountability, with zero-tolerance\ntowards corruption.<\/p>\n\n\n\n<p>In case of suspicion of irregularity, bad governance or corruption in implementation of Active Citizens Fund in Croatia programme, please inform us with a report\/complaint. Your complaint will be treated confidentially by the Complaints Committee. You will receive feedback on your report\/complaint within 10 working days. Complaint\/report can be lodged also anonymously. You can lodge your complaint at: <a href=\"mailto:prigovori@acfcroatia.hr\">prigovori@acfcroatia.hr<\/a>.<\/p>\n\n\n\n<p>Complaint\/report shall consist of the\nfollowing information:<\/p>\n\n\n\n<ul class=\"wp-block-list\"><li>Description of the irregularity\n(including whether it is alleged or real and how it occurred);<\/li><li>Period the irregularity refers to\nor the timeline of its occurrence;<\/li><li>How did the reporting person\nbecome aware of the irregularity;<\/li><li>Identification of the individuals\nor legal entities related to the irregularity;<\/li><li>Other information.<\/li><\/ul>\n\n\n\n<p>Complaints Committee includes two external member, independent from the FO, their Boards and Programme staff.<\/p>\n","protected":false},"excerpt":{"rendered":"<p>Active Citizens Fund in Croatia www.acfcroatia.hr +385 31 213 255 podrska@acfcroatia.hr Community Foundation Slagalica (www.zaklada-slagalica.hr) Official Address: Trg Augusta \u0160enoe 1, 31000 Osijek, Hrvatska Visiting Address: Lorenza J\u00e4gera 20, 31000 Osijek, Hrvatska podrska@acfcroatia.hr +385 31 213 255 SOLIDARNA &#8211; Foundation for Human Rights and Solidarity (www.solidarna.hr) Address: Trg kralja Petra Kre\u0161imira IV 2, 10000 Zagreb, [&hellip;]<\/p>\n","protected":false},"author":2,"featured_media":0,"parent":0,"menu_order":0,"comment_status":"closed","ping_status":"closed","template":"","meta":{"_acf_changed":false,"footnotes":""},"class_list":["post-458","page","type-page","status-publish","hentry"],"acf":[],"yoast_head":"<!-- This site is optimized with the Yoast SEO plugin v22.2 - https:\/\/yoast.com\/wordpress\/plugins\/seo\/ -->\n<title>Contact - Program fonda za aktivno gra\u0111anstvo u Hrvatskoj - ACF Hrvatska<\/title>\n<meta name=\"robots\" content=\"index, follow, max-snippet:-1, max-image-preview:large, max-video-preview:-1\" \/>\n<link rel=\"canonical\" href=\"https:\/\/acfcroatia.hr\/en\/contact\/\" \/>\n<meta property=\"og:locale\" content=\"en_US\" \/>\n<meta property=\"og:type\" content=\"article\" \/>\n<meta property=\"og:title\" content=\"Contact - Program fonda za aktivno gra\u0111anstvo u Hrvatskoj - ACF Hrvatska\" \/>\n<meta property=\"og:description\" content=\"Active Citizens Fund in Croatia www.acfcroatia.hr +385 31 213 255 podrska@acfcroatia.hr Community Foundation Slagalica (www.zaklada-slagalica.hr) Official Address: Trg Augusta \u0160enoe 1, 31000 Osijek, Hrvatska Visiting Address: Lorenza J\u00e4gera 20, 31000 Osijek, Hrvatska podrska@acfcroatia.hr +385 31 213 255 SOLIDARNA &#8211; Foundation for Human Rights and Solidarity (www.solidarna.hr) Address: Trg kralja Petra Kre\u0161imira IV 2, 10000 Zagreb, [&hellip;]\" \/>\n<meta property=\"og:url\" content=\"https:\/\/acfcroatia.hr\/en\/contact\/\" \/>\n<meta property=\"og:site_name\" content=\"Program fonda za aktivno gra\u0111anstvo u Hrvatskoj - ACF Hrvatska\" \/>\n<meta property=\"article:modified_time\" content=\"2020-10-30T10:39:17+00:00\" \/>\n<meta name=\"twitter:card\" content=\"summary_large_image\" \/>\n<meta name=\"twitter:label1\" content=\"Est. reading time\" \/>\n\t<meta name=\"twitter:data1\" content=\"1 minute\" \/>\n<script type=\"application\/ld+json\" class=\"yoast-schema-graph\">{\"@context\":\"https:\/\/schema.org\",\"@graph\":[{\"@type\":\"WebPage\",\"@id\":\"https:\/\/acfcroatia.hr\/en\/contact\/\",\"url\":\"https:\/\/acfcroatia.hr\/en\/contact\/\",\"name\":\"Contact - Program fonda za aktivno gra\u0111anstvo u Hrvatskoj - ACF Hrvatska\",\"isPartOf\":{\"@id\":\"https:\/\/acfcroatia.hr\/en\/#website\"},\"datePublished\":\"2020-03-09T21:21:01+00:00\",\"dateModified\":\"2020-10-30T10:39:17+00:00\",\"breadcrumb\":{\"@id\":\"https:\/\/acfcroatia.hr\/en\/contact\/#breadcrumb\"},\"inLanguage\":\"en-US\",\"potentialAction\":[{\"@type\":\"ReadAction\",\"target\":[\"https:\/\/acfcroatia.hr\/en\/contact\/\"]}]},{\"@type\":\"BreadcrumbList\",\"@id\":\"https:\/\/acfcroatia.hr\/en\/contact\/#breadcrumb\",\"itemListElement\":[{\"@type\":\"ListItem\",\"position\":1,\"name\":\"Po\u010detna stranica\",\"item\":\"https:\/\/acfcroatia.hr\/en\/\"},{\"@type\":\"ListItem\",\"position\":2,\"name\":\"Contact\"}]},{\"@type\":\"WebSite\",\"@id\":\"https:\/\/acfcroatia.hr\/en\/#website\",\"url\":\"https:\/\/acfcroatia.hr\/en\/\",\"name\":\"Program fonda za aktivno gra\u0111anstvo u Hrvatskoj - ACF Hrvatska\",\"description\":\"Gra\u0111ani u akciji za uklju\u010dive zajednice i pravedno dru\u0161tvo\",\"potentialAction\":[{\"@type\":\"SearchAction\",\"target\":{\"@type\":\"EntryPoint\",\"urlTemplate\":\"https:\/\/acfcroatia.hr\/en\/?s={search_term_string}\"},\"query-input\":\"required name=search_term_string\"}],\"inLanguage\":\"en-US\"}]}<\/script>\n<!-- \/ Yoast SEO plugin. -->","yoast_head_json":{"title":"Contact - Program fonda za aktivno gra\u0111anstvo u Hrvatskoj - ACF Hrvatska","robots":{"index":"index","follow":"follow","max-snippet":"max-snippet:-1","max-image-preview":"max-image-preview:large","max-video-preview":"max-video-preview:-1"},"canonical":"https:\/\/acfcroatia.hr\/en\/contact\/","og_locale":"en_US","og_type":"article","og_title":"Contact - Program fonda za aktivno gra\u0111anstvo u Hrvatskoj - ACF Hrvatska","og_description":"Active Citizens Fund in Croatia www.acfcroatia.hr +385 31 213 255 podrska@acfcroatia.hr Community Foundation Slagalica (www.zaklada-slagalica.hr) Official Address: Trg Augusta \u0160enoe 1, 31000 Osijek, Hrvatska Visiting Address: Lorenza J\u00e4gera 20, 31000 Osijek, Hrvatska podrska@acfcroatia.hr +385 31 213 255 SOLIDARNA &#8211; Foundation for Human Rights and Solidarity (www.solidarna.hr) Address: Trg kralja Petra Kre\u0161imira IV 2, 10000 Zagreb, [&hellip;]","og_url":"https:\/\/acfcroatia.hr\/en\/contact\/","og_site_name":"Program fonda za aktivno gra\u0111anstvo u Hrvatskoj - ACF Hrvatska","article_modified_time":"2020-10-30T10:39:17+00:00","twitter_card":"summary_large_image","twitter_misc":{"Est. reading time":"1 minute"},"schema":{"@context":"https:\/\/schema.org","@graph":[{"@type":"WebPage","@id":"https:\/\/acfcroatia.hr\/en\/contact\/","url":"https:\/\/acfcroatia.hr\/en\/contact\/","name":"Contact - Program fonda za aktivno gra\u0111anstvo u Hrvatskoj - ACF Hrvatska","isPartOf":{"@id":"https:\/\/acfcroatia.hr\/en\/#website"},"datePublished":"2020-03-09T21:21:01+00:00","dateModified":"2020-10-30T10:39:17+00:00","breadcrumb":{"@id":"https:\/\/acfcroatia.hr\/en\/contact\/#breadcrumb"},"inLanguage":"en-US","potentialAction":[{"@type":"ReadAction","target":["https:\/\/acfcroatia.hr\/en\/contact\/"]}]},{"@type":"BreadcrumbList","@id":"https:\/\/acfcroatia.hr\/en\/contact\/#breadcrumb","itemListElement":[{"@type":"ListItem","position":1,"name":"Po\u010detna stranica","item":"https:\/\/acfcroatia.hr\/en\/"},{"@type":"ListItem","position":2,"name":"Contact"}]},{"@type":"WebSite","@id":"https:\/\/acfcroatia.hr\/en\/#website","url":"https:\/\/acfcroatia.hr\/en\/","name":"Program fonda za aktivno gra\u0111anstvo u Hrvatskoj - ACF Hrvatska","description":"Gra\u0111ani u akciji za uklju\u010dive zajednice i pravedno dru\u0161tvo","potentialAction":[{"@type":"SearchAction","target":{"@type":"EntryPoint","urlTemplate":"https:\/\/acfcroatia.hr\/en\/?s={search_term_string}"},"query-input":"required name=search_term_string"}],"inLanguage":"en-US"}]}},"_links":{"self":[{"href":"https:\/\/acfcroatia.hr\/en\/wp-json\/wp\/v2\/pages\/458","targetHints":{"allow":["GET"]}}],"collection":[{"href":"https:\/\/acfcroatia.hr\/en\/wp-json\/wp\/v2\/pages"}],"about":[{"href":"https:\/\/acfcroatia.hr\/en\/wp-json\/wp\/v2\/types\/page"}],"author":[{"embeddable":true,"href":"https:\/\/acfcroatia.hr\/en\/wp-json\/wp\/v2\/users\/2"}],"replies":[{"embeddable":true,"href":"https:\/\/acfcroatia.hr\/en\/wp-json\/wp\/v2\/comments?post=458"}],"version-history":[{"count":3,"href":"https:\/\/acfcroatia.hr\/en\/wp-json\/wp\/v2\/pages\/458\/revisions"}],"predecessor-version":[{"id":1381,"href":"https:\/\/acfcroatia.hr\/en\/wp-json\/wp\/v2\/pages\/458\/revisions\/1381"}],"wp:attachment":[{"href":"https:\/\/acfcroatia.hr\/en\/wp-json\/wp\/v2\/media?parent=458"}],"curies":[{"name":"wp","href":"https:\/\/api.w.org\/{rel}","templated":true}]}}