{"id":4525,"date":"2025-02-28T15:20:54","date_gmt":"2025-02-28T14:20:54","guid":{"rendered":"https:\/\/acfcroatia.hr\/?page_id=4525"},"modified":"2025-02-28T15:33:41","modified_gmt":"2025-02-28T14:33:41","slug":"medium-projects-3","status":"publish","type":"page","link":"https:\/\/acfcroatia.hr\/en\/medium-projects-3\/","title":{"rendered":"Medium projects &#8211; results"},"content":{"rendered":"\n<figure class=\"wp-block-table is-style-stripes\"><table><thead><tr><th>#<\/th><th>Organization<\/th><th>Project<\/th><th>Grant Awarded (\u20ac)<\/th><\/tr><\/thead><tbody><tr><td><\/td><td><strong>Group 1<\/strong><\/td><td><\/td><td><\/td><\/tr><tr><td>1<\/td><td>Center for Women, Mothers and Children &#8211; RETO <\/td><td><a href=\"https:\/\/acfcroatia.hr\/wp-content\/uploads\/2025\/02\/Promotion-and-advocacy-of-an-integrated-drug-addiction-treatment-program-of-mothers-and-pregnant-women-in-communion-with-their-children.pdf\">Promotion and advocacy of an integrated drug addiction treatment program of mothers and pregnant women in communion with their children<\/a><\/td><td>29,999.78<\/td><\/tr><tr><td>2<\/td><td>Rainbow Families Croatia<\/td><td><a href=\"https:\/\/acfcroatia.hr\/wp-content\/uploads\/2025\/02\/My-Rainbow-Family.pdf\">My Rainbow Family<\/a><\/td><td>30,000.00<\/td><\/tr><tr><td>3<\/td><td>Living Atelier DK DAJHT KRALJ<\/td><td><a href=\"https:\/\/acfcroatia.hr\/wp-content\/uploads\/2025\/02\/Integration-of-Art-\u2013-Art-of-Integration_Women-to-Women.pdf\">Integration of Art &#8211; Art of Integration: Women to Women<\/a><\/td><td>29.999.96<\/td><\/tr><tr><td>4<\/td><td>Apoteka \u2013 Space for Contemporary Art<\/td><td><a href=\"https:\/\/acfcroatia.hr\/wp-content\/uploads\/2025\/02\/New-approaches-to-antifascist-and-peace-heritage-in-education-and-contemporary-art-practices.pdf\">New approaches to antifascist and peace heritage in education and contemporary art practices<\/a><\/td><td>30,000.00<\/td><\/tr><tr><td>5<\/td><td>Association of women \u201eTHREAD\u201c<\/td><td><a href=\"https:\/\/acfcroatia.hr\/wp-content\/uploads\/2025\/02\/BETWEEN-GENDER-AND-HOMELAND-.pdf\">BETWEEN GENDER AND HOMELAND<\/a><\/td><td>30,000.00<\/td><\/tr><tr><td>6<\/td><td>Roma Resource Center<\/td><td><a href=\"https:\/\/acfcroatia.hr\/wp-content\/uploads\/2025\/02\/PLAY-AND-LEARN-.pdf\">Play and learn<\/a><\/td><td>30,000.00<\/td><\/tr><tr><td>7<\/td><td>queerANarchive<\/td><td><a href=\"https:\/\/acfcroatia.hr\/wp-content\/uploads\/2025\/02\/LGBT-Center-Split.pdf\">LGBT centar Split<\/a><\/td><td>30,000.00<\/td><\/tr><tr><td>8<\/td><td>Regional Address for Nonviolent Activities<\/td><td><a href=\"https:\/\/acfcroatia.hr\/wp-content\/uploads\/2025\/02\/Policies-of-Local-Peacebuilding.pdf\">Policies of Local Peacebuilding<\/a><\/td><td>29,832.58<\/td><\/tr><tr><td>9<\/td><td>Women&#8217;s Network of Croatia<\/td><td><a href=\"https:\/\/acfcroatia.hr\/wp-content\/uploads\/2025\/02\/Advocating-for-Gender-Equality-at-Local-Level.pdf\">Advocating for Gender Equality at Local Level<\/a><\/td><td>30,000.00<\/td><\/tr><tr><td>10<\/td><td>Humanitarian association \u201cSavao\u201d<\/td><td><a href=\"https:\/\/acfcroatia.hr\/wp-content\/uploads\/2025\/02\/Lets-include-the-excluded.pdf\">Let\u2019s include the excluded<\/a><\/td><td>30,000.00<\/td><\/tr><tr><td>11<\/td><td>BORDERS:NONE<\/td><td><a href=\"https:\/\/acfcroatia.hr\/wp-content\/uploads\/2025\/02\/GET-TOGETHER-for-inclusion-and-rights-of-refugee-youth.pdf\">GET TOGETHER for inclusion and rights of refugee youth!<\/a><\/td><td>30,000.00<\/td><\/tr><tr><td>12<\/td><td>WISH ASSOCIATION<\/td><td><a href=\"https:\/\/acfcroatia.hr\/wp-content\/uploads\/2025\/02\/STRENGTHENING-YOUNG-PEOPLE-AND-CHILDREN-WITH-DISABILITIES-FOR-PROACTIVE-ACTION-AND-INCREASING-CIVIC-PARTICIPATION-.pdf\">Strengthening young people and children with disabilities for proactive action and increasing civic participation<\/a><\/td><td>30,000.00<\/td><\/tr><tr><td>13<\/td><td>ISKRA Waldorf Initiative<\/td><td><a href=\"https:\/\/acfcroatia.hr\/wp-content\/uploads\/2025\/02\/Lets-activate.pdf\">Let\u2019s activate<\/a><\/td><td>30,000.00<\/td><\/tr><tr><td>14<\/td><td>Youth association Ilok \u201e Will\u201c<\/td><td><a href=\"https:\/\/acfcroatia.hr\/wp-content\/uploads\/2025\/02\/The-other-side-of-the-coin.pdf\">The other side of the coin<\/a><\/td><td>30,000.00<\/td><\/tr><tr><td>15<\/td><td>Life Quality Enhancement Institute<\/td><td><a href=\"https:\/\/acfcroatia.hr\/wp-content\/uploads\/2025\/02\/Youth-for-Active-Citizenship.pdf\">Youth for Active Citizenship<\/a><\/td><td>30,000.00<\/td><\/tr><tr><td>16<\/td><td>Stichting Coalition for work with psychotrauma and peace Vukovar<\/td><td><a href=\"https:\/\/acfcroatia.hr\/wp-content\/uploads\/2025\/02\/Mental-Health-in-the-Community.pdf\">Mental Health in the Community<\/a><\/td><td>30,000.00<\/td><\/tr><tr><td>17<\/td><td>Association Humanum \u2013 Association for protection and promotion of human rights Humanum<\/td><td><a href=\"https:\/\/acfcroatia.hr\/wp-content\/uploads\/2025\/02\/Supported-strong-and-informed-\u2013-future-without-violence.pdf\">Supported, strong and informed &#8211; future without violence!<\/a><\/td><td>27,948.00<\/td><\/tr><tr><td>18<\/td><td>Association GOOD FOR GOODNESS<\/td><td><a href=\"https:\/\/acfcroatia.hr\/wp-content\/uploads\/2025\/02\/SOIL-AND-HUMANS-.pdf\">SOIL AND HUMANS<\/a><\/td><td>30,000.00<\/td><\/tr><tr><td>19<\/td><td>Youth for youth of Pleternica<\/td><td><a href=\"https:\/\/acfcroatia.hr\/wp-content\/uploads\/2025\/02\/Youth-in-the-community.pdf\">Youth in the community<\/a><\/td><td>30,000.00<\/td><\/tr><tr><td>20<\/td><td>Udruga za promicanje medijske kulture, umjetnosti i tolerancije \u201eLupiga \u2013 svijet kroz obi\u010dne o\u010di\u201c<\/td><td><a href=\"https:\/\/acfcroatia.hr\/wp-content\/uploads\/2025\/02\/FUNDME-\u2013-Formal-Association-of-Non-Profit-Digital-Media.pdf\">FUNDME &#8211; Formal Association of Non-Profit Digital Media<\/a><\/td><td>30,000.00<\/td><\/tr><tr><td>21<\/td><td>ADRA Croatia<\/td><td><a href=\"https:\/\/acfcroatia.hr\/wp-content\/uploads\/2025\/02\/Networking-and-increasing-the-preparedness-of-CSOs-for-crisis-situations-in-eastern-Croatia.pdf\">Networking and increasing the preparedness of CSOs for crisis situations in eastern Croatia<\/a><\/td><td>29,992.63<\/td><\/tr><\/tbody><\/table><\/figure>\n\n\n\n<hr class=\"wp-block-separator has-alpha-channel-opacity\"\/>\n\n\n\n<figure class=\"wp-block-table is-style-stripes\"><table><thead><tr><th>#<\/th><th>Organization<\/th><th>Project<\/th><th>Grant awarded (\u20ac)<\/th><\/tr><\/thead><tbody><tr><td><\/td><td><strong>Group 2<\/strong><\/td><td><\/td><td><\/td><\/tr><tr><td>1<\/td><td>Centre for Civic Initiatives Pore\u010d<\/td><td><a href=\"https:\/\/acfcroatia.hr\/wp-content\/uploads\/2025\/02\/Our-Daily-Sexism-.pdf\">Our Daily Sexism<\/a><\/td><td>89,812,51<\/td><\/tr><tr><td>2<\/td><td>Human Rights House Zagreb<\/td><td><a href=\"https:\/\/acfcroatia.hr\/wp-content\/uploads\/2025\/02\/Strengthening-the-protection-system-and-empowerment-of-communities-for-recognising-and-comparing-hate-speech-in-Croatia-.pdf\">Strengthening the protection system and empowerment of communities for recognising and comparing hate speech in Croatia<\/a><\/td><td>90,000.00<\/td><\/tr><tr><td>3<\/td><td>Multiple Sclerosis Society of Brod-Posavina Couonty<\/td><td><a href=\"https:\/\/acfcroatia.hr\/wp-content\/uploads\/2025\/02\/PRESS-for-ACCESS.pdf\">PRESS for ACCESS<\/a><\/td><td>88,390.14<\/td><\/tr><tr><td>4<\/td><td>Local Democracy Agency Sisak<\/td><td><a href=\"https:\/\/acfcroatia.hr\/wp-content\/uploads\/2025\/02\/Platform-for-development-of-school-volunteering.pdf\">Platform for development of school volunteering<\/a><\/td><td>87,870.00<\/td><\/tr><tr><td>5<\/td><td>Nansen Dialogue Centre Osijek<\/td><td><a href=\"https:\/\/acfcroatia.hr\/wp-content\/uploads\/2025\/02\/RIGHT-application.pdf\">RIGHT application<\/a><\/td><td>88,500.00<\/td><\/tr><tr><td>6<\/td><td>INFO ZONA<\/td><td><a href=\"https:\/\/acfcroatia.hr\/wp-content\/uploads\/2025\/02\/YOUTH-COUNCILS-\u2013-WHATS-NEXT.pdf\">Youth councils &#8211; what\u2019s next?<\/a><\/td><td>75,000.00<\/td><\/tr><tr><td>7<\/td><td>Association \u201eChildren First\u201c<\/td><td><a href=\"https:\/\/acfcroatia.hr\/wp-content\/uploads\/2025\/02\/Children-wellbeing-and-rights-cooperation-network.pdf\">Children wellbeing and rights cooperation network<\/a><\/td><td>89,840.76<\/td><\/tr><tr><td>8<\/td><td>Association for human rights and civic participation PaRiter<\/td><td><a href=\"https:\/\/acfcroatia.hr\/wp-content\/uploads\/2025\/02\/Healthy-relationships.pdf\">Healthy relationships<\/a><\/td><td>89,637.99<\/td><\/tr><tr><td>9<\/td><td>Information Legal Centre<\/td><td><a href=\"https:\/\/acfcroatia.hr\/wp-content\/uploads\/2025\/02\/Equality-for-Roma-through-combating-discrimination.pdf\">Equality for Roma through combating discrimination<\/a><\/td><td>89,948.63<\/td><\/tr><tr><td>10<\/td><td>Youth Peace Group Danube<\/td><td><a href=\"https:\/\/acfcroatia.hr\/wp-content\/uploads\/2025\/02\/Active-NGO.pdf\">Active NGO<\/a><\/td><td>86,397.20<\/td><\/tr><tr><td>11<\/td><td>Ri Rock Association<\/td><td><a href=\"https:\/\/acfcroatia.hr\/wp-content\/uploads\/2025\/02\/The-Wheel-of-Inclusion.pdf\">The Wheel of Inclusion<\/a><\/td><td>86,328.00<\/td><\/tr><tr><td>12<\/td><td>NGO Vida- helping people with substance use disorders<\/td><td><a href=\"https:\/\/acfcroatia.hr\/wp-content\/uploads\/2025\/02\/IPSilon-\u2013-application-of-effective-supported-employment-model-for-people-with-psychosocial-difficulties.pdf\">IPSilon- application of effective supported employment model for people with psychosocial difficulties<\/a><\/td><td>89,999.96<\/td><\/tr><tr><td>13<\/td><td>Association Metamedia<\/td><td><a href=\"https:\/\/acfcroatia.hr\/wp-content\/uploads\/2025\/02\/In-the-same-movie-\u2013-a-step-further-.pdf\">In the same movie &#8211; a step further<\/a><\/td><td>44,998.06<\/td><\/tr><tr><td>14<\/td><td>Rare Diseases Croatia<\/td><td><a href=\"https:\/\/acfcroatia.hr\/wp-content\/uploads\/2025\/02\/Comprehensive-support-for-women-with-rare-disease-challenges.pdf\">Comprehensive support for women with rare disease challenges<\/a><\/td><td>86,044.53<\/td><\/tr><tr><td>15<\/td><td>Expanse of Gender and Media Culture &#8216;Common Zone&#8217;<\/td><td><a href=\"https:\/\/acfcroatia.hr\/wp-content\/uploads\/2025\/02\/Neighborhood-community-centers.pdf\">Neighborhood community centres<\/a><\/td><td>87,608.79<\/td><\/tr><tr><td>16<\/td><td>Association \u201eMI\u201c<\/td><td><a href=\"https:\/\/acfcroatia.hr\/wp-content\/uploads\/2025\/02\/The-strongest-link-\u2013-volunteer-for-yourself-volunteer-for-others.pdf\">The strongest link \u2013 volunteer for yourself, volunteer for others<\/a><\/td><td>86,860.74<\/td><\/tr><tr><td>17<\/td><td>CERANEO \u2013 Center for the Development of Non-profit Organisations<\/td><td><a href=\"https:\/\/acfcroatia.hr\/wp-content\/uploads\/2025\/02\/Strengthening-the-capacity-of-civil-society-organizations-in-the-implementation-of-the-European-Pillar-of-Social-Rights-in-Croatia.pdf\">Strengthening the capacity of civil society organizations in the implementation of the European Pillar of Social Rights in Croatia<\/a><\/td><td>89,258.86<\/td><\/tr><tr><td>18<\/td><td>Croatian Association on Early Childhood Intervention \u2013 CAECI<\/td><td><a href=\"https:\/\/acfcroatia.hr\/wp-content\/uploads\/2025\/02\/Early-Childhood-Intervention-Coalition.pdf\">Early Childhood Intervention Coalition<\/a><\/td><td>85,000.00<\/td><\/tr><tr><td>19<\/td><td>Association Green Istria<\/td><td><a href=\"https:\/\/acfcroatia.hr\/wp-content\/uploads\/2025\/02\/Lets-light-the-spark-for-inclusion-together.pdf\">Let\u2019s light the spark for inclusion together!<\/a><\/td><td>90,000.00<\/td><\/tr><tr><td>20<\/td><td>Association for promotion of cultures Kulturtreger<\/td><td><a href=\"https:\/\/acfcroatia.hr\/wp-content\/uploads\/2025\/02\/Bottom-up-Archives-\u2013-organizational-memory-as-the-element-of-civil-society-sustainability.pdf\">Bottom-up Archives \u2013 organizational memory as the element of civil society sustainability<\/a><\/td><td>89,458.31<\/td><\/tr><tr><td>21<\/td><td>Creative social work association<\/td><td><a href=\"https:\/\/acfcroatia.hr\/wp-content\/uploads\/2025\/02\/Temida-\u2013-capacity-building-for-CSOs-to-protect-the-human-rights-of-women-in-prison.pdf\">Temida &#8211; capacity building for CSOs to protect the human rights of women in prison<\/a><\/td><td>89,840.48<\/td><\/tr><tr><td>22<\/td><td>Association for improvement of mental health \u201eVrap\u010di\u0107i\u201c<\/td><td><a href=\"https:\/\/acfcroatia.hr\/wp-content\/uploads\/2025\/02\/With-rainbow-colors-to-mental-health-.pdf\">With rainbow colors to mental health<\/a><\/td><td>82,095.79<\/td><\/tr><tr><td>23<\/td><td>CROSOL &#8211; Croatian Platform for International Citizen Solidarity<\/td><td><a href=\"https:\/\/acfcroatia.hr\/wp-content\/uploads\/2025\/02\/Local-Policies-Under-a-Magnifying-Glass-\u2013-Monitoring-the-Implementation-of-Sustainable-Development-Goals-in-Local-Communities.pdf\">Local Policies Under a Magnifying Glass \u2013 Monitoring the Implementation of Sustainable Development Goals in Local Communities<\/a><\/td><td>90,000.00<\/td><\/tr><tr><td>24<\/td><td>Incredible good institution \u2013 FADE IN<\/td><td><a href=\"https:\/\/acfcroatia.hr\/wp-content\/uploads\/2025\/02\/MADE-TO-MEASURE.pdf\">Made-to-measure<\/a><\/td><td>88,980.49<\/td><\/tr><\/tbody><\/table><\/figure>\n\n\n\n<p><\/p>\n","protected":false},"excerpt":{"rendered":"<p># Organization Project Grant Awarded (\u20ac) Group 1 1 Center for Women, Mothers and Children &#8211; RETO Promotion and advocacy of an integrated drug addiction treatment program of mothers and pregnant women in communion with their children 29,999.78 2 Rainbow Families Croatia My Rainbow Family 30,000.00 3 Living Atelier DK DAJHT KRALJ Integration of Art [&hellip;]<\/p>\n","protected":false},"author":2,"featured_media":0,"parent":0,"menu_order":0,"comment_status":"closed","ping_status":"closed","template":"","meta":{"_acf_changed":false,"footnotes":""},"class_list":["post-4525","page","type-page","status-publish","hentry"],"acf":[],"yoast_head":"<!-- This site is optimized with the Yoast SEO plugin v22.2 - https:\/\/yoast.com\/wordpress\/plugins\/seo\/ -->\n<title>Medium projects - results - Program fonda za aktivno gra\u0111anstvo u Hrvatskoj - ACF Hrvatska<\/title>\n<meta name=\"robots\" content=\"index, follow, max-snippet:-1, max-image-preview:large, max-video-preview:-1\" \/>\n<link rel=\"canonical\" href=\"https:\/\/acfcroatia.hr\/en\/medium-projects-3\/\" \/>\n<meta property=\"og:locale\" content=\"en_US\" \/>\n<meta property=\"og:type\" content=\"article\" \/>\n<meta property=\"og:title\" content=\"Medium projects - results - Program fonda za aktivno gra\u0111anstvo u Hrvatskoj - ACF Hrvatska\" \/>\n<meta property=\"og:description\" content=\"# Organization Project Grant Awarded (\u20ac) Group 1 1 Center for Women, Mothers and Children &#8211; RETO Promotion and advocacy of an integrated drug addiction treatment program of mothers and pregnant women in communion with their children 29,999.78 2 Rainbow Families Croatia My Rainbow Family 30,000.00 3 Living Atelier DK DAJHT KRALJ Integration of Art [&hellip;]\" \/>\n<meta property=\"og:url\" content=\"https:\/\/acfcroatia.hr\/en\/medium-projects-3\/\" \/>\n<meta property=\"og:site_name\" content=\"Program fonda za aktivno gra\u0111anstvo u Hrvatskoj - ACF Hrvatska\" \/>\n<meta property=\"article:modified_time\" content=\"2025-02-28T14:33:41+00:00\" \/>\n<meta name=\"twitter:card\" content=\"summary_large_image\" \/>\n<meta name=\"twitter:label1\" content=\"Est. reading time\" \/>\n\t<meta name=\"twitter:data1\" content=\"4 minutes\" \/>\n<script type=\"application\/ld+json\" class=\"yoast-schema-graph\">{\"@context\":\"https:\/\/schema.org\",\"@graph\":[{\"@type\":\"WebPage\",\"@id\":\"https:\/\/acfcroatia.hr\/en\/medium-projects-3\/\",\"url\":\"https:\/\/acfcroatia.hr\/en\/medium-projects-3\/\",\"name\":\"Medium projects - results - Program fonda za aktivno gra\u0111anstvo u Hrvatskoj - ACF Hrvatska\",\"isPartOf\":{\"@id\":\"https:\/\/acfcroatia.hr\/en\/#website\"},\"datePublished\":\"2025-02-28T14:20:54+00:00\",\"dateModified\":\"2025-02-28T14:33:41+00:00\",\"breadcrumb\":{\"@id\":\"https:\/\/acfcroatia.hr\/en\/medium-projects-3\/#breadcrumb\"},\"inLanguage\":\"en-US\",\"potentialAction\":[{\"@type\":\"ReadAction\",\"target\":[\"https:\/\/acfcroatia.hr\/en\/medium-projects-3\/\"]}]},{\"@type\":\"BreadcrumbList\",\"@id\":\"https:\/\/acfcroatia.hr\/en\/medium-projects-3\/#breadcrumb\",\"itemListElement\":[{\"@type\":\"ListItem\",\"position\":1,\"name\":\"Po\u010detna stranica\",\"item\":\"https:\/\/acfcroatia.hr\/en\/\"},{\"@type\":\"ListItem\",\"position\":2,\"name\":\"Medium projects &#8211; results\"}]},{\"@type\":\"WebSite\",\"@id\":\"https:\/\/acfcroatia.hr\/en\/#website\",\"url\":\"https:\/\/acfcroatia.hr\/en\/\",\"name\":\"Program fonda za aktivno gra\u0111anstvo u Hrvatskoj - ACF Hrvatska\",\"description\":\"Gra\u0111ani u akciji za uklju\u010dive zajednice i pravedno dru\u0161tvo\",\"potentialAction\":[{\"@type\":\"SearchAction\",\"target\":{\"@type\":\"EntryPoint\",\"urlTemplate\":\"https:\/\/acfcroatia.hr\/en\/?s={search_term_string}\"},\"query-input\":\"required name=search_term_string\"}],\"inLanguage\":\"en-US\"}]}<\/script>\n<!-- \/ Yoast SEO plugin. -->","yoast_head_json":{"title":"Medium projects - results - Program fonda za aktivno gra\u0111anstvo u Hrvatskoj - ACF Hrvatska","robots":{"index":"index","follow":"follow","max-snippet":"max-snippet:-1","max-image-preview":"max-image-preview:large","max-video-preview":"max-video-preview:-1"},"canonical":"https:\/\/acfcroatia.hr\/en\/medium-projects-3\/","og_locale":"en_US","og_type":"article","og_title":"Medium projects - results - Program fonda za aktivno gra\u0111anstvo u Hrvatskoj - ACF Hrvatska","og_description":"# Organization Project Grant Awarded (\u20ac) Group 1 1 Center for Women, Mothers and Children &#8211; RETO Promotion and advocacy of an integrated drug addiction treatment program of mothers and pregnant women in communion with their children 29,999.78 2 Rainbow Families Croatia My Rainbow Family 30,000.00 3 Living Atelier DK DAJHT KRALJ Integration of Art [&hellip;]","og_url":"https:\/\/acfcroatia.hr\/en\/medium-projects-3\/","og_site_name":"Program fonda za aktivno gra\u0111anstvo u Hrvatskoj - ACF Hrvatska","article_modified_time":"2025-02-28T14:33:41+00:00","twitter_card":"summary_large_image","twitter_misc":{"Est. reading time":"4 minutes"},"schema":{"@context":"https:\/\/schema.org","@graph":[{"@type":"WebPage","@id":"https:\/\/acfcroatia.hr\/en\/medium-projects-3\/","url":"https:\/\/acfcroatia.hr\/en\/medium-projects-3\/","name":"Medium projects - results - Program fonda za aktivno gra\u0111anstvo u Hrvatskoj - ACF Hrvatska","isPartOf":{"@id":"https:\/\/acfcroatia.hr\/en\/#website"},"datePublished":"2025-02-28T14:20:54+00:00","dateModified":"2025-02-28T14:33:41+00:00","breadcrumb":{"@id":"https:\/\/acfcroatia.hr\/en\/medium-projects-3\/#breadcrumb"},"inLanguage":"en-US","potentialAction":[{"@type":"ReadAction","target":["https:\/\/acfcroatia.hr\/en\/medium-projects-3\/"]}]},{"@type":"BreadcrumbList","@id":"https:\/\/acfcroatia.hr\/en\/medium-projects-3\/#breadcrumb","itemListElement":[{"@type":"ListItem","position":1,"name":"Po\u010detna stranica","item":"https:\/\/acfcroatia.hr\/en\/"},{"@type":"ListItem","position":2,"name":"Medium projects &#8211; results"}]},{"@type":"WebSite","@id":"https:\/\/acfcroatia.hr\/en\/#website","url":"https:\/\/acfcroatia.hr\/en\/","name":"Program fonda za aktivno gra\u0111anstvo u Hrvatskoj - ACF Hrvatska","description":"Gra\u0111ani u akciji za uklju\u010dive zajednice i pravedno dru\u0161tvo","potentialAction":[{"@type":"SearchAction","target":{"@type":"EntryPoint","urlTemplate":"https:\/\/acfcroatia.hr\/en\/?s={search_term_string}"},"query-input":"required name=search_term_string"}],"inLanguage":"en-US"}]}},"_links":{"self":[{"href":"https:\/\/acfcroatia.hr\/en\/wp-json\/wp\/v2\/pages\/4525","targetHints":{"allow":["GET"]}}],"collection":[{"href":"https:\/\/acfcroatia.hr\/en\/wp-json\/wp\/v2\/pages"}],"about":[{"href":"https:\/\/acfcroatia.hr\/en\/wp-json\/wp\/v2\/types\/page"}],"author":[{"embeddable":true,"href":"https:\/\/acfcroatia.hr\/en\/wp-json\/wp\/v2\/users\/2"}],"replies":[{"embeddable":true,"href":"https:\/\/acfcroatia.hr\/en\/wp-json\/wp\/v2\/comments?post=4525"}],"version-history":[{"count":30,"href":"https:\/\/acfcroatia.hr\/en\/wp-json\/wp\/v2\/pages\/4525\/revisions"}],"predecessor-version":[{"id":4647,"href":"https:\/\/acfcroatia.hr\/en\/wp-json\/wp\/v2\/pages\/4525\/revisions\/4647"}],"wp:attachment":[{"href":"https:\/\/acfcroatia.hr\/en\/wp-json\/wp\/v2\/media?parent=4525"}],"curies":[{"name":"wp","href":"https:\/\/api.w.org\/{rel}","templated":true}]}}