{"id":3564,"date":"2023-02-21T10:53:21","date_gmt":"2023-02-21T09:53:21","guid":{"rendered":"https:\/\/acfcroatia.hr\/?page_id=3564"},"modified":"2024-03-13T16:02:37","modified_gmt":"2024-03-13T15:02:37","slug":"fund-for-bilateral-relations","status":"publish","type":"page","link":"https:\/\/acfcroatia.hr\/en\/fund-for-bilateral-relations\/","title":{"rendered":"Fund for bilateral relations"},"content":{"rendered":"\n<p class=\"has-medium-font-size\"><strong>Restricted Ongoing Call for proposals to Call for Bilateral Initiatives<\/strong><\/p>\n\n\n\n<p><strong>Opening date:&nbsp;<\/strong>February 21, 2023<\/p>\n\n\n\n<p class=\"has-vivid-red-color has-text-color\"><strong><mark style=\"background-color:rgba(0, 0, 0, 0)\" class=\"has-inline-color has-black-color\">Deadline for submission: until December 31, 2023 <\/mark><\/strong>&#8211; APPLICATIONS ARE CLOSED<\/p>\n\n\n\n<p><strong>Requested contribution of ACF funding<\/strong>:&nbsp;up to 8.000 \u20ac<\/p>\n\n\n\n<p><strong>Project maximum funding rate:<\/strong>&nbsp;100 % of eligible expenditure.<\/p>\n\n\n\n<p class=\"has-vivid-red-color has-text-color\"><mark style=\"background-color:rgba(0, 0, 0, 0)\" class=\"has-inline-color has-black-color\"><strong>Project duration:<\/strong>\u00a0The final date for the completion of the bilateral initiative is <strong>30. 9. 2024.<\/strong> The final date of the eligibility of cost is <strong>30. 9. 2024.<\/strong><\/mark><\/p>\n\n\n\n<p><strong>Eligible applicants:<\/strong> Organizations eligible for funding within the Fund for Bilateral Relations are project promoters from Croatia, who implemented or are still implementing projects under the ACF Programme in partnership with organizations from the donor countries at the moment of submission of the application for funding. Also, organizations from the donor states who are acting as partners in supported projects under the ACF Programme are eligible applicants.<\/p>\n\n\n\n<p><strong>Purpose of the Call:<\/strong> The Fund for Bilateral Relations is established within ACF Programme in Croatia in order to support bilateral initiatives by providing funding for networking, sharing experiences and best practice and knowledge transfer between Croatian CSOs and organizations from the donor states (Norway, Iceland, and Liechtenstein). The purpose of this Call is to upgrade results in ACF Croatia projects that include (or have included) a bilateral partner.<\/p>\n\n\n\n<p><strong>CALL DOCUMENTATION:<\/strong><\/p>\n\n\n\n<p><strong>Call <strong>text and Guidelines for applicants<\/strong><\/strong>:<strong>  <\/strong><a href=\"https:\/\/acfcroatia.hr\/wp-content\/uploads\/2023\/10\/ACF-HR_Call_8_Bilateral_Fund_ENG_final_20231016.pdf\">https:\/\/acfcroatia.hr\/wp-content\/uploads\/2023\/10\/ACF-HR_Call_8_Bilateral_Fund_ENG_final_20231016.pdf<\/a><\/p>\n\n\n\n<p><strong><a href=\"https:\/\/acfcroatia.hr\/wp-content\/uploads\/2023\/02\/Bilateral_Fund_Application_form.docx\">Application Form<\/a><\/strong><\/p>\n\n\n\n<p><strong><a href=\"https:\/\/acfcroatia.hr\/wp-content\/uploads\/2023\/02\/HR_ENG_partnership-statement.docx\">Partnership statement<\/a><\/strong><\/p>\n\n\n\n<p><strong>LIST OF CONTRACTED BILATERAL INITIATIVES<\/strong>:<\/p>\n\n\n\n<ol class=\"wp-block-list\">\n<li><strong>CENTRE FOR CIVIC INITIATIVES PORE\u010c<\/strong><\/li>\n<\/ol>\n\n\n\n<p>Bilateral partner: Phronesis SA, Norway<\/p>\n\n\n\n<p>Bilateral initiative: Icelandic Women&#8217;s Rights Association (IWRA)<\/p>\n\n\n\n<p>Implementation period: 18.7.-17.12.2023<\/p>\n\n\n\n<p>Grant: 8.000,00 \u20ac<\/p>\n\n\n\n<p>2. <strong>Association for human rights and civic participation PaRiter<\/strong><\/p>\n\n\n\n<p>Bilateral partner: KUN Centre for Equality and Diversity<\/p>\n\n\n\n<p>Bilateral initiative: Healthy relationships; Smoqua Qeer Festival<\/p>\n\n\n\n<p>Implementation period: 15.5.-14.11.2023<\/p>\n\n\n\n<p>Grant: 8.000,00 \u20ac<\/p>\n\n\n\n<p>3. <strong>Croatian Association on Early Childhood Intervention \u2013 CAECI<\/strong><\/p>\n\n\n\n<p>Bilateral partner: The Reykjavik city Department of Education and Youth<\/p>\n\n\n\n<p>Bilateral initiative: Early Childhood Intervention Coalition<\/p>\n\n\n\n<p>Implementation period: 1.12.2023.-30.04.2024<\/p>\n\n\n\n<p>Grant: 7.992,02 \u20ac<\/p>\n\n\n\n<p>4. <strong>CENTRE FOR PEACE STUDIES<\/strong><\/p>\n\n\n\n<p>Bilateral partner: Phronesis SA, Norway<\/p>\n\n\n\n<p>Bilateral initiative: SNEP &#8211; Standards for Non-Formal Education Programs<\/p>\n\n\n\n<p>Implementation period: 20.8.-19.12.2023<\/p>\n\n\n\n<p>Grant: 8.000,00 \u20ac<\/p>\n\n\n\n<p>5. <strong>Lesbian organisation Rijeka \u201eLORI\u201c<\/strong><\/p>\n\n\n\n<p>Bilateral partner: Norsensus Mediaforum, Norway<\/p>\n\n\n\n<p>Bilateral initiative: Let&#8217;s support inclusive education &#8211; we are building a secure future<\/p>\n\n\n\n<p>Implementation period: 26.7.-15.10.2023<\/p>\n\n\n\n<p>Grant: 5.733,90 \u20ac<\/p>\n\n\n\n<p>6. <strong>Rare Diseases Croatia<\/strong><\/p>\n\n\n\n<p>Bilateral partner: FRAMBU Resource Centre for Rare Disorders, Norway<\/p>\n\n\n\n<p>Bilateral initiative: Comprehensive support for women with rare disease challenges<\/p>\n\n\n\n<p>Implementation period: 1.1.-31.5.2024<\/p>\n\n\n\n<p>Grant: 8.000,00 \u20ac<\/p>\n\n\n\n<p>7.\u00a0<strong>Rainbow families<\/strong><\/p>\n\n\n\n<p>Bilateral partner: FRI \u2013 Foreningen for kj\u00f8nns- og seksualitetsmangfold \/ FRI \u2013 National Association for Lesbians, Gays, Bisexuals and Transgender People, Norway<\/p>\n\n\n\n<p>Bilateral initiative: My rainbow family<\/p>\n\n\n\n<p>Implementation period: 1.5.-30.6.2024.<\/p>\n\n\n\n<p>Grant: 5.080,00 \u20ac<\/p>\n\n\n\n<p>8.<strong>\u00a0Association of Roma in the Republic of Croatia &#8220;Kali Sara&#8221;<\/strong><\/p>\n\n\n\n<p>Bilateral partner: Institute of Foreign Languages, University of Island and Roma in the Centre Initiative, Iceland<\/p>\n\n\n\n<p>Bilateral initiative: Educated Roma women, empowered Roma communities<\/p>\n\n\n\n<p>Implementation period: 1.4.-31.9.2024.<\/p>\n\n\n\n<p>Grant: 8.000,00 \u20ac<\/p>\n\n\n\n<p>9.<strong>\u00a0Nansen dialogue center Osijek<\/strong><\/p>\n\n\n\n<p>Bilateral partner: \u00c5retta ungdomsskole Lillehammer \/ \u00c5retta Junior high school Lillehammer, Norway<\/p>\n\n\n\n<p>Bilateral initiative: RIGHT application<\/p>\n\n\n\n<p>Implementation period: 19.1.-31.3.2024.<\/p>\n\n\n\n<p>Grant: 8.000,00 \u20ac<\/p>\n\n\n\n<hr class=\"wp-block-separator has-alpha-channel-opacity\"\/>\n\n\n\n<p><\/p>\n","protected":false},"excerpt":{"rendered":"<p>Restricted Ongoing Call for proposals to Call for Bilateral Initiatives Opening date:&nbsp;February 21, 2023 Deadline for submission: until December 31, 2023 &#8211; APPLICATIONS ARE CLOSED Requested contribution of ACF funding:&nbsp;up to 8.000 \u20ac Project maximum funding rate:&nbsp;100 % of eligible expenditure. Project duration:\u00a0The final date for the completion of the bilateral initiative is 30. 9. [&hellip;]<\/p>\n","protected":false},"author":2,"featured_media":0,"parent":0,"menu_order":0,"comment_status":"closed","ping_status":"closed","template":"","meta":{"_acf_changed":false,"footnotes":""},"class_list":["post-3564","page","type-page","status-publish","hentry"],"acf":[],"yoast_head":"<!-- This site is optimized with the Yoast SEO plugin v22.2 - https:\/\/yoast.com\/wordpress\/plugins\/seo\/ -->\n<title>Fund for bilateral relations - Program fonda za aktivno gra\u0111anstvo u Hrvatskoj - ACF Hrvatska<\/title>\n<meta name=\"robots\" content=\"index, follow, max-snippet:-1, max-image-preview:large, max-video-preview:-1\" \/>\n<link rel=\"canonical\" href=\"https:\/\/acfcroatia.hr\/en\/fund-for-bilateral-relations\/\" \/>\n<meta property=\"og:locale\" content=\"en_US\" \/>\n<meta property=\"og:type\" content=\"article\" \/>\n<meta property=\"og:title\" content=\"Fund for bilateral relations - Program fonda za aktivno gra\u0111anstvo u Hrvatskoj - ACF Hrvatska\" \/>\n<meta property=\"og:description\" content=\"Restricted Ongoing Call for proposals to Call for Bilateral Initiatives Opening date:&nbsp;February 21, 2023 Deadline for submission: until December 31, 2023 &#8211; APPLICATIONS ARE CLOSED Requested contribution of ACF funding:&nbsp;up to 8.000 \u20ac Project maximum funding rate:&nbsp;100 % of eligible expenditure. Project duration:\u00a0The final date for the completion of the bilateral initiative is 30. 9. [&hellip;]\" \/>\n<meta property=\"og:url\" content=\"https:\/\/acfcroatia.hr\/en\/fund-for-bilateral-relations\/\" \/>\n<meta property=\"og:site_name\" content=\"Program fonda za aktivno gra\u0111anstvo u Hrvatskoj - ACF Hrvatska\" \/>\n<meta property=\"article:modified_time\" content=\"2024-03-13T15:02:37+00:00\" \/>\n<meta name=\"twitter:card\" content=\"summary_large_image\" \/>\n<meta name=\"twitter:label1\" content=\"Est. reading time\" \/>\n\t<meta name=\"twitter:data1\" content=\"3 minutes\" \/>\n<script type=\"application\/ld+json\" class=\"yoast-schema-graph\">{\"@context\":\"https:\/\/schema.org\",\"@graph\":[{\"@type\":\"WebPage\",\"@id\":\"https:\/\/acfcroatia.hr\/en\/fund-for-bilateral-relations\/\",\"url\":\"https:\/\/acfcroatia.hr\/en\/fund-for-bilateral-relations\/\",\"name\":\"Fund for bilateral relations - Program fonda za aktivno gra\u0111anstvo u Hrvatskoj - ACF Hrvatska\",\"isPartOf\":{\"@id\":\"https:\/\/acfcroatia.hr\/en\/#website\"},\"datePublished\":\"2023-02-21T09:53:21+00:00\",\"dateModified\":\"2024-03-13T15:02:37+00:00\",\"breadcrumb\":{\"@id\":\"https:\/\/acfcroatia.hr\/en\/fund-for-bilateral-relations\/#breadcrumb\"},\"inLanguage\":\"en-US\",\"potentialAction\":[{\"@type\":\"ReadAction\",\"target\":[\"https:\/\/acfcroatia.hr\/en\/fund-for-bilateral-relations\/\"]}]},{\"@type\":\"BreadcrumbList\",\"@id\":\"https:\/\/acfcroatia.hr\/en\/fund-for-bilateral-relations\/#breadcrumb\",\"itemListElement\":[{\"@type\":\"ListItem\",\"position\":1,\"name\":\"Po\u010detna stranica\",\"item\":\"https:\/\/acfcroatia.hr\/en\/\"},{\"@type\":\"ListItem\",\"position\":2,\"name\":\"Fund for bilateral relations\"}]},{\"@type\":\"WebSite\",\"@id\":\"https:\/\/acfcroatia.hr\/en\/#website\",\"url\":\"https:\/\/acfcroatia.hr\/en\/\",\"name\":\"Program fonda za aktivno gra\u0111anstvo u Hrvatskoj - ACF Hrvatska\",\"description\":\"Gra\u0111ani u akciji za uklju\u010dive zajednice i pravedno dru\u0161tvo\",\"potentialAction\":[{\"@type\":\"SearchAction\",\"target\":{\"@type\":\"EntryPoint\",\"urlTemplate\":\"https:\/\/acfcroatia.hr\/en\/?s={search_term_string}\"},\"query-input\":\"required name=search_term_string\"}],\"inLanguage\":\"en-US\"}]}<\/script>\n<!-- \/ Yoast SEO plugin. -->","yoast_head_json":{"title":"Fund for bilateral relations - Program fonda za aktivno gra\u0111anstvo u Hrvatskoj - ACF Hrvatska","robots":{"index":"index","follow":"follow","max-snippet":"max-snippet:-1","max-image-preview":"max-image-preview:large","max-video-preview":"max-video-preview:-1"},"canonical":"https:\/\/acfcroatia.hr\/en\/fund-for-bilateral-relations\/","og_locale":"en_US","og_type":"article","og_title":"Fund for bilateral relations - Program fonda za aktivno gra\u0111anstvo u Hrvatskoj - ACF Hrvatska","og_description":"Restricted Ongoing Call for proposals to Call for Bilateral Initiatives Opening date:&nbsp;February 21, 2023 Deadline for submission: until December 31, 2023 &#8211; APPLICATIONS ARE CLOSED Requested contribution of ACF funding:&nbsp;up to 8.000 \u20ac Project maximum funding rate:&nbsp;100 % of eligible expenditure. Project duration:\u00a0The final date for the completion of the bilateral initiative is 30. 9. [&hellip;]","og_url":"https:\/\/acfcroatia.hr\/en\/fund-for-bilateral-relations\/","og_site_name":"Program fonda za aktivno gra\u0111anstvo u Hrvatskoj - ACF Hrvatska","article_modified_time":"2024-03-13T15:02:37+00:00","twitter_card":"summary_large_image","twitter_misc":{"Est. reading time":"3 minutes"},"schema":{"@context":"https:\/\/schema.org","@graph":[{"@type":"WebPage","@id":"https:\/\/acfcroatia.hr\/en\/fund-for-bilateral-relations\/","url":"https:\/\/acfcroatia.hr\/en\/fund-for-bilateral-relations\/","name":"Fund for bilateral relations - Program fonda za aktivno gra\u0111anstvo u Hrvatskoj - ACF Hrvatska","isPartOf":{"@id":"https:\/\/acfcroatia.hr\/en\/#website"},"datePublished":"2023-02-21T09:53:21+00:00","dateModified":"2024-03-13T15:02:37+00:00","breadcrumb":{"@id":"https:\/\/acfcroatia.hr\/en\/fund-for-bilateral-relations\/#breadcrumb"},"inLanguage":"en-US","potentialAction":[{"@type":"ReadAction","target":["https:\/\/acfcroatia.hr\/en\/fund-for-bilateral-relations\/"]}]},{"@type":"BreadcrumbList","@id":"https:\/\/acfcroatia.hr\/en\/fund-for-bilateral-relations\/#breadcrumb","itemListElement":[{"@type":"ListItem","position":1,"name":"Po\u010detna stranica","item":"https:\/\/acfcroatia.hr\/en\/"},{"@type":"ListItem","position":2,"name":"Fund for bilateral relations"}]},{"@type":"WebSite","@id":"https:\/\/acfcroatia.hr\/en\/#website","url":"https:\/\/acfcroatia.hr\/en\/","name":"Program fonda za aktivno gra\u0111anstvo u Hrvatskoj - ACF Hrvatska","description":"Gra\u0111ani u akciji za uklju\u010dive zajednice i pravedno dru\u0161tvo","potentialAction":[{"@type":"SearchAction","target":{"@type":"EntryPoint","urlTemplate":"https:\/\/acfcroatia.hr\/en\/?s={search_term_string}"},"query-input":"required name=search_term_string"}],"inLanguage":"en-US"}]}},"_links":{"self":[{"href":"https:\/\/acfcroatia.hr\/en\/wp-json\/wp\/v2\/pages\/3564","targetHints":{"allow":["GET"]}}],"collection":[{"href":"https:\/\/acfcroatia.hr\/en\/wp-json\/wp\/v2\/pages"}],"about":[{"href":"https:\/\/acfcroatia.hr\/en\/wp-json\/wp\/v2\/types\/page"}],"author":[{"embeddable":true,"href":"https:\/\/acfcroatia.hr\/en\/wp-json\/wp\/v2\/users\/2"}],"replies":[{"embeddable":true,"href":"https:\/\/acfcroatia.hr\/en\/wp-json\/wp\/v2\/comments?post=3564"}],"version-history":[{"count":7,"href":"https:\/\/acfcroatia.hr\/en\/wp-json\/wp\/v2\/pages\/3564\/revisions"}],"predecessor-version":[{"id":3826,"href":"https:\/\/acfcroatia.hr\/en\/wp-json\/wp\/v2\/pages\/3564\/revisions\/3826"}],"wp:attachment":[{"href":"https:\/\/acfcroatia.hr\/en\/wp-json\/wp\/v2\/media?parent=3564"}],"curies":[{"name":"wp","href":"https:\/\/api.w.org\/{rel}","templated":true}]}}