{"id":3169,"date":"2022-03-01T12:06:09","date_gmt":"2022-03-01T11:06:09","guid":{"rendered":"https:\/\/acfcroatia.hr\/?page_id=3169"},"modified":"2022-04-28T10:49:52","modified_gmt":"2022-04-28T08:49:52","slug":"organizational-grants","status":"publish","type":"page","link":"https:\/\/acfcroatia.hr\/en\/organizational-grants\/","title":{"rendered":"Organizational Grants"},"content":{"rendered":"\n<p><strong>Opening date: <\/strong>March 1, 2022<\/p>\n\n\n\n<p><strong>Requested contribution of ACF funding: <\/strong>60,000 \u20ac<\/p>\n\n\n\n<p><strong>Available indicative budget for this Call:<\/strong> 420,000 \u20ac<\/p>\n\n\n\n<p><strong>Project maximum funding rate:<\/strong> 100 % of eligible expenditure.<\/p>\n\n\n\n<p><strong>Project duration:<\/strong> 20 months (August 1, 2022 &#8211; March 31, 2024)<\/p>\n\n\n\n<p><strong>Deadline for submission offull project proposals<\/strong>: May 23, 2022, 12:00 (noon, Croatian time)<\/p>\n\n\n\n<p>Each individual applicant can submit <strong>only one project proposal<\/strong> in this call.<\/p>\n\n\n\n<p>In the scope of the organisational grants, <strong>partners are not allowed<\/strong>.<\/p>\n\n\n\n<p>Grant proposals must address one of the following programme areas:<\/p>\n\n\n\n<ul class=\"wp-block-list\"><li>Democracy, active citizenship, good governance and transparency,<\/li><li>Human rights and equal treatment through combating any discrimination on the grounds of racial or ethnic origin, religion or belief, gender, disability, age, sexual orientation or gender identity.<\/li><\/ul>\n\n\n\n<p>The main purpose of the call is to support Croatian CSOs working in selected areas of support and whose core activities are related to contributing to the Active Citizens Fund outcomes in achieving their strategic objectives.<\/p>\n\n\n\n<hr class=\"wp-block-separator\"\/>\n\n\n\n<p><strong>CALL DOCUMENTATION:<\/strong><\/p>\n\n\n\n<p><a href=\"https:\/\/acfcroatia.hr\/wp-content\/uploads\/2022\/04\/ACF_HR_Call_7_organisational_grant_2022_27042022-2.pdf\" target=\"_blank\" rel=\"noreferrer noopener\">Call for proposals for organisational (institutional) grants with Guidelines for applicants (pdf)<\/a> <\/p>\n\n\n\n<p><strong><span class=\"has-inline-color has-vivid-red-color\">Corrigendum: 27\/04\/2022 deadline is changed to May 23, 2022 (noon, Croatian time); p. 12 and 16 eligibility criterion for potential applicants who use institutional support from other national sources<\/span><\/strong><\/p>\n\n\n\n<p>Corrigendum: 16\/03\/2022 p.12, 16 source of other institutional support and p. 14, 15 date of the Certificate of paid taxes and compulsory charges, issued by the Fiscal Office<\/p>\n\n\n\n<p>Detailed presentation of the call for proposals will be held online on March 10, 2022. Register here; <a href=\"https:\/\/zoom.us\/meeting\/register\/tJ0lde6prz8iHdd9dA09hm0kWORHoIQ6-8OF?fbclid=IwAR3rMwLMJQVBrYXCk86yGFM51t0uQn1B2B6gxmJZLDJGnk0wN7iVPimHoME\" rel=\"noreferrer noopener\" target=\"_blank\">https:\/\/zoom.us\/meeting\/register\/tJ0lde6prz8iHdd9dA09hm0kWORHoIQ6-8OF<\/a><\/p>\n","protected":false},"excerpt":{"rendered":"<p>Opening date: March 1, 2022 Requested contribution of ACF funding: 60,000 \u20ac Available indicative budget for this Call: 420,000 \u20ac Project maximum funding rate: 100 % of eligible expenditure. Project duration: 20 months (August 1, 2022 &#8211; March 31, 2024) Deadline for submission offull project proposals: May 23, 2022, 12:00 (noon, Croatian time) Each individual [&hellip;]<\/p>\n","protected":false},"author":2,"featured_media":0,"parent":0,"menu_order":0,"comment_status":"closed","ping_status":"closed","template":"","meta":{"_acf_changed":false,"footnotes":""},"class_list":["post-3169","page","type-page","status-publish","hentry"],"acf":[],"yoast_head":"<!-- This site is optimized with the Yoast SEO plugin v22.2 - https:\/\/yoast.com\/wordpress\/plugins\/seo\/ -->\n<title>Organizational Grants - Program fonda za aktivno gra\u0111anstvo u Hrvatskoj - ACF Hrvatska<\/title>\n<meta name=\"robots\" content=\"index, follow, max-snippet:-1, max-image-preview:large, max-video-preview:-1\" \/>\n<link rel=\"canonical\" href=\"https:\/\/acfcroatia.hr\/en\/organizational-grants\/\" \/>\n<meta property=\"og:locale\" content=\"en_US\" \/>\n<meta property=\"og:type\" content=\"article\" \/>\n<meta property=\"og:title\" content=\"Organizational Grants - Program fonda za aktivno gra\u0111anstvo u Hrvatskoj - ACF Hrvatska\" \/>\n<meta property=\"og:description\" content=\"Opening date: March 1, 2022 Requested contribution of ACF funding: 60,000 \u20ac Available indicative budget for this Call: 420,000 \u20ac Project maximum funding rate: 100 % of eligible expenditure. Project duration: 20 months (August 1, 2022 &#8211; March 31, 2024) Deadline for submission offull project proposals: May 23, 2022, 12:00 (noon, Croatian time) Each individual [&hellip;]\" \/>\n<meta property=\"og:url\" content=\"https:\/\/acfcroatia.hr\/en\/organizational-grants\/\" \/>\n<meta property=\"og:site_name\" content=\"Program fonda za aktivno gra\u0111anstvo u Hrvatskoj - ACF Hrvatska\" \/>\n<meta property=\"article:modified_time\" content=\"2022-04-28T08:49:52+00:00\" \/>\n<meta name=\"twitter:card\" content=\"summary_large_image\" \/>\n<meta name=\"twitter:label1\" content=\"Est. reading time\" \/>\n\t<meta name=\"twitter:data1\" content=\"2 minutes\" \/>\n<script type=\"application\/ld+json\" class=\"yoast-schema-graph\">{\"@context\":\"https:\/\/schema.org\",\"@graph\":[{\"@type\":\"WebPage\",\"@id\":\"https:\/\/acfcroatia.hr\/en\/organizational-grants\/\",\"url\":\"https:\/\/acfcroatia.hr\/en\/organizational-grants\/\",\"name\":\"Organizational Grants - Program fonda za aktivno gra\u0111anstvo u Hrvatskoj - ACF Hrvatska\",\"isPartOf\":{\"@id\":\"https:\/\/acfcroatia.hr\/en\/#website\"},\"datePublished\":\"2022-03-01T11:06:09+00:00\",\"dateModified\":\"2022-04-28T08:49:52+00:00\",\"breadcrumb\":{\"@id\":\"https:\/\/acfcroatia.hr\/en\/organizational-grants\/#breadcrumb\"},\"inLanguage\":\"en-US\",\"potentialAction\":[{\"@type\":\"ReadAction\",\"target\":[\"https:\/\/acfcroatia.hr\/en\/organizational-grants\/\"]}]},{\"@type\":\"BreadcrumbList\",\"@id\":\"https:\/\/acfcroatia.hr\/en\/organizational-grants\/#breadcrumb\",\"itemListElement\":[{\"@type\":\"ListItem\",\"position\":1,\"name\":\"Po\u010detna stranica\",\"item\":\"https:\/\/acfcroatia.hr\/en\/\"},{\"@type\":\"ListItem\",\"position\":2,\"name\":\"Organizational Grants\"}]},{\"@type\":\"WebSite\",\"@id\":\"https:\/\/acfcroatia.hr\/en\/#website\",\"url\":\"https:\/\/acfcroatia.hr\/en\/\",\"name\":\"Program fonda za aktivno gra\u0111anstvo u Hrvatskoj - ACF Hrvatska\",\"description\":\"Gra\u0111ani u akciji za uklju\u010dive zajednice i pravedno dru\u0161tvo\",\"potentialAction\":[{\"@type\":\"SearchAction\",\"target\":{\"@type\":\"EntryPoint\",\"urlTemplate\":\"https:\/\/acfcroatia.hr\/en\/?s={search_term_string}\"},\"query-input\":\"required name=search_term_string\"}],\"inLanguage\":\"en-US\"}]}<\/script>\n<!-- \/ Yoast SEO plugin. -->","yoast_head_json":{"title":"Organizational Grants - Program fonda za aktivno gra\u0111anstvo u Hrvatskoj - ACF Hrvatska","robots":{"index":"index","follow":"follow","max-snippet":"max-snippet:-1","max-image-preview":"max-image-preview:large","max-video-preview":"max-video-preview:-1"},"canonical":"https:\/\/acfcroatia.hr\/en\/organizational-grants\/","og_locale":"en_US","og_type":"article","og_title":"Organizational Grants - Program fonda za aktivno gra\u0111anstvo u Hrvatskoj - ACF Hrvatska","og_description":"Opening date: March 1, 2022 Requested contribution of ACF funding: 60,000 \u20ac Available indicative budget for this Call: 420,000 \u20ac Project maximum funding rate: 100 % of eligible expenditure. Project duration: 20 months (August 1, 2022 &#8211; March 31, 2024) Deadline for submission offull project proposals: May 23, 2022, 12:00 (noon, Croatian time) Each individual [&hellip;]","og_url":"https:\/\/acfcroatia.hr\/en\/organizational-grants\/","og_site_name":"Program fonda za aktivno gra\u0111anstvo u Hrvatskoj - ACF Hrvatska","article_modified_time":"2022-04-28T08:49:52+00:00","twitter_card":"summary_large_image","twitter_misc":{"Est. reading time":"2 minutes"},"schema":{"@context":"https:\/\/schema.org","@graph":[{"@type":"WebPage","@id":"https:\/\/acfcroatia.hr\/en\/organizational-grants\/","url":"https:\/\/acfcroatia.hr\/en\/organizational-grants\/","name":"Organizational Grants - Program fonda za aktivno gra\u0111anstvo u Hrvatskoj - ACF Hrvatska","isPartOf":{"@id":"https:\/\/acfcroatia.hr\/en\/#website"},"datePublished":"2022-03-01T11:06:09+00:00","dateModified":"2022-04-28T08:49:52+00:00","breadcrumb":{"@id":"https:\/\/acfcroatia.hr\/en\/organizational-grants\/#breadcrumb"},"inLanguage":"en-US","potentialAction":[{"@type":"ReadAction","target":["https:\/\/acfcroatia.hr\/en\/organizational-grants\/"]}]},{"@type":"BreadcrumbList","@id":"https:\/\/acfcroatia.hr\/en\/organizational-grants\/#breadcrumb","itemListElement":[{"@type":"ListItem","position":1,"name":"Po\u010detna stranica","item":"https:\/\/acfcroatia.hr\/en\/"},{"@type":"ListItem","position":2,"name":"Organizational Grants"}]},{"@type":"WebSite","@id":"https:\/\/acfcroatia.hr\/en\/#website","url":"https:\/\/acfcroatia.hr\/en\/","name":"Program fonda za aktivno gra\u0111anstvo u Hrvatskoj - ACF Hrvatska","description":"Gra\u0111ani u akciji za uklju\u010dive zajednice i pravedno dru\u0161tvo","potentialAction":[{"@type":"SearchAction","target":{"@type":"EntryPoint","urlTemplate":"https:\/\/acfcroatia.hr\/en\/?s={search_term_string}"},"query-input":"required name=search_term_string"}],"inLanguage":"en-US"}]}},"_links":{"self":[{"href":"https:\/\/acfcroatia.hr\/en\/wp-json\/wp\/v2\/pages\/3169","targetHints":{"allow":["GET"]}}],"collection":[{"href":"https:\/\/acfcroatia.hr\/en\/wp-json\/wp\/v2\/pages"}],"about":[{"href":"https:\/\/acfcroatia.hr\/en\/wp-json\/wp\/v2\/types\/page"}],"author":[{"embeddable":true,"href":"https:\/\/acfcroatia.hr\/en\/wp-json\/wp\/v2\/users\/2"}],"replies":[{"embeddable":true,"href":"https:\/\/acfcroatia.hr\/en\/wp-json\/wp\/v2\/comments?post=3169"}],"version-history":[{"count":4,"href":"https:\/\/acfcroatia.hr\/en\/wp-json\/wp\/v2\/pages\/3169\/revisions"}],"predecessor-version":[{"id":3306,"href":"https:\/\/acfcroatia.hr\/en\/wp-json\/wp\/v2\/pages\/3169\/revisions\/3306"}],"wp:attachment":[{"href":"https:\/\/acfcroatia.hr\/en\/wp-json\/wp\/v2\/media?parent=3169"}],"curies":[{"name":"wp","href":"https:\/\/api.w.org\/{rel}","templated":true}]}}