{"id":2082,"date":"2021-04-14T11:15:23","date_gmt":"2021-04-14T09:15:23","guid":{"rendered":"https:\/\/acfcroatia.hr\/?page_id=2082"},"modified":"2021-04-14T11:15:24","modified_gmt":"2021-04-14T09:15:24","slug":"pro-ngo-quality-management-for-social-change","status":"publish","type":"page","link":"https:\/\/acfcroatia.hr\/en\/pro-ngo-quality-management-for-social-change\/","title":{"rendered":"Pro-NGO \u2013 quality management for social change"},"content":{"rendered":"\n<p><strong>Project Promoter:&nbsp;<\/strong>Culture Development Association \u201cCDA\u201d<\/p>\n\n\n\n<p><strong>Partner organizations:<\/strong><\/p>\n\n\n\n<ol class=\"wp-block-list\" id=\"block-f6850639-4620-4501-8e8f-5de7da93fc87\"><li>Gong, Zagreb<\/li><li>GRIF l.t.d, Zagreb<\/li><li>NGO O.A.ZA. \u2013 Sustainable Alternative to Community, Zagreb<\/li><li>Association &#8220;MI&#8221; \u2013 Split<\/li><li>Zvono Association, Beli\u0161\u0107e<\/li><li>Scanteam, Norway<\/li><\/ol>\n\n\n\n<p><strong>Contracted amount:&nbsp;<\/strong>200.000,00 EUR<\/p>\n\n\n\n<p><strong>Contact person:&nbsp;<\/strong>Bla\u017eenka Se\u010dkar, <a href=\"mailto:blazenka@gong.hr\">blazenka@gong.hr<\/a><\/p>\n\n\n\n<p><strong>Web site:&nbsp;<\/strong><a href=\"http:\/\/www.mochvara.hr\">www.mochvara.hr<\/a><\/p>\n\n\n\n<h3 class=\"wp-block-heading\"><strong>Project Summary:<\/strong><\/h3>\n\n\n\n<p>Pro-NGO &#8211; quality management for social change is a capacity building project for civil society organizations in Croatia. Innovative approach and engagement of civil society organizations in designing solutions make this project unique in creating tools for finance and administration for civil society organizations and capacity building for effective public communication of social impact of civil society organizations&#8217; (CSOs) \u00a0in Croatia.<\/p>\n\n\n\n<p>Tools which organizations typically use for finance and administration don&#8217;t meet the neccessary requirements of complexity for the work organizations carry out while there are no tools easily accessible in Croatian language. This is intervention in capacity building for CSOs in the sphere of finance and administration, development of innovative tools for organizations which they can use after this projects ends and improvement of CSOs&#8217; communication about the importance of resilient civil society organizations in a democratic society.<\/p>\n\n\n\n<p>Proposed actions stem from experience organizations in project consortium gained during decades of active participation in different fields of CSO work and their expertize in social enterpreneurship which give them broad perspective and close inter-sectoral support.<\/p>\n\n\n\n<p>This project is focused on community building amongst civil society organizations for enhancing their resilience in times of crisis built around several CSO networks and nonformal initiatives, development of open-source web platform as a digital support for CSOs, education and mentorship program, handbook for financial management and administration for CSOs, internship program for financial managers and communication training regarding organization\u2019s financial health and their social impact in order to build public trust and support.<\/p>\n\n\n\n<p>Further, part of activities is focused on designing financial software for CSOs according to organization\u2019s needs.<\/p>\n\n\n\n<p>Progressive CSOs according to the definition of Active Citizenship Fond will benefit from this project and wide project consortium ensures project implementation across the whole country. Norwegien partner <strong>Scanteam <\/strong>with it&#8217;s longtime international experience ensures fresh perspective in regard to this innovation based project.<\/p>\n","protected":false},"excerpt":{"rendered":"<p>Project Promoter:&nbsp;Culture Development Association \u201cCDA\u201d Partner organizations: Gong, Zagreb GRIF l.t.d, Zagreb NGO O.A.ZA. \u2013 Sustainable Alternative to Community, Zagreb Association &#8220;MI&#8221; \u2013 Split Zvono Association, Beli\u0161\u0107e Scanteam, Norway Contracted amount:&nbsp;200.000,00 EUR Contact person:&nbsp;Bla\u017eenka Se\u010dkar, blazenka@gong.hr Web site:&nbsp;www.mochvara.hr Project Summary: Pro-NGO &#8211; quality management for social change is a capacity building project for civil society [&hellip;]<\/p>\n","protected":false},"author":2,"featured_media":0,"parent":0,"menu_order":0,"comment_status":"closed","ping_status":"closed","template":"","meta":{"_acf_changed":false,"footnotes":""},"class_list":["post-2082","page","type-page","status-publish","hentry"],"acf":[],"yoast_head":"<!-- This site is optimized with the Yoast SEO plugin v22.2 - https:\/\/yoast.com\/wordpress\/plugins\/seo\/ -->\n<title>Pro-NGO \u2013 quality management for social change - Program fonda za aktivno gra\u0111anstvo u Hrvatskoj - ACF Hrvatska<\/title>\n<meta name=\"robots\" content=\"index, follow, max-snippet:-1, max-image-preview:large, max-video-preview:-1\" \/>\n<link rel=\"canonical\" href=\"https:\/\/acfcroatia.hr\/en\/pro-ngo-quality-management-for-social-change\/\" \/>\n<meta property=\"og:locale\" content=\"en_US\" \/>\n<meta property=\"og:type\" content=\"article\" \/>\n<meta property=\"og:title\" content=\"Pro-NGO \u2013 quality management for social change - Program fonda za aktivno gra\u0111anstvo u Hrvatskoj - ACF Hrvatska\" \/>\n<meta property=\"og:description\" content=\"Project Promoter:&nbsp;Culture Development Association \u201cCDA\u201d Partner organizations: Gong, Zagreb GRIF l.t.d, Zagreb NGO O.A.ZA. \u2013 Sustainable Alternative to Community, Zagreb Association &#8220;MI&#8221; \u2013 Split Zvono Association, Beli\u0161\u0107e Scanteam, Norway Contracted amount:&nbsp;200.000,00 EUR Contact person:&nbsp;Bla\u017eenka Se\u010dkar, blazenka@gong.hr Web site:&nbsp;www.mochvara.hr Project Summary: Pro-NGO &#8211; quality management for social change is a capacity building project for civil society [&hellip;]\" \/>\n<meta property=\"og:url\" content=\"https:\/\/acfcroatia.hr\/en\/pro-ngo-quality-management-for-social-change\/\" \/>\n<meta property=\"og:site_name\" content=\"Program fonda za aktivno gra\u0111anstvo u Hrvatskoj - ACF Hrvatska\" \/>\n<meta property=\"article:modified_time\" content=\"2021-04-14T09:15:24+00:00\" \/>\n<meta name=\"twitter:card\" content=\"summary_large_image\" \/>\n<meta name=\"twitter:label1\" content=\"Est. reading time\" \/>\n\t<meta name=\"twitter:data1\" content=\"2 minutes\" \/>\n<script type=\"application\/ld+json\" class=\"yoast-schema-graph\">{\"@context\":\"https:\/\/schema.org\",\"@graph\":[{\"@type\":\"WebPage\",\"@id\":\"https:\/\/acfcroatia.hr\/en\/pro-ngo-quality-management-for-social-change\/\",\"url\":\"https:\/\/acfcroatia.hr\/en\/pro-ngo-quality-management-for-social-change\/\",\"name\":\"Pro-NGO \u2013 quality management for social change - Program fonda za aktivno gra\u0111anstvo u Hrvatskoj - ACF Hrvatska\",\"isPartOf\":{\"@id\":\"https:\/\/acfcroatia.hr\/en\/#website\"},\"datePublished\":\"2021-04-14T09:15:23+00:00\",\"dateModified\":\"2021-04-14T09:15:24+00:00\",\"breadcrumb\":{\"@id\":\"https:\/\/acfcroatia.hr\/en\/pro-ngo-quality-management-for-social-change\/#breadcrumb\"},\"inLanguage\":\"en-US\",\"potentialAction\":[{\"@type\":\"ReadAction\",\"target\":[\"https:\/\/acfcroatia.hr\/en\/pro-ngo-quality-management-for-social-change\/\"]}]},{\"@type\":\"BreadcrumbList\",\"@id\":\"https:\/\/acfcroatia.hr\/en\/pro-ngo-quality-management-for-social-change\/#breadcrumb\",\"itemListElement\":[{\"@type\":\"ListItem\",\"position\":1,\"name\":\"Po\u010detna stranica\",\"item\":\"https:\/\/acfcroatia.hr\/en\/\"},{\"@type\":\"ListItem\",\"position\":2,\"name\":\"Pro-NGO \u2013 quality management for social change\"}]},{\"@type\":\"WebSite\",\"@id\":\"https:\/\/acfcroatia.hr\/en\/#website\",\"url\":\"https:\/\/acfcroatia.hr\/en\/\",\"name\":\"Program fonda za aktivno gra\u0111anstvo u Hrvatskoj - ACF Hrvatska\",\"description\":\"Gra\u0111ani u akciji za uklju\u010dive zajednice i pravedno dru\u0161tvo\",\"potentialAction\":[{\"@type\":\"SearchAction\",\"target\":{\"@type\":\"EntryPoint\",\"urlTemplate\":\"https:\/\/acfcroatia.hr\/en\/?s={search_term_string}\"},\"query-input\":\"required name=search_term_string\"}],\"inLanguage\":\"en-US\"}]}<\/script>\n<!-- \/ Yoast SEO plugin. -->","yoast_head_json":{"title":"Pro-NGO \u2013 quality management for social change - Program fonda za aktivno gra\u0111anstvo u Hrvatskoj - ACF Hrvatska","robots":{"index":"index","follow":"follow","max-snippet":"max-snippet:-1","max-image-preview":"max-image-preview:large","max-video-preview":"max-video-preview:-1"},"canonical":"https:\/\/acfcroatia.hr\/en\/pro-ngo-quality-management-for-social-change\/","og_locale":"en_US","og_type":"article","og_title":"Pro-NGO \u2013 quality management for social change - Program fonda za aktivno gra\u0111anstvo u Hrvatskoj - ACF Hrvatska","og_description":"Project Promoter:&nbsp;Culture Development Association \u201cCDA\u201d Partner organizations: Gong, Zagreb GRIF l.t.d, Zagreb NGO O.A.ZA. \u2013 Sustainable Alternative to Community, Zagreb Association &#8220;MI&#8221; \u2013 Split Zvono Association, Beli\u0161\u0107e Scanteam, Norway Contracted amount:&nbsp;200.000,00 EUR Contact person:&nbsp;Bla\u017eenka Se\u010dkar, blazenka@gong.hr Web site:&nbsp;www.mochvara.hr Project Summary: Pro-NGO &#8211; quality management for social change is a capacity building project for civil society [&hellip;]","og_url":"https:\/\/acfcroatia.hr\/en\/pro-ngo-quality-management-for-social-change\/","og_site_name":"Program fonda za aktivno gra\u0111anstvo u Hrvatskoj - ACF Hrvatska","article_modified_time":"2021-04-14T09:15:24+00:00","twitter_card":"summary_large_image","twitter_misc":{"Est. reading time":"2 minutes"},"schema":{"@context":"https:\/\/schema.org","@graph":[{"@type":"WebPage","@id":"https:\/\/acfcroatia.hr\/en\/pro-ngo-quality-management-for-social-change\/","url":"https:\/\/acfcroatia.hr\/en\/pro-ngo-quality-management-for-social-change\/","name":"Pro-NGO \u2013 quality management for social change - Program fonda za aktivno gra\u0111anstvo u Hrvatskoj - ACF Hrvatska","isPartOf":{"@id":"https:\/\/acfcroatia.hr\/en\/#website"},"datePublished":"2021-04-14T09:15:23+00:00","dateModified":"2021-04-14T09:15:24+00:00","breadcrumb":{"@id":"https:\/\/acfcroatia.hr\/en\/pro-ngo-quality-management-for-social-change\/#breadcrumb"},"inLanguage":"en-US","potentialAction":[{"@type":"ReadAction","target":["https:\/\/acfcroatia.hr\/en\/pro-ngo-quality-management-for-social-change\/"]}]},{"@type":"BreadcrumbList","@id":"https:\/\/acfcroatia.hr\/en\/pro-ngo-quality-management-for-social-change\/#breadcrumb","itemListElement":[{"@type":"ListItem","position":1,"name":"Po\u010detna stranica","item":"https:\/\/acfcroatia.hr\/en\/"},{"@type":"ListItem","position":2,"name":"Pro-NGO \u2013 quality management for social change"}]},{"@type":"WebSite","@id":"https:\/\/acfcroatia.hr\/en\/#website","url":"https:\/\/acfcroatia.hr\/en\/","name":"Program fonda za aktivno gra\u0111anstvo u Hrvatskoj - ACF Hrvatska","description":"Gra\u0111ani u akciji za uklju\u010dive zajednice i pravedno dru\u0161tvo","potentialAction":[{"@type":"SearchAction","target":{"@type":"EntryPoint","urlTemplate":"https:\/\/acfcroatia.hr\/en\/?s={search_term_string}"},"query-input":"required name=search_term_string"}],"inLanguage":"en-US"}]}},"_links":{"self":[{"href":"https:\/\/acfcroatia.hr\/en\/wp-json\/wp\/v2\/pages\/2082","targetHints":{"allow":["GET"]}}],"collection":[{"href":"https:\/\/acfcroatia.hr\/en\/wp-json\/wp\/v2\/pages"}],"about":[{"href":"https:\/\/acfcroatia.hr\/en\/wp-json\/wp\/v2\/types\/page"}],"author":[{"embeddable":true,"href":"https:\/\/acfcroatia.hr\/en\/wp-json\/wp\/v2\/users\/2"}],"replies":[{"embeddable":true,"href":"https:\/\/acfcroatia.hr\/en\/wp-json\/wp\/v2\/comments?post=2082"}],"version-history":[{"count":3,"href":"https:\/\/acfcroatia.hr\/en\/wp-json\/wp\/v2\/pages\/2082\/revisions"}],"predecessor-version":[{"id":2090,"href":"https:\/\/acfcroatia.hr\/en\/wp-json\/wp\/v2\/pages\/2082\/revisions\/2090"}],"wp:attachment":[{"href":"https:\/\/acfcroatia.hr\/en\/wp-json\/wp\/v2\/media?parent=2082"}],"curies":[{"name":"wp","href":"https:\/\/api.w.org\/{rel}","templated":true}]}}