{"id":2078,"date":"2021-04-14T11:09:19","date_gmt":"2021-04-14T09:09:19","guid":{"rendered":"https:\/\/acfcroatia.hr\/?page_id=2078"},"modified":"2021-04-14T11:09:19","modified_gmt":"2021-04-14T09:09:19","slug":"skockano-quality-standard-of-civil-society-organizations-constructively-engaged-in-non-formal-education","status":"publish","type":"page","link":"https:\/\/acfcroatia.hr\/en\/skockano-quality-standard-of-civil-society-organizations-constructively-engaged-in-non-formal-education\/","title":{"rendered":"\u201cSKOCKANO \u2013 quality standard of civil society organizations constructively engaged in non-formal education\u201c"},"content":{"rendered":"\n<p><strong>Project Promoter:&nbsp;<\/strong>Centre for Peace Studies<\/p>\n\n\n\n<p><strong>Partner organizations:<\/strong> <\/p>\n\n\n\n<ol class=\"wp-block-list\"><li>Forum for Freedom in Education (FFE)<\/li><li>Human Rights House Zagreb (HRH)<\/li><li>Centre for Civile Initiatives Pore\u010d (CCI)<\/li><li>GOOD Initiative for systematic and quality introduction of human rights and democratic citizenship education into the formal education system (GOOD Initiative)<\/li><li>Phronesis SA, Norway<\/li><\/ol>\n\n\n\n<p><strong>Contracted amount:&nbsp;<\/strong>199.000,00 EUR<\/p>\n\n\n\n<p><strong>Contact person:&nbsp;<\/strong>Lovorka Ba\u010di\u0107,&nbsp;lovorka.bacic@cms.hr<\/p>\n\n\n\n<p><strong>Web site:&nbsp;<\/strong>&nbsp;<a href=\"https:\/\/www.cms.hr\/\" target=\"_blank\" rel=\"noreferrer noopener\">www.cms.hr<\/a><\/p>\n\n\n\n<h3 class=\"wp-block-heading\"><strong>Project Summary:<\/strong><\/h3>\n\n\n\n<p class=\"has-text-align-left\">Non-formal education provided by civil society organizations (CSOs) is important link in increasing the civic competencies, prevention of discriminatory and risk behavior as well as in improving of life quality and development of local communities. In CSO register we have 4207 associations active in the education field, and according to 2011 research results done by National Foundation for Civil Society Development \u2013 the most common type of CSOs activities was education, 75% of CSOs stated they provide some of the different forms of non-formal education. <\/p>\n\n\n\n<p class=\"has-text-align-left\">On the other hand, CSOs work and contribution is still not enough recognized and valued. Public sector often does not accept CSOs as equal partners in solving the community problems as well as in work related to prevention through non-formal education although this is often pointed out in local and national strategies as important. Due to CSOs work circumstances the non-formal education activities they provide are mostly done sporadically or limited to project duration. So although there is invested effort, time and money in development of quality programs, they often stop with project ending. Because of all mentioned &#8211; achieving of long-lasting effects and changes in society are lacking.<\/p>\n\n\n\n<p>With SKOCKANO project we want to increase the CSOs influence in the field of non-formal education through: establishing of sustainable quality assurance system for non-formal education; building the capacities of CSOs for implementing non-formal education and application of quality system; strengthening of sectoral and inter-sectoral cooperation as well as increase of sector visibility. Mentioned activities are aiming at raising the quality of CSOs work in area of non-formal education and also to improve the frame and the environment for work of CSOs that provide non-formal education. <\/p>\n\n\n\n<p>Strengthening of CSOs capacities for quality implementing of non-formal education will assure the support in education for citizenship and human rights, as well as support for CSOs work (and its spreading) with citizens and local communities, increased reach of the sector in inclusion and informing of citizens and public sector. Through promotion and firming the inter-sectoral cooperation as well as synergy work within the sector, we want also to influence and increase the recognition of non-formal education provided by CSOs as well as influence the effectiveness of funding and valuing the CSOs in order to assure the sector sustainability.<\/p>\n","protected":false},"excerpt":{"rendered":"<p>Project Promoter:&nbsp;Centre for Peace Studies Partner organizations: Forum for Freedom in Education (FFE) Human Rights House Zagreb (HRH) Centre for Civile Initiatives Pore\u010d (CCI) GOOD Initiative for systematic and quality introduction of human rights and democratic citizenship education into the formal education system (GOOD Initiative) Phronesis SA, Norway Contracted amount:&nbsp;199.000,00 EUR Contact person:&nbsp;Lovorka Ba\u010di\u0107,&nbsp;lovorka.bacic@cms.hr Web [&hellip;]<\/p>\n","protected":false},"author":2,"featured_media":0,"parent":0,"menu_order":0,"comment_status":"closed","ping_status":"closed","template":"","meta":{"_acf_changed":false,"footnotes":""},"class_list":["post-2078","page","type-page","status-publish","hentry"],"acf":[],"yoast_head":"<!-- This site is optimized with the Yoast SEO plugin v22.2 - https:\/\/yoast.com\/wordpress\/plugins\/seo\/ -->\n<title>\u201cSKOCKANO \u2013 quality standard of civil society organizations constructively engaged in non-formal education\u201c - Program fonda za aktivno gra\u0111anstvo u Hrvatskoj - ACF Hrvatska<\/title>\n<meta name=\"robots\" content=\"index, follow, max-snippet:-1, max-image-preview:large, max-video-preview:-1\" \/>\n<link rel=\"canonical\" href=\"https:\/\/acfcroatia.hr\/en\/skockano-quality-standard-of-civil-society-organizations-constructively-engaged-in-non-formal-education\/\" \/>\n<meta property=\"og:locale\" content=\"en_US\" \/>\n<meta property=\"og:type\" content=\"article\" \/>\n<meta property=\"og:title\" content=\"\u201cSKOCKANO \u2013 quality standard of civil society organizations constructively engaged in non-formal education\u201c - Program fonda za aktivno gra\u0111anstvo u Hrvatskoj - ACF Hrvatska\" \/>\n<meta property=\"og:description\" content=\"Project Promoter:&nbsp;Centre for Peace Studies Partner organizations: Forum for Freedom in Education (FFE) Human Rights House Zagreb (HRH) Centre for Civile Initiatives Pore\u010d (CCI) GOOD Initiative for systematic and quality introduction of human rights and democratic citizenship education into the formal education system (GOOD Initiative) Phronesis SA, Norway Contracted amount:&nbsp;199.000,00 EUR Contact person:&nbsp;Lovorka Ba\u010di\u0107,&nbsp;lovorka.bacic@cms.hr Web [&hellip;]\" \/>\n<meta property=\"og:url\" content=\"https:\/\/acfcroatia.hr\/en\/skockano-quality-standard-of-civil-society-organizations-constructively-engaged-in-non-formal-education\/\" \/>\n<meta property=\"og:site_name\" content=\"Program fonda za aktivno gra\u0111anstvo u Hrvatskoj - ACF Hrvatska\" \/>\n<meta name=\"twitter:card\" content=\"summary_large_image\" \/>\n<meta name=\"twitter:label1\" content=\"Est. reading time\" \/>\n\t<meta name=\"twitter:data1\" content=\"2 minutes\" \/>\n<script type=\"application\/ld+json\" class=\"yoast-schema-graph\">{\"@context\":\"https:\/\/schema.org\",\"@graph\":[{\"@type\":\"WebPage\",\"@id\":\"https:\/\/acfcroatia.hr\/en\/skockano-quality-standard-of-civil-society-organizations-constructively-engaged-in-non-formal-education\/\",\"url\":\"https:\/\/acfcroatia.hr\/en\/skockano-quality-standard-of-civil-society-organizations-constructively-engaged-in-non-formal-education\/\",\"name\":\"\u201cSKOCKANO \u2013 quality standard of civil society organizations constructively engaged in non-formal education\u201c - Program fonda za aktivno gra\u0111anstvo u Hrvatskoj - ACF Hrvatska\",\"isPartOf\":{\"@id\":\"https:\/\/acfcroatia.hr\/en\/#website\"},\"datePublished\":\"2021-04-14T09:09:19+00:00\",\"dateModified\":\"2021-04-14T09:09:19+00:00\",\"breadcrumb\":{\"@id\":\"https:\/\/acfcroatia.hr\/en\/skockano-quality-standard-of-civil-society-organizations-constructively-engaged-in-non-formal-education\/#breadcrumb\"},\"inLanguage\":\"en-US\",\"potentialAction\":[{\"@type\":\"ReadAction\",\"target\":[\"https:\/\/acfcroatia.hr\/en\/skockano-quality-standard-of-civil-society-organizations-constructively-engaged-in-non-formal-education\/\"]}]},{\"@type\":\"BreadcrumbList\",\"@id\":\"https:\/\/acfcroatia.hr\/en\/skockano-quality-standard-of-civil-society-organizations-constructively-engaged-in-non-formal-education\/#breadcrumb\",\"itemListElement\":[{\"@type\":\"ListItem\",\"position\":1,\"name\":\"Po\u010detna stranica\",\"item\":\"https:\/\/acfcroatia.hr\/en\/\"},{\"@type\":\"ListItem\",\"position\":2,\"name\":\"\u201cSKOCKANO \u2013 quality standard of civil society organizations constructively engaged in non-formal education\u201c\"}]},{\"@type\":\"WebSite\",\"@id\":\"https:\/\/acfcroatia.hr\/en\/#website\",\"url\":\"https:\/\/acfcroatia.hr\/en\/\",\"name\":\"Program fonda za aktivno gra\u0111anstvo u Hrvatskoj - ACF Hrvatska\",\"description\":\"Gra\u0111ani u akciji za uklju\u010dive zajednice i pravedno dru\u0161tvo\",\"potentialAction\":[{\"@type\":\"SearchAction\",\"target\":{\"@type\":\"EntryPoint\",\"urlTemplate\":\"https:\/\/acfcroatia.hr\/en\/?s={search_term_string}\"},\"query-input\":\"required name=search_term_string\"}],\"inLanguage\":\"en-US\"}]}<\/script>\n<!-- \/ Yoast SEO plugin. -->","yoast_head_json":{"title":"\u201cSKOCKANO \u2013 quality standard of civil society organizations constructively engaged in non-formal education\u201c - Program fonda za aktivno gra\u0111anstvo u Hrvatskoj - ACF Hrvatska","robots":{"index":"index","follow":"follow","max-snippet":"max-snippet:-1","max-image-preview":"max-image-preview:large","max-video-preview":"max-video-preview:-1"},"canonical":"https:\/\/acfcroatia.hr\/en\/skockano-quality-standard-of-civil-society-organizations-constructively-engaged-in-non-formal-education\/","og_locale":"en_US","og_type":"article","og_title":"\u201cSKOCKANO \u2013 quality standard of civil society organizations constructively engaged in non-formal education\u201c - Program fonda za aktivno gra\u0111anstvo u Hrvatskoj - ACF Hrvatska","og_description":"Project Promoter:&nbsp;Centre for Peace Studies Partner organizations: Forum for Freedom in Education (FFE) Human Rights House Zagreb (HRH) Centre for Civile Initiatives Pore\u010d (CCI) GOOD Initiative for systematic and quality introduction of human rights and democratic citizenship education into the formal education system (GOOD Initiative) Phronesis SA, Norway Contracted amount:&nbsp;199.000,00 EUR Contact person:&nbsp;Lovorka Ba\u010di\u0107,&nbsp;lovorka.bacic@cms.hr Web [&hellip;]","og_url":"https:\/\/acfcroatia.hr\/en\/skockano-quality-standard-of-civil-society-organizations-constructively-engaged-in-non-formal-education\/","og_site_name":"Program fonda za aktivno gra\u0111anstvo u Hrvatskoj - ACF Hrvatska","twitter_card":"summary_large_image","twitter_misc":{"Est. reading time":"2 minutes"},"schema":{"@context":"https:\/\/schema.org","@graph":[{"@type":"WebPage","@id":"https:\/\/acfcroatia.hr\/en\/skockano-quality-standard-of-civil-society-organizations-constructively-engaged-in-non-formal-education\/","url":"https:\/\/acfcroatia.hr\/en\/skockano-quality-standard-of-civil-society-organizations-constructively-engaged-in-non-formal-education\/","name":"\u201cSKOCKANO \u2013 quality standard of civil society organizations constructively engaged in non-formal education\u201c - Program fonda za aktivno gra\u0111anstvo u Hrvatskoj - ACF Hrvatska","isPartOf":{"@id":"https:\/\/acfcroatia.hr\/en\/#website"},"datePublished":"2021-04-14T09:09:19+00:00","dateModified":"2021-04-14T09:09:19+00:00","breadcrumb":{"@id":"https:\/\/acfcroatia.hr\/en\/skockano-quality-standard-of-civil-society-organizations-constructively-engaged-in-non-formal-education\/#breadcrumb"},"inLanguage":"en-US","potentialAction":[{"@type":"ReadAction","target":["https:\/\/acfcroatia.hr\/en\/skockano-quality-standard-of-civil-society-organizations-constructively-engaged-in-non-formal-education\/"]}]},{"@type":"BreadcrumbList","@id":"https:\/\/acfcroatia.hr\/en\/skockano-quality-standard-of-civil-society-organizations-constructively-engaged-in-non-formal-education\/#breadcrumb","itemListElement":[{"@type":"ListItem","position":1,"name":"Po\u010detna stranica","item":"https:\/\/acfcroatia.hr\/en\/"},{"@type":"ListItem","position":2,"name":"\u201cSKOCKANO \u2013 quality standard of civil society organizations constructively engaged in non-formal education\u201c"}]},{"@type":"WebSite","@id":"https:\/\/acfcroatia.hr\/en\/#website","url":"https:\/\/acfcroatia.hr\/en\/","name":"Program fonda za aktivno gra\u0111anstvo u Hrvatskoj - ACF Hrvatska","description":"Gra\u0111ani u akciji za uklju\u010dive zajednice i pravedno dru\u0161tvo","potentialAction":[{"@type":"SearchAction","target":{"@type":"EntryPoint","urlTemplate":"https:\/\/acfcroatia.hr\/en\/?s={search_term_string}"},"query-input":"required name=search_term_string"}],"inLanguage":"en-US"}]}},"_links":{"self":[{"href":"https:\/\/acfcroatia.hr\/en\/wp-json\/wp\/v2\/pages\/2078","targetHints":{"allow":["GET"]}}],"collection":[{"href":"https:\/\/acfcroatia.hr\/en\/wp-json\/wp\/v2\/pages"}],"about":[{"href":"https:\/\/acfcroatia.hr\/en\/wp-json\/wp\/v2\/types\/page"}],"author":[{"embeddable":true,"href":"https:\/\/acfcroatia.hr\/en\/wp-json\/wp\/v2\/users\/2"}],"replies":[{"embeddable":true,"href":"https:\/\/acfcroatia.hr\/en\/wp-json\/wp\/v2\/comments?post=2078"}],"version-history":[{"count":2,"href":"https:\/\/acfcroatia.hr\/en\/wp-json\/wp\/v2\/pages\/2078\/revisions"}],"predecessor-version":[{"id":2089,"href":"https:\/\/acfcroatia.hr\/en\/wp-json\/wp\/v2\/pages\/2078\/revisions\/2089"}],"wp:attachment":[{"href":"https:\/\/acfcroatia.hr\/en\/wp-json\/wp\/v2\/media?parent=2078"}],"curies":[{"name":"wp","href":"https:\/\/api.w.org\/{rel}","templated":true}]}}