{"id":2040,"date":"2021-04-13T15:05:11","date_gmt":"2021-04-13T13:05:11","guid":{"rendered":"https:\/\/acfcroatia.hr\/?page_id=2040"},"modified":"2023-02-27T16:30:11","modified_gmt":"2023-02-27T15:30:11","slug":"a-new-beginning-sectoral-innovations-for-a-proactive-progressive-and-influential-human-rights-civil-society","status":"publish","type":"page","link":"https:\/\/acfcroatia.hr\/en\/a-new-beginning-sectoral-innovations-for-a-proactive-progressive-and-influential-human-rights-civil-society\/","title":{"rendered":"A New Beginning &#8211; Sectoral Innovations for a Proactive, Progressive and Influential Human Rights Civil Society"},"content":{"rendered":"\n<p><strong>Project Promoter: <\/strong>Human Rights House Zagreb<\/p>\n\n\n\n<p><strong>Partner organizations:<\/strong><\/p>\n\n\n\n<p>1: Centre for Peace Studies<\/p>\n\n\n\n<p>2: Youth Initiative for Human Rights Croatia<\/p>\n\n\n\n<p>3: Center for Peace, Non-violence and Human Rights Osijek<\/p>\n\n\n\n<p>4: Human Rights House Foundation, Norway<\/p>\n\n\n\n<p><strong>Contracted amount: <\/strong>199.909,82 EUR<\/p>\n\n\n\n<p><strong>Contact person: <\/strong>Ivan Novosel, <a href=\"mailto:kontakt@kucaljudskihprava.hr\">kontakt@kucaljudskihprava.hr<\/a><\/p>\n\n\n\n<p><strong>Web site: <\/strong>&nbsp;<a href=\"http:\/\/www.kucaljudskihprava.hr\">www.kucaljudskihprava.hr<\/a>&nbsp;<\/p>\n\n\n\n<h3 class=\"wp-block-heading\"><strong>Project Summary:<\/strong><\/h3>\n\n\n\n<p>The aim of this project is to increase social and political influence of civil society organizations in Croatia through the development of innovative ways of effective protection and promotion of human rights. In the past few years, Croatia has been facing a continuous decline in human rights and an increasingly difficult socio-economic situation. At the same time, institutions are passive and do not have sufficient capacity to design public policies, i.e. solutions to citizens\u2019 problems based on human rights, as well as to tackle the increasingly complex political, social and economic challenges of today.<\/p>\n\n\n\n<p>In response to these challenges, the project partners will work together with other CSOs to design new working approaches and innovative models for institutional and legal advocacy, support for victims of human rights violations and public communication and mobilization of citizens. The project is rooted in partnership, participation and lessons learned. Objective analysis of challenges and problems in the sector and joint design of solutions and concrete steps will be used to build trust, encourage synergy and establish sustainable, long-term and structural cooperation among civil society organizations.<\/p>\n\n\n\n<p>The project is based on the interrelation of public advocacy and direct work on the protection of human rights and work with vulnerable social groups and communities.<\/p>\n\n\n\n<p>The project activities will strengthen the capacities for institutional advocacy and lobbying for human rights protection towards domestic and international institutions through education, training, networking and resource sharing. The capacities of CSOs for legal advocacy will be strengthened through education and training, and through networking of legal professionals from CSOs with lawyers and members of the academic community interested in human rights. Project activities will contribute to strengthening the capacities of civil society for public communication and direct work with local communities, as well as for joint efforts to mobilize citizens in order to protect and promote human rights.<\/p>\n\n\n\n<p>This project, through the joint efforts of project partners and involved civil society organizations, creates the necessary preconditions for change of paradigm regarding the work of human rights organizations from reactive to proactive and progressive, i.e. from defending acquired rights to their further promotion.<\/p>\n\n\n\n<p>Project Results:<\/p>\n\n\n\n<p><a href=\"https:\/\/acfcroatia.hr\/wp-content\/uploads\/2023\/02\/Novi-Pocetak-ENG-2001.pdf\">A New Beginning &#8211; Research Findings and basis for discussion on a new approach to positioning and activity of progressive human rights organisations in Croatia<\/a><\/p>\n\n\n\n<ul class=\"wp-block-list\"><li><a href=\"https:\/\/www.kucaljudskihprava.hr\/en\/2022\/02\/25\/input-to-the-un-special-rapporteur-on-the-rights-to-freedom-of-peaceful-assembly-and-of-association-on-developments-in-croatia-report-on-the-cso-access-to-resources\/\">Input to the UN Special Rapporteur on the rights to freedom of peaceful assembly and of association on developments in Croatia \u2013 report on the CSO access to resources<\/a><\/li><li><a href=\"https:\/\/www.kucaljudskihprava.hr\/en\/2021\/09\/28\/input-to-the-un-high-commissioner-for-human-rights-on-un-guidelines-on-participation\/\">Input to the UN High Commissioner for Human Rights on UN Guidelines on Participation<\/a><\/li><\/ul>\n","protected":false},"excerpt":{"rendered":"<p>Project Promoter: Human Rights House Zagreb Partner organizations: 1: Centre for Peace Studies 2: Youth Initiative for Human Rights Croatia 3: Center for Peace, Non-violence and Human Rights Osijek 4: Human Rights House Foundation, Norway Contracted amount: 199.909,82 EUR Contact person: Ivan Novosel, kontakt@kucaljudskihprava.hr Web site: &nbsp;www.kucaljudskihprava.hr&nbsp; Project Summary: The aim of this project is [&hellip;]<\/p>\n","protected":false},"author":2,"featured_media":2046,"parent":0,"menu_order":0,"comment_status":"closed","ping_status":"closed","template":"","meta":{"_acf_changed":false,"footnotes":""},"class_list":["post-2040","page","type-page","status-publish","has-post-thumbnail","hentry"],"acf":[],"yoast_head":"<!-- This site is optimized with the Yoast SEO plugin v22.2 - https:\/\/yoast.com\/wordpress\/plugins\/seo\/ -->\n<title>A New Beginning - Sectoral Innovations for a Proactive, Progressive and Influential Human Rights Civil Society - Program fonda za aktivno gra\u0111anstvo u Hrvatskoj - ACF Hrvatska<\/title>\n<meta name=\"description\" content=\"Sectoral Innovations for a Proactive, Progressive and Influential Human Rights Civil Society\" \/>\n<meta name=\"robots\" content=\"index, follow, max-snippet:-1, max-image-preview:large, max-video-preview:-1\" \/>\n<link rel=\"canonical\" href=\"https:\/\/acfcroatia.hr\/en\/a-new-beginning-sectoral-innovations-for-a-proactive-progressive-and-influential-human-rights-civil-society\/\" \/>\n<meta property=\"og:locale\" content=\"en_US\" \/>\n<meta property=\"og:type\" content=\"article\" \/>\n<meta property=\"og:title\" content=\"A New Beginning - Sectoral Innovations for a Proactive, Progressive and Influential Human Rights Civil Society - Program fonda za aktivno gra\u0111anstvo u Hrvatskoj - ACF Hrvatska\" \/>\n<meta property=\"og:description\" content=\"Sectoral Innovations for a Proactive, Progressive and Influential Human Rights Civil Society\" \/>\n<meta property=\"og:url\" content=\"https:\/\/acfcroatia.hr\/en\/a-new-beginning-sectoral-innovations-for-a-proactive-progressive-and-influential-human-rights-civil-society\/\" \/>\n<meta property=\"og:site_name\" content=\"Program fonda za aktivno gra\u0111anstvo u Hrvatskoj - ACF Hrvatska\" \/>\n<meta property=\"article:modified_time\" content=\"2023-02-27T15:30:11+00:00\" \/>\n<meta property=\"og:image\" content=\"https:\/\/acfcroatia.hr\/wp-content\/uploads\/2021\/04\/javier-allegue-barros-C7B-ExXpOIE-unsplash-1.jpg\" \/>\n\t<meta property=\"og:image:width\" content=\"640\" \/>\n\t<meta property=\"og:image:height\" content=\"427\" \/>\n\t<meta property=\"og:image:type\" content=\"image\/jpeg\" \/>\n<meta name=\"twitter:card\" content=\"summary_large_image\" \/>\n<meta name=\"twitter:label1\" content=\"Est. reading time\" \/>\n\t<meta name=\"twitter:data1\" content=\"3 minutes\" \/>\n<script type=\"application\/ld+json\" class=\"yoast-schema-graph\">{\"@context\":\"https:\/\/schema.org\",\"@graph\":[{\"@type\":\"WebPage\",\"@id\":\"https:\/\/acfcroatia.hr\/en\/a-new-beginning-sectoral-innovations-for-a-proactive-progressive-and-influential-human-rights-civil-society\/\",\"url\":\"https:\/\/acfcroatia.hr\/en\/a-new-beginning-sectoral-innovations-for-a-proactive-progressive-and-influential-human-rights-civil-society\/\",\"name\":\"A New Beginning - Sectoral Innovations for a Proactive, Progressive and Influential Human Rights Civil Society - Program fonda za aktivno gra\u0111anstvo u Hrvatskoj - ACF Hrvatska\",\"isPartOf\":{\"@id\":\"https:\/\/acfcroatia.hr\/en\/#website\"},\"primaryImageOfPage\":{\"@id\":\"https:\/\/acfcroatia.hr\/en\/a-new-beginning-sectoral-innovations-for-a-proactive-progressive-and-influential-human-rights-civil-society\/#primaryimage\"},\"image\":{\"@id\":\"https:\/\/acfcroatia.hr\/en\/a-new-beginning-sectoral-innovations-for-a-proactive-progressive-and-influential-human-rights-civil-society\/#primaryimage\"},\"thumbnailUrl\":\"https:\/\/acfcroatia.hr\/wp-content\/uploads\/2021\/04\/javier-allegue-barros-C7B-ExXpOIE-unsplash-1.jpg\",\"datePublished\":\"2021-04-13T13:05:11+00:00\",\"dateModified\":\"2023-02-27T15:30:11+00:00\",\"description\":\"Sectoral Innovations for a Proactive, Progressive and Influential Human Rights Civil Society\",\"breadcrumb\":{\"@id\":\"https:\/\/acfcroatia.hr\/en\/a-new-beginning-sectoral-innovations-for-a-proactive-progressive-and-influential-human-rights-civil-society\/#breadcrumb\"},\"inLanguage\":\"en-US\",\"potentialAction\":[{\"@type\":\"ReadAction\",\"target\":[\"https:\/\/acfcroatia.hr\/en\/a-new-beginning-sectoral-innovations-for-a-proactive-progressive-and-influential-human-rights-civil-society\/\"]}]},{\"@type\":\"ImageObject\",\"inLanguage\":\"en-US\",\"@id\":\"https:\/\/acfcroatia.hr\/en\/a-new-beginning-sectoral-innovations-for-a-proactive-progressive-and-influential-human-rights-civil-society\/#primaryimage\",\"url\":\"https:\/\/acfcroatia.hr\/wp-content\/uploads\/2021\/04\/javier-allegue-barros-C7B-ExXpOIE-unsplash-1.jpg\",\"contentUrl\":\"https:\/\/acfcroatia.hr\/wp-content\/uploads\/2021\/04\/javier-allegue-barros-C7B-ExXpOIE-unsplash-1.jpg\",\"width\":640,\"height\":427},{\"@type\":\"BreadcrumbList\",\"@id\":\"https:\/\/acfcroatia.hr\/en\/a-new-beginning-sectoral-innovations-for-a-proactive-progressive-and-influential-human-rights-civil-society\/#breadcrumb\",\"itemListElement\":[{\"@type\":\"ListItem\",\"position\":1,\"name\":\"Po\u010detna stranica\",\"item\":\"https:\/\/acfcroatia.hr\/en\/\"},{\"@type\":\"ListItem\",\"position\":2,\"name\":\"A New Beginning &#8211; Sectoral Innovations for a Proactive, Progressive and Influential Human Rights Civil Society\"}]},{\"@type\":\"WebSite\",\"@id\":\"https:\/\/acfcroatia.hr\/en\/#website\",\"url\":\"https:\/\/acfcroatia.hr\/en\/\",\"name\":\"Program fonda za aktivno gra\u0111anstvo u Hrvatskoj - ACF Hrvatska\",\"description\":\"Gra\u0111ani u akciji za uklju\u010dive zajednice i pravedno dru\u0161tvo\",\"potentialAction\":[{\"@type\":\"SearchAction\",\"target\":{\"@type\":\"EntryPoint\",\"urlTemplate\":\"https:\/\/acfcroatia.hr\/en\/?s={search_term_string}\"},\"query-input\":\"required name=search_term_string\"}],\"inLanguage\":\"en-US\"}]}<\/script>\n<!-- \/ Yoast SEO plugin. -->","yoast_head_json":{"title":"A New Beginning - Sectoral Innovations for a Proactive, Progressive and Influential Human Rights Civil Society - Program fonda za aktivno gra\u0111anstvo u Hrvatskoj - ACF Hrvatska","description":"Sectoral Innovations for a Proactive, Progressive and Influential Human Rights Civil Society","robots":{"index":"index","follow":"follow","max-snippet":"max-snippet:-1","max-image-preview":"max-image-preview:large","max-video-preview":"max-video-preview:-1"},"canonical":"https:\/\/acfcroatia.hr\/en\/a-new-beginning-sectoral-innovations-for-a-proactive-progressive-and-influential-human-rights-civil-society\/","og_locale":"en_US","og_type":"article","og_title":"A New Beginning - Sectoral Innovations for a Proactive, Progressive and Influential Human Rights Civil Society - Program fonda za aktivno gra\u0111anstvo u Hrvatskoj - ACF Hrvatska","og_description":"Sectoral Innovations for a Proactive, Progressive and Influential Human Rights Civil Society","og_url":"https:\/\/acfcroatia.hr\/en\/a-new-beginning-sectoral-innovations-for-a-proactive-progressive-and-influential-human-rights-civil-society\/","og_site_name":"Program fonda za aktivno gra\u0111anstvo u Hrvatskoj - ACF Hrvatska","article_modified_time":"2023-02-27T15:30:11+00:00","og_image":[{"width":640,"height":427,"url":"https:\/\/acfcroatia.hr\/wp-content\/uploads\/2021\/04\/javier-allegue-barros-C7B-ExXpOIE-unsplash-1.jpg","type":"image\/jpeg"}],"twitter_card":"summary_large_image","twitter_misc":{"Est. reading time":"3 minutes"},"schema":{"@context":"https:\/\/schema.org","@graph":[{"@type":"WebPage","@id":"https:\/\/acfcroatia.hr\/en\/a-new-beginning-sectoral-innovations-for-a-proactive-progressive-and-influential-human-rights-civil-society\/","url":"https:\/\/acfcroatia.hr\/en\/a-new-beginning-sectoral-innovations-for-a-proactive-progressive-and-influential-human-rights-civil-society\/","name":"A New Beginning - Sectoral Innovations for a Proactive, Progressive and Influential Human Rights Civil Society - Program fonda za aktivno gra\u0111anstvo u Hrvatskoj - ACF Hrvatska","isPartOf":{"@id":"https:\/\/acfcroatia.hr\/en\/#website"},"primaryImageOfPage":{"@id":"https:\/\/acfcroatia.hr\/en\/a-new-beginning-sectoral-innovations-for-a-proactive-progressive-and-influential-human-rights-civil-society\/#primaryimage"},"image":{"@id":"https:\/\/acfcroatia.hr\/en\/a-new-beginning-sectoral-innovations-for-a-proactive-progressive-and-influential-human-rights-civil-society\/#primaryimage"},"thumbnailUrl":"https:\/\/acfcroatia.hr\/wp-content\/uploads\/2021\/04\/javier-allegue-barros-C7B-ExXpOIE-unsplash-1.jpg","datePublished":"2021-04-13T13:05:11+00:00","dateModified":"2023-02-27T15:30:11+00:00","description":"Sectoral Innovations for a Proactive, Progressive and Influential Human Rights Civil Society","breadcrumb":{"@id":"https:\/\/acfcroatia.hr\/en\/a-new-beginning-sectoral-innovations-for-a-proactive-progressive-and-influential-human-rights-civil-society\/#breadcrumb"},"inLanguage":"en-US","potentialAction":[{"@type":"ReadAction","target":["https:\/\/acfcroatia.hr\/en\/a-new-beginning-sectoral-innovations-for-a-proactive-progressive-and-influential-human-rights-civil-society\/"]}]},{"@type":"ImageObject","inLanguage":"en-US","@id":"https:\/\/acfcroatia.hr\/en\/a-new-beginning-sectoral-innovations-for-a-proactive-progressive-and-influential-human-rights-civil-society\/#primaryimage","url":"https:\/\/acfcroatia.hr\/wp-content\/uploads\/2021\/04\/javier-allegue-barros-C7B-ExXpOIE-unsplash-1.jpg","contentUrl":"https:\/\/acfcroatia.hr\/wp-content\/uploads\/2021\/04\/javier-allegue-barros-C7B-ExXpOIE-unsplash-1.jpg","width":640,"height":427},{"@type":"BreadcrumbList","@id":"https:\/\/acfcroatia.hr\/en\/a-new-beginning-sectoral-innovations-for-a-proactive-progressive-and-influential-human-rights-civil-society\/#breadcrumb","itemListElement":[{"@type":"ListItem","position":1,"name":"Po\u010detna stranica","item":"https:\/\/acfcroatia.hr\/en\/"},{"@type":"ListItem","position":2,"name":"A New Beginning &#8211; Sectoral Innovations for a Proactive, Progressive and Influential Human Rights Civil Society"}]},{"@type":"WebSite","@id":"https:\/\/acfcroatia.hr\/en\/#website","url":"https:\/\/acfcroatia.hr\/en\/","name":"Program fonda za aktivno gra\u0111anstvo u Hrvatskoj - ACF Hrvatska","description":"Gra\u0111ani u akciji za uklju\u010dive zajednice i pravedno dru\u0161tvo","potentialAction":[{"@type":"SearchAction","target":{"@type":"EntryPoint","urlTemplate":"https:\/\/acfcroatia.hr\/en\/?s={search_term_string}"},"query-input":"required name=search_term_string"}],"inLanguage":"en-US"}]}},"_links":{"self":[{"href":"https:\/\/acfcroatia.hr\/en\/wp-json\/wp\/v2\/pages\/2040","targetHints":{"allow":["GET"]}}],"collection":[{"href":"https:\/\/acfcroatia.hr\/en\/wp-json\/wp\/v2\/pages"}],"about":[{"href":"https:\/\/acfcroatia.hr\/en\/wp-json\/wp\/v2\/types\/page"}],"author":[{"embeddable":true,"href":"https:\/\/acfcroatia.hr\/en\/wp-json\/wp\/v2\/users\/2"}],"replies":[{"embeddable":true,"href":"https:\/\/acfcroatia.hr\/en\/wp-json\/wp\/v2\/comments?post=2040"}],"version-history":[{"count":7,"href":"https:\/\/acfcroatia.hr\/en\/wp-json\/wp\/v2\/pages\/2040\/revisions"}],"predecessor-version":[{"id":3579,"href":"https:\/\/acfcroatia.hr\/en\/wp-json\/wp\/v2\/pages\/2040\/revisions\/3579"}],"wp:featuredmedia":[{"embeddable":true,"href":"https:\/\/acfcroatia.hr\/en\/wp-json\/wp\/v2\/media\/2046"}],"wp:attachment":[{"href":"https:\/\/acfcroatia.hr\/en\/wp-json\/wp\/v2\/media?parent=2040"}],"curies":[{"name":"wp","href":"https:\/\/api.w.org\/{rel}","templated":true}]}}