{"id":2023,"date":"2021-04-14T11:18:28","date_gmt":"2021-04-14T09:18:28","guid":{"rendered":"https:\/\/acfcroatia.hr\/?page_id=2023"},"modified":"2021-04-14T11:18:28","modified_gmt":"2021-04-14T09:18:28","slug":"sectoral-innovation-projects-2","status":"publish","type":"page","link":"https:\/\/acfcroatia.hr\/en\/sectoral-innovation-projects-2\/","title":{"rendered":"Sectoral Innovation Projects"},"content":{"rendered":"\n<div class=\"wp-block-media-text alignwide is-stacked-on-mobile\"><figure class=\"wp-block-media-text__media\"><img loading=\"lazy\" decoding=\"async\" width=\"300\" height=\"200\" src=\"https:\/\/acfcroatia.hr\/wp-content\/uploads\/2021\/04\/176748-300x200.jpg\" alt=\"\" class=\"wp-image-2027 size-medium\" srcset=\"https:\/\/acfcroatia.hr\/wp-content\/uploads\/2021\/04\/176748-300x200.jpg 300w, https:\/\/acfcroatia.hr\/wp-content\/uploads\/2021\/04\/176748.jpg 730w\" sizes=\"auto, (max-width: 300px) 100vw, 300px\" \/><\/figure><div class=\"wp-block-media-text__content\">\n<p class=\"has-normal-font-size\"><a href=\"https:\/\/acfcroatia.hr\/en\/a-new-beginning-sectoral-innovations-for-a-proactive-progressive-and-influential-human-rights-civil-society\/\" target=\"_blank\" rel=\"noreferrer noopener\">A New Beginning &#8211; Sectoral Innovations for a Proactive, Progressive and Influential Human Rights Civil Society&nbsp;<\/a><\/p>\n<\/div><\/div>\n\n\n\n<div class=\"wp-block-media-text alignwide is-stacked-on-mobile\"><figure class=\"wp-block-media-text__media\"><img loading=\"lazy\" decoding=\"async\" width=\"300\" height=\"182\" src=\"https:\/\/acfcroatia.hr\/wp-content\/uploads\/2021\/04\/cms-300x182.jpg\" alt=\"\" class=\"wp-image-2035 size-medium\" srcset=\"https:\/\/acfcroatia.hr\/wp-content\/uploads\/2021\/04\/cms-300x182.jpg 300w, https:\/\/acfcroatia.hr\/wp-content\/uploads\/2021\/04\/cms.jpg 660w\" sizes=\"auto, (max-width: 300px) 100vw, 300px\" \/><\/figure><div class=\"wp-block-media-text__content\">\n<p class=\"has-normal-font-size\"><a href=\"https:\/\/acfcroatia.hr\/en\/skockano-quality-standard-of-civil-society-organizations-constructively-engaged-in-non-formal-education\/\" target=\"_blank\" rel=\"noreferrer noopener\">SKOCKANO \u2013 quality standard of civil society organisations<br>constructively engaged in non-formal education<\/a><\/p>\n<\/div><\/div>\n\n\n\n<div class=\"wp-block-media-text alignwide is-stacked-on-mobile\"><figure class=\"wp-block-media-text__media\"><img loading=\"lazy\" decoding=\"async\" width=\"300\" height=\"165\" src=\"https:\/\/acfcroatia.hr\/wp-content\/uploads\/2021\/04\/MOCHVARA_logo-300x165.png\" alt=\"\" class=\"wp-image-2037 size-medium\" srcset=\"https:\/\/acfcroatia.hr\/wp-content\/uploads\/2021\/04\/MOCHVARA_logo-300x165.png 300w, https:\/\/acfcroatia.hr\/wp-content\/uploads\/2021\/04\/MOCHVARA_logo.png 567w\" sizes=\"auto, (max-width: 300px) 100vw, 300px\" \/><\/figure><div class=\"wp-block-media-text__content\">\n<p class=\"has-normal-font-size\"><a href=\"https:\/\/acfcroatia.hr\/en\/pro-ngo-quality-management-for-social-change\/\" target=\"_blank\" rel=\"noreferrer noopener\">Pro-NGO &#8211; quality management for social change<\/a><\/p>\n<\/div><\/div>\n","protected":false},"excerpt":{"rendered":"<p>A New Beginning &#8211; Sectoral Innovations for a Proactive, Progressive and Influential Human Rights Civil Society&nbsp; SKOCKANO \u2013 quality standard of civil society organisationsconstructively engaged in non-formal education Pro-NGO &#8211; quality management for social change<\/p>\n","protected":false},"author":2,"featured_media":0,"parent":0,"menu_order":0,"comment_status":"closed","ping_status":"closed","template":"","meta":{"_acf_changed":false,"footnotes":""},"class_list":["post-2023","page","type-page","status-publish","hentry"],"acf":[],"yoast_head":"<!-- This site is optimized with the Yoast SEO plugin v22.2 - https:\/\/yoast.com\/wordpress\/plugins\/seo\/ -->\n<title>Sectoral Innovation Projects - Program fonda za aktivno gra\u0111anstvo u Hrvatskoj - ACF Hrvatska<\/title>\n<meta name=\"description\" content=\"Results of the sectoral innovation projects implemented through the Active Citizens Fund in Croatia.\" \/>\n<meta name=\"robots\" content=\"index, follow, max-snippet:-1, max-image-preview:large, max-video-preview:-1\" \/>\n<link rel=\"canonical\" href=\"https:\/\/acfcroatia.hr\/en\/sectoral-innovation-projects-2\/\" \/>\n<meta property=\"og:locale\" content=\"en_US\" \/>\n<meta property=\"og:type\" content=\"article\" \/>\n<meta property=\"og:title\" content=\"Sectoral Innovation Projects - Program fonda za aktivno gra\u0111anstvo u Hrvatskoj - ACF Hrvatska\" \/>\n<meta property=\"og:description\" content=\"Results of the sectoral innovation projects implemented through the Active Citizens Fund in Croatia.\" \/>\n<meta property=\"og:url\" content=\"https:\/\/acfcroatia.hr\/en\/sectoral-innovation-projects-2\/\" \/>\n<meta property=\"og:site_name\" content=\"Program fonda za aktivno gra\u0111anstvo u Hrvatskoj - ACF Hrvatska\" \/>\n<meta property=\"og:image\" content=\"https:\/\/acfcroatia.hr\/wp-content\/uploads\/2021\/04\/176748-300x200.jpg\" \/>\n<meta name=\"twitter:card\" content=\"summary_large_image\" \/>\n<meta name=\"twitter:label1\" content=\"Est. reading time\" \/>\n\t<meta name=\"twitter:data1\" content=\"1 minute\" \/>\n<script type=\"application\/ld+json\" class=\"yoast-schema-graph\">{\"@context\":\"https:\/\/schema.org\",\"@graph\":[{\"@type\":\"WebPage\",\"@id\":\"https:\/\/acfcroatia.hr\/en\/sectoral-innovation-projects-2\/\",\"url\":\"https:\/\/acfcroatia.hr\/en\/sectoral-innovation-projects-2\/\",\"name\":\"Sectoral Innovation Projects - Program fonda za aktivno gra\u0111anstvo u Hrvatskoj - ACF Hrvatska\",\"isPartOf\":{\"@id\":\"https:\/\/acfcroatia.hr\/en\/#website\"},\"primaryImageOfPage\":{\"@id\":\"https:\/\/acfcroatia.hr\/en\/sectoral-innovation-projects-2\/#primaryimage\"},\"image\":{\"@id\":\"https:\/\/acfcroatia.hr\/en\/sectoral-innovation-projects-2\/#primaryimage\"},\"thumbnailUrl\":\"https:\/\/acfcroatia.hr\/wp-content\/uploads\/2021\/04\/176748-300x200.jpg\",\"datePublished\":\"2021-04-14T09:18:28+00:00\",\"dateModified\":\"2021-04-14T09:18:28+00:00\",\"description\":\"Results of the sectoral innovation projects implemented through the Active Citizens Fund in Croatia.\",\"breadcrumb\":{\"@id\":\"https:\/\/acfcroatia.hr\/en\/sectoral-innovation-projects-2\/#breadcrumb\"},\"inLanguage\":\"en-US\",\"potentialAction\":[{\"@type\":\"ReadAction\",\"target\":[\"https:\/\/acfcroatia.hr\/en\/sectoral-innovation-projects-2\/\"]}]},{\"@type\":\"ImageObject\",\"inLanguage\":\"en-US\",\"@id\":\"https:\/\/acfcroatia.hr\/en\/sectoral-innovation-projects-2\/#primaryimage\",\"url\":\"https:\/\/acfcroatia.hr\/wp-content\/uploads\/2021\/04\/176748.jpg\",\"contentUrl\":\"https:\/\/acfcroatia.hr\/wp-content\/uploads\/2021\/04\/176748.jpg\",\"width\":730,\"height\":487},{\"@type\":\"BreadcrumbList\",\"@id\":\"https:\/\/acfcroatia.hr\/en\/sectoral-innovation-projects-2\/#breadcrumb\",\"itemListElement\":[{\"@type\":\"ListItem\",\"position\":1,\"name\":\"Po\u010detna stranica\",\"item\":\"https:\/\/acfcroatia.hr\/en\/\"},{\"@type\":\"ListItem\",\"position\":2,\"name\":\"Sectoral Innovation Projects\"}]},{\"@type\":\"WebSite\",\"@id\":\"https:\/\/acfcroatia.hr\/en\/#website\",\"url\":\"https:\/\/acfcroatia.hr\/en\/\",\"name\":\"Program fonda za aktivno gra\u0111anstvo u Hrvatskoj - ACF Hrvatska\",\"description\":\"Gra\u0111ani u akciji za uklju\u010dive zajednice i pravedno dru\u0161tvo\",\"potentialAction\":[{\"@type\":\"SearchAction\",\"target\":{\"@type\":\"EntryPoint\",\"urlTemplate\":\"https:\/\/acfcroatia.hr\/en\/?s={search_term_string}\"},\"query-input\":\"required name=search_term_string\"}],\"inLanguage\":\"en-US\"}]}<\/script>\n<!-- \/ Yoast SEO plugin. -->","yoast_head_json":{"title":"Sectoral Innovation Projects - Program fonda za aktivno gra\u0111anstvo u Hrvatskoj - ACF Hrvatska","description":"Results of the sectoral innovation projects implemented through the Active Citizens Fund in Croatia.","robots":{"index":"index","follow":"follow","max-snippet":"max-snippet:-1","max-image-preview":"max-image-preview:large","max-video-preview":"max-video-preview:-1"},"canonical":"https:\/\/acfcroatia.hr\/en\/sectoral-innovation-projects-2\/","og_locale":"en_US","og_type":"article","og_title":"Sectoral Innovation Projects - Program fonda za aktivno gra\u0111anstvo u Hrvatskoj - ACF Hrvatska","og_description":"Results of the sectoral innovation projects implemented through the Active Citizens Fund in Croatia.","og_url":"https:\/\/acfcroatia.hr\/en\/sectoral-innovation-projects-2\/","og_site_name":"Program fonda za aktivno gra\u0111anstvo u Hrvatskoj - ACF Hrvatska","og_image":[{"url":"https:\/\/acfcroatia.hr\/wp-content\/uploads\/2021\/04\/176748-300x200.jpg"}],"twitter_card":"summary_large_image","twitter_misc":{"Est. reading time":"1 minute"},"schema":{"@context":"https:\/\/schema.org","@graph":[{"@type":"WebPage","@id":"https:\/\/acfcroatia.hr\/en\/sectoral-innovation-projects-2\/","url":"https:\/\/acfcroatia.hr\/en\/sectoral-innovation-projects-2\/","name":"Sectoral Innovation Projects - Program fonda za aktivno gra\u0111anstvo u Hrvatskoj - ACF Hrvatska","isPartOf":{"@id":"https:\/\/acfcroatia.hr\/en\/#website"},"primaryImageOfPage":{"@id":"https:\/\/acfcroatia.hr\/en\/sectoral-innovation-projects-2\/#primaryimage"},"image":{"@id":"https:\/\/acfcroatia.hr\/en\/sectoral-innovation-projects-2\/#primaryimage"},"thumbnailUrl":"https:\/\/acfcroatia.hr\/wp-content\/uploads\/2021\/04\/176748-300x200.jpg","datePublished":"2021-04-14T09:18:28+00:00","dateModified":"2021-04-14T09:18:28+00:00","description":"Results of the sectoral innovation projects implemented through the Active Citizens Fund in Croatia.","breadcrumb":{"@id":"https:\/\/acfcroatia.hr\/en\/sectoral-innovation-projects-2\/#breadcrumb"},"inLanguage":"en-US","potentialAction":[{"@type":"ReadAction","target":["https:\/\/acfcroatia.hr\/en\/sectoral-innovation-projects-2\/"]}]},{"@type":"ImageObject","inLanguage":"en-US","@id":"https:\/\/acfcroatia.hr\/en\/sectoral-innovation-projects-2\/#primaryimage","url":"https:\/\/acfcroatia.hr\/wp-content\/uploads\/2021\/04\/176748.jpg","contentUrl":"https:\/\/acfcroatia.hr\/wp-content\/uploads\/2021\/04\/176748.jpg","width":730,"height":487},{"@type":"BreadcrumbList","@id":"https:\/\/acfcroatia.hr\/en\/sectoral-innovation-projects-2\/#breadcrumb","itemListElement":[{"@type":"ListItem","position":1,"name":"Po\u010detna stranica","item":"https:\/\/acfcroatia.hr\/en\/"},{"@type":"ListItem","position":2,"name":"Sectoral Innovation Projects"}]},{"@type":"WebSite","@id":"https:\/\/acfcroatia.hr\/en\/#website","url":"https:\/\/acfcroatia.hr\/en\/","name":"Program fonda za aktivno gra\u0111anstvo u Hrvatskoj - ACF Hrvatska","description":"Gra\u0111ani u akciji za uklju\u010dive zajednice i pravedno dru\u0161tvo","potentialAction":[{"@type":"SearchAction","target":{"@type":"EntryPoint","urlTemplate":"https:\/\/acfcroatia.hr\/en\/?s={search_term_string}"},"query-input":"required name=search_term_string"}],"inLanguage":"en-US"}]}},"_links":{"self":[{"href":"https:\/\/acfcroatia.hr\/en\/wp-json\/wp\/v2\/pages\/2023","targetHints":{"allow":["GET"]}}],"collection":[{"href":"https:\/\/acfcroatia.hr\/en\/wp-json\/wp\/v2\/pages"}],"about":[{"href":"https:\/\/acfcroatia.hr\/en\/wp-json\/wp\/v2\/types\/page"}],"author":[{"embeddable":true,"href":"https:\/\/acfcroatia.hr\/en\/wp-json\/wp\/v2\/users\/2"}],"replies":[{"embeddable":true,"href":"https:\/\/acfcroatia.hr\/en\/wp-json\/wp\/v2\/comments?post=2023"}],"version-history":[{"count":13,"href":"https:\/\/acfcroatia.hr\/en\/wp-json\/wp\/v2\/pages\/2023\/revisions"}],"predecessor-version":[{"id":2091,"href":"https:\/\/acfcroatia.hr\/en\/wp-json\/wp\/v2\/pages\/2023\/revisions\/2091"}],"wp:attachment":[{"href":"https:\/\/acfcroatia.hr\/en\/wp-json\/wp\/v2\/media?parent=2023"}],"curies":[{"name":"wp","href":"https:\/\/api.w.org\/{rel}","templated":true}]}}