{"id":1720,"date":"2021-03-05T14:53:33","date_gmt":"2021-03-05T13:53:33","guid":{"rendered":"https:\/\/acfcroatia.hr\/?page_id=1720"},"modified":"2021-06-10T10:06:13","modified_gmt":"2021-06-10T08:06:13","slug":"large-projects-2","status":"publish","type":"page","link":"https:\/\/acfcroatia.hr\/en\/large-projects-2\/","title":{"rendered":"Large Projects"},"content":{"rendered":"\n<p><strong>Outcome 1 \u2013 Strengthened civil society watchdog\/advocacy role<\/strong><\/p>\n\n\n\n<figure class=\"wp-block-table is-style-stripes\"><table><tbody><tr><td>1.   <\/td><td><strong>Rehabilitation center for stress and trauma<\/strong><\/td><\/tr><tr><td>&nbsp;<\/td><td><a href=\"https:\/\/acfcroatia.hr\/wp-content\/uploads\/2021\/03\/120.pdf\" target=\"_blank\" rel=\"noreferrer noopener\">COMMUNITIES INCLUDE \u2013 an initiative for universally accessible basic social community services<\/a><\/td><\/tr><tr><td>2.<\/td><td><strong>CESI \u2013 Center for Education, Counseling and Research<\/strong><\/td><\/tr><tr><td>&nbsp;<\/td><td><a href=\"https:\/\/acfcroatia.hr\/wp-content\/uploads\/2021\/03\/043.pdf\" target=\"_blank\" rel=\"noreferrer noopener\">Workingwoman \u2013 Gender equality in the Labor Market<\/a><\/td><\/tr><tr><td>3.<\/td><td><strong>Women&#8217;s Room \u2013 Center for sexual rights<\/strong><\/td><\/tr><tr><td>&nbsp;<\/td><td><a href=\"https:\/\/acfcroatia.hr\/wp-content\/uploads\/2021\/03\/033.pdf\" target=\"_blank\" rel=\"noreferrer noopener\">Civil society organizations as key actors in standardizing support systems for victims and witnesses of crime<\/a><\/td><\/tr><tr><td>4.<\/td><td><strong>Parents in action<\/strong><\/td><\/tr><tr><td>&nbsp;<\/td><td><a href=\"https:\/\/acfcroatia.hr\/wp-content\/uploads\/2021\/03\/117-1.pdf\" target=\"_blank\" rel=\"noreferrer noopener\">RADAR \u2013 Empowering the civil society organizations advocacy potential for the protection of women&#8217;s human rights in health care system<\/a><\/td><\/tr><tr><td>5.<\/td><td><strong>Alliance Operation City<\/strong><\/td><\/tr><tr><td>&nbsp;<\/td><td><a href=\"https:\/\/acfcroatia.hr\/wp-content\/uploads\/2021\/03\/056-1.pdf\" target=\"_blank\" rel=\"noreferrer noopener\">Bottom up cultural policy \u2013 From good practices of socio-cultural centers to a sustainable participative governance framework<\/a><\/td><\/tr><tr><td>6.<\/td><td><strong>Green Action<\/strong><\/td><\/tr><tr><td>&nbsp;<\/td><td><a href=\"https:\/\/acfcroatia.hr\/wp-content\/uploads\/2021\/03\/162-1.pdf\" target=\"_blank\" rel=\"noreferrer noopener\">ECHO! \u2013 Strengthening eco-activism for emergency climate action<\/a><\/td><\/tr><tr><td>7.<\/td><td><strong>Zagreb Pride<\/strong><\/td><\/tr><tr><td>&nbsp;<\/td><td><a href=\"https:\/\/acfcroatia.hr\/wp-content\/uploads\/2021\/03\/137-1.pdf\" target=\"_blank\" rel=\"noreferrer noopener\">Enough of the brutal reality \u2013 let&#8217;s protect the rights of LGBTIQ people<\/a><\/td><\/tr><tr><td>8.<\/td><td><strong>Psychological Assistance Society<\/strong><\/td><\/tr><tr><td>&nbsp;<\/td><td><a href=\"https:\/\/acfcroatia.hr\/wp-content\/uploads\/2021\/03\/069.pdf\" target=\"_blank\" rel=\"noreferrer noopener\">Development of a network of psychosocial counseling centers for users at risk<\/a><\/td><\/tr><tr><td>9.<\/td><td><strong>Association for Nature, Environment and Sustainable Development Sunce<\/strong><\/td><\/tr><tr><td>&nbsp;<\/td><td><a href=\"https:\/\/acfcroatia.hr\/wp-content\/uploads\/2021\/03\/104-1.pdf\" target=\"_blank\" rel=\"noreferrer noopener\">Preserving the Adriatic Sea Ecosystems by Active Participation of Citizens<\/a><\/td><\/tr><tr><td>10.<\/td><td><strong>Center for Cultural Activities<\/strong><\/td><\/tr><tr><td>&nbsp;<\/td><td><a href=\"https:\/\/acfcroatia.hr\/wp-content\/uploads\/2021\/06\/Centar-za-kulturne-djelatnosti_eng.pdf\" target=\"_blank\" rel=\"noreferrer noopener\">Informed citizens monitor the prevention of future violations of Human Rights and work of the Office of the Croatian Representative before the ECtHR<\/a><\/td><\/tr><tr><td>11.<\/td><td><strong>Center for Peace Studies<\/strong><\/td><\/tr><tr><td>&nbsp;<\/td><td><a href=\"https:\/\/acfcroatia.hr\/wp-content\/uploads\/2021\/03\/113.pdf\" target=\"_blank\" rel=\"noreferrer noopener\">RIGHTS IN PRACTICE \u2013 Participation and cooperation to quality socio-economic rights protection policy<\/a><\/td><\/tr><\/tbody><\/table><\/figure>\n\n\n\n<p><strong>Outcome 2 <strong>\u2013<\/strong> Increased support for human rights, rule of law and good governance<\/strong><\/p>\n\n\n\n<figure class=\"wp-block-table is-style-stripes\"><table><tbody><tr><td>1.   <\/td><td><strong>Earthlings \u2013 Are You Syrious<\/strong><\/td><\/tr><tr><td>&nbsp;<\/td><td><a href=\"https:\/\/acfcroatia.hr\/wp-content\/uploads\/2021\/03\/188.pdf\" target=\"_blank\" rel=\"noreferrer noopener\">From the border to integration \u2013 support for realizing the guaranteed rights of refugees and migrants in the Republic of Croatia<\/a><\/td><\/tr><tr><td>2.   <\/td><td><strong>Open media group<\/strong><\/td><\/tr><tr><td>&nbsp;<\/td><td><a href=\"https:\/\/acfcroatia.hr\/wp-content\/uploads\/2021\/03\/145.pdf\" target=\"_blank\" rel=\"noreferrer noopener\">All families are equal<\/a><\/td><\/tr><tr><td>3.   <\/td><td><strong>Civil Rights Project Sisak<\/strong><\/td><\/tr><tr><td>&nbsp;<\/td><td><a href=\"https:\/\/acfcroatia.hr\/wp-content\/uploads\/2021\/03\/183.pdf\" target=\"_blank\" rel=\"noreferrer noopener\">Center for the integration of foreigners<\/a><\/td><\/tr><tr><td>4.   <\/td><td><strong>Documenta \u2013 Center for dealing with the past<\/strong><\/td><\/tr><tr><td>&nbsp;<\/td><td><a href=\"https:\/\/acfcroatia.hr\/wp-content\/uploads\/2021\/03\/154.pdf\" target=\"_blank\" rel=\"noreferrer noopener\">Public dialogue on the fate the killed and missing: We remember \u2013 and you?<\/a><\/td><\/tr><tr><td>5.   <\/td><td><strong>Youth Initiative for Human Rights<\/strong><\/td><\/tr><tr><td>&nbsp;<\/td><td><a href=\"https:\/\/acfcroatia.hr\/wp-content\/uploads\/2021\/03\/022.pdf\" target=\"_blank\" rel=\"noreferrer noopener\">4O: Discovery, awareness, empowerment and human rights organization<\/a><\/td><\/tr><tr><td>6. <\/td><td><strong>Roma Alliance KALI SARA<\/strong><\/td><\/tr><tr><td><\/td><td><a href=\"https:\/\/acfcroatia.hr\/wp-content\/uploads\/2021\/03\/169.pdf\" target=\"_blank\" rel=\"noreferrer noopener\">Educated Roma Women, Empowered Roma Communities!<\/a><\/td><\/tr><\/tbody><\/table><\/figure>\n\n\n\n<p><strong>Outcome 3 <strong>\u2013<\/strong> Strengthened democratic culture and civic awareness and engagement<\/strong><\/p>\n\n\n\n<figure class=\"wp-block-table is-style-stripes\"><table><tbody><tr><td>1.   <\/td><td><strong>Center for Culture of Dialogue<\/strong><\/td><\/tr><tr><td>&nbsp;<\/td><td><a href=\"https:\/\/acfcroatia.hr\/wp-content\/uploads\/2021\/03\/121-1.pdf\" target=\"_blank\" rel=\"noreferrer noopener\">My Place Under the Sun (MPUS)<\/a><\/td><\/tr><tr><td>2.   <\/td><td><strong>Croatian Debate Society<\/strong><\/td><\/tr><tr><td>&nbsp;<\/td><td><a href=\"https:\/\/acfcroatia.hr\/wp-content\/uploads\/2021\/03\/086.pdf\" target=\"_blank\" rel=\"noreferrer noopener\">Democratic Vaccination \u2013 Debate Clubs and Deliberative Democracy as a Model for the Development of Democratic Competences and Participatory Decision Making<\/a><\/td><\/tr><tr><td>3.   <\/td><td><strong>Institute for the Development of Education<\/strong><\/td><\/tr><tr><td>&nbsp;<\/td><td><a href=\"https:\/\/acfcroatia.hr\/wp-content\/uploads\/2021\/03\/029.pdf\" target=\"_blank\" rel=\"noreferrer noopener\">A-grade Citizens!<\/a><\/td><\/tr><tr><td>4.   <\/td><td>&nbsp;<strong>Association Delta<\/strong><\/td><\/tr><tr><td>&nbsp;<\/td><td><a href=\"https:\/\/acfcroatia.hr\/wp-content\/uploads\/2021\/03\/017-1.pdf\" target=\"_blank\" rel=\"noreferrer noopener\">MODUS \u2013 civil society and public sector supporting civic education<\/a><\/td><\/tr><tr><td>5.   <\/td><td><strong>Lesbian organization Rijeka LORI<\/strong><\/td><\/tr><tr><td><\/td><td><a href=\"https:\/\/acfcroatia.hr\/wp-content\/uploads\/2021\/03\/034-1.pdf\" target=\"_blank\" rel=\"noreferrer noopener\">Let&#8217;s support inclusive education \u2013 we are building a secure future<\/a><\/td><\/tr><\/tbody><\/table><\/figure>\n","protected":false},"excerpt":{"rendered":"<p>Outcome 1 \u2013 Strengthened civil society watchdog\/advocacy role 1. Rehabilitation center for stress and trauma &nbsp; COMMUNITIES INCLUDE \u2013 an initiative for universally accessible basic social community services 2. CESI \u2013 Center for Education, Counseling and Research &nbsp; Workingwoman \u2013 Gender equality in the Labor Market 3. Women&#8217;s Room \u2013 Center for sexual rights &nbsp; [&hellip;]<\/p>\n","protected":false},"author":2,"featured_media":0,"parent":0,"menu_order":0,"comment_status":"closed","ping_status":"closed","template":"","meta":{"_acf_changed":false,"footnotes":""},"class_list":["post-1720","page","type-page","status-publish","hentry"],"acf":[],"yoast_head":"<!-- This site is optimized with the Yoast SEO plugin v22.2 - https:\/\/yoast.com\/wordpress\/plugins\/seo\/ -->\n<title>Large Projects - Program fonda za aktivno gra\u0111anstvo u Hrvatskoj - ACF Hrvatska<\/title>\n<meta name=\"robots\" content=\"index, follow, max-snippet:-1, max-image-preview:large, max-video-preview:-1\" \/>\n<link rel=\"canonical\" href=\"https:\/\/acfcroatia.hr\/en\/large-projects-2\/\" \/>\n<meta property=\"og:locale\" content=\"en_US\" \/>\n<meta property=\"og:type\" content=\"article\" \/>\n<meta property=\"og:title\" content=\"Large Projects - Program fonda za aktivno gra\u0111anstvo u Hrvatskoj - ACF Hrvatska\" \/>\n<meta property=\"og:description\" content=\"Outcome 1 \u2013 Strengthened civil society watchdog\/advocacy role 1. Rehabilitation center for stress and trauma &nbsp; COMMUNITIES INCLUDE \u2013 an initiative for universally accessible basic social community services 2. CESI \u2013 Center for Education, Counseling and Research &nbsp; Workingwoman \u2013 Gender equality in the Labor Market 3. Women&#8217;s Room \u2013 Center for sexual rights &nbsp; [&hellip;]\" \/>\n<meta property=\"og:url\" content=\"https:\/\/acfcroatia.hr\/en\/large-projects-2\/\" \/>\n<meta property=\"og:site_name\" content=\"Program fonda za aktivno gra\u0111anstvo u Hrvatskoj - ACF Hrvatska\" \/>\n<meta property=\"article:modified_time\" content=\"2021-06-10T08:06:13+00:00\" \/>\n<meta name=\"twitter:card\" content=\"summary_large_image\" \/>\n<meta name=\"twitter:label1\" content=\"Est. reading time\" \/>\n\t<meta name=\"twitter:data1\" content=\"2 minutes\" \/>\n<script type=\"application\/ld+json\" class=\"yoast-schema-graph\">{\"@context\":\"https:\/\/schema.org\",\"@graph\":[{\"@type\":\"WebPage\",\"@id\":\"https:\/\/acfcroatia.hr\/en\/large-projects-2\/\",\"url\":\"https:\/\/acfcroatia.hr\/en\/large-projects-2\/\",\"name\":\"Large Projects - Program fonda za aktivno gra\u0111anstvo u Hrvatskoj - ACF Hrvatska\",\"isPartOf\":{\"@id\":\"https:\/\/acfcroatia.hr\/en\/#website\"},\"datePublished\":\"2021-03-05T13:53:33+00:00\",\"dateModified\":\"2021-06-10T08:06:13+00:00\",\"breadcrumb\":{\"@id\":\"https:\/\/acfcroatia.hr\/en\/large-projects-2\/#breadcrumb\"},\"inLanguage\":\"en-US\",\"potentialAction\":[{\"@type\":\"ReadAction\",\"target\":[\"https:\/\/acfcroatia.hr\/en\/large-projects-2\/\"]}]},{\"@type\":\"BreadcrumbList\",\"@id\":\"https:\/\/acfcroatia.hr\/en\/large-projects-2\/#breadcrumb\",\"itemListElement\":[{\"@type\":\"ListItem\",\"position\":1,\"name\":\"Po\u010detna stranica\",\"item\":\"https:\/\/acfcroatia.hr\/en\/\"},{\"@type\":\"ListItem\",\"position\":2,\"name\":\"Large Projects\"}]},{\"@type\":\"WebSite\",\"@id\":\"https:\/\/acfcroatia.hr\/en\/#website\",\"url\":\"https:\/\/acfcroatia.hr\/en\/\",\"name\":\"Program fonda za aktivno gra\u0111anstvo u Hrvatskoj - ACF Hrvatska\",\"description\":\"Gra\u0111ani u akciji za uklju\u010dive zajednice i pravedno dru\u0161tvo\",\"potentialAction\":[{\"@type\":\"SearchAction\",\"target\":{\"@type\":\"EntryPoint\",\"urlTemplate\":\"https:\/\/acfcroatia.hr\/en\/?s={search_term_string}\"},\"query-input\":\"required name=search_term_string\"}],\"inLanguage\":\"en-US\"}]}<\/script>\n<!-- \/ Yoast SEO plugin. -->","yoast_head_json":{"title":"Large Projects - Program fonda za aktivno gra\u0111anstvo u Hrvatskoj - ACF Hrvatska","robots":{"index":"index","follow":"follow","max-snippet":"max-snippet:-1","max-image-preview":"max-image-preview:large","max-video-preview":"max-video-preview:-1"},"canonical":"https:\/\/acfcroatia.hr\/en\/large-projects-2\/","og_locale":"en_US","og_type":"article","og_title":"Large Projects - Program fonda za aktivno gra\u0111anstvo u Hrvatskoj - ACF Hrvatska","og_description":"Outcome 1 \u2013 Strengthened civil society watchdog\/advocacy role 1. Rehabilitation center for stress and trauma &nbsp; COMMUNITIES INCLUDE \u2013 an initiative for universally accessible basic social community services 2. CESI \u2013 Center for Education, Counseling and Research &nbsp; Workingwoman \u2013 Gender equality in the Labor Market 3. Women&#8217;s Room \u2013 Center for sexual rights &nbsp; [&hellip;]","og_url":"https:\/\/acfcroatia.hr\/en\/large-projects-2\/","og_site_name":"Program fonda za aktivno gra\u0111anstvo u Hrvatskoj - ACF Hrvatska","article_modified_time":"2021-06-10T08:06:13+00:00","twitter_card":"summary_large_image","twitter_misc":{"Est. reading time":"2 minutes"},"schema":{"@context":"https:\/\/schema.org","@graph":[{"@type":"WebPage","@id":"https:\/\/acfcroatia.hr\/en\/large-projects-2\/","url":"https:\/\/acfcroatia.hr\/en\/large-projects-2\/","name":"Large Projects - Program fonda za aktivno gra\u0111anstvo u Hrvatskoj - ACF Hrvatska","isPartOf":{"@id":"https:\/\/acfcroatia.hr\/en\/#website"},"datePublished":"2021-03-05T13:53:33+00:00","dateModified":"2021-06-10T08:06:13+00:00","breadcrumb":{"@id":"https:\/\/acfcroatia.hr\/en\/large-projects-2\/#breadcrumb"},"inLanguage":"en-US","potentialAction":[{"@type":"ReadAction","target":["https:\/\/acfcroatia.hr\/en\/large-projects-2\/"]}]},{"@type":"BreadcrumbList","@id":"https:\/\/acfcroatia.hr\/en\/large-projects-2\/#breadcrumb","itemListElement":[{"@type":"ListItem","position":1,"name":"Po\u010detna stranica","item":"https:\/\/acfcroatia.hr\/en\/"},{"@type":"ListItem","position":2,"name":"Large Projects"}]},{"@type":"WebSite","@id":"https:\/\/acfcroatia.hr\/en\/#website","url":"https:\/\/acfcroatia.hr\/en\/","name":"Program fonda za aktivno gra\u0111anstvo u Hrvatskoj - ACF Hrvatska","description":"Gra\u0111ani u akciji za uklju\u010dive zajednice i pravedno dru\u0161tvo","potentialAction":[{"@type":"SearchAction","target":{"@type":"EntryPoint","urlTemplate":"https:\/\/acfcroatia.hr\/en\/?s={search_term_string}"},"query-input":"required name=search_term_string"}],"inLanguage":"en-US"}]}},"_links":{"self":[{"href":"https:\/\/acfcroatia.hr\/en\/wp-json\/wp\/v2\/pages\/1720","targetHints":{"allow":["GET"]}}],"collection":[{"href":"https:\/\/acfcroatia.hr\/en\/wp-json\/wp\/v2\/pages"}],"about":[{"href":"https:\/\/acfcroatia.hr\/en\/wp-json\/wp\/v2\/types\/page"}],"author":[{"embeddable":true,"href":"https:\/\/acfcroatia.hr\/en\/wp-json\/wp\/v2\/users\/2"}],"replies":[{"embeddable":true,"href":"https:\/\/acfcroatia.hr\/en\/wp-json\/wp\/v2\/comments?post=1720"}],"version-history":[{"count":9,"href":"https:\/\/acfcroatia.hr\/en\/wp-json\/wp\/v2\/pages\/1720\/revisions"}],"predecessor-version":[{"id":2390,"href":"https:\/\/acfcroatia.hr\/en\/wp-json\/wp\/v2\/pages\/1720\/revisions\/2390"}],"wp:attachment":[{"href":"https:\/\/acfcroatia.hr\/en\/wp-json\/wp\/v2\/media?parent=1720"}],"curies":[{"name":"wp","href":"https:\/\/api.w.org\/{rel}","templated":true}]}}