{"id":1718,"date":"2021-03-05T14:52:47","date_gmt":"2021-03-05T13:52:47","guid":{"rendered":"https:\/\/acfcroatia.hr\/?page_id=1718"},"modified":"2022-05-16T11:15:52","modified_gmt":"2022-05-16T09:15:52","slug":"ad-hoc-action-projects-2","status":"publish","type":"page","link":"https:\/\/acfcroatia.hr\/en\/ad-hoc-action-projects-2\/","title":{"rendered":"Ad hoc action projects"},"content":{"rendered":"\n<figure class=\"wp-block-table is-style-stripes\"><table class=\"has-subtle-pale-pink-background-color has-background\"><thead><tr><th class=\"has-text-align-left\" data-align=\"left\">Project promotor<\/th><th class=\"has-text-align-left\" data-align=\"left\">Project Title<\/th><th class=\"has-text-align-center\" data-align=\"center\">ACF grant (EUR)<\/th><\/tr><\/thead><tbody><tr><td class=\"has-text-align-left\" data-align=\"left\"><br>Parents in action<\/td><td class=\"has-text-align-left\" data-align=\"left\"><br><a href=\"https:\/\/acfcroatia.hr\/wp-content\/uploads\/2021\/04\/RODE-eng.pdf\" target=\"_blank\" rel=\"noreferrer noopener\">Advocating for evidence based maternity care during the COVID-19 pandemic<\/a><\/td><td class=\"has-text-align-center\" data-align=\"center\">4,999.27<\/td><\/tr><tr><td class=\"has-text-align-left\" data-align=\"left\"><br>Association BIOM<\/td><td class=\"has-text-align-left\" data-align=\"left\"><br><a href=\"https:\/\/acfcroatia.hr\/wp-content\/uploads\/2021\/04\/BIOM-eng.pdf\" target=\"_blank\" rel=\"noreferrer noopener\">Public participation in environmental public hearing procedures during pandemic conditions<\/a><\/td><td class=\"has-text-align-center\" data-align=\"center\">4,489.82<\/td><\/tr><tr><td class=\"has-text-align-left\" data-align=\"left\"><br>Documenta \u2013 Center for Dealing with the Past<\/td><td class=\"has-text-align-left\" data-align=\"left\"><br><a href=\"https:\/\/acfcroatia.hr\/wp-content\/uploads\/2021\/04\/Documenta_eng.pdf\" target=\"_blank\" rel=\"noreferrer noopener\">Adequate answers: needs of the population in undeveloped regions in time od pandemic<\/a><\/td><td class=\"has-text-align-center\" data-align=\"center\">4,970.34<\/td><\/tr><tr><td class=\"has-text-align-left\" data-align=\"left\"><br>Society \u201eOur children\u201c Opatija<\/td><td class=\"has-text-align-left\" data-align=\"left\"><a href=\"https:\/\/acfcroatia.hr\/wp-content\/uploads\/2021\/04\/DND-eng.pdf\" target=\"_blank\" rel=\"noreferrer noopener\">Activate change in your community &#8211; The National Forum of the Children&#8217;s Council of the Eurochild Organization Croatia<\/a><\/td><td class=\"has-text-align-center\" data-align=\"center\">4,455.00<\/td><\/tr><tr><td class=\"has-text-align-left\" data-align=\"left\"><br>Madnessociation<\/td><td class=\"has-text-align-left\" data-align=\"left\"><a href=\"https:\/\/acfcroatia.hr\/wp-content\/uploads\/2021\/04\/Ludruga-eng.pdf\" target=\"_blank\" rel=\"noreferrer noopener\">Advocacy and Empowerment for People with Mental Health Disorders, Mapping Needs and Developing Services in the Emerging Crisis Caused by the COVID 19 Pandemic and the Zagreb Earthquake<\/a><\/td><td class=\"has-text-align-center\" data-align=\"center\">5,000.00<\/td><\/tr><tr><td class=\"has-text-align-left\" data-align=\"left\">Association for Development of Art, Culture and Education<\/td><td class=\"has-text-align-left\" data-align=\"left\"><br><a href=\"https:\/\/acfcroatia.hr\/wp-content\/uploads\/2021\/04\/URK-eng.pdf\" target=\"_blank\" rel=\"noreferrer noopener\">Corona Kid<\/a><\/td><td class=\"has-text-align-center\" data-align=\"center\">4,997.37<\/td><\/tr><tr><td class=\"has-text-align-left\" data-align=\"left\">Sustainable Development Forum \u2013 Green Window<\/td><td class=\"has-text-align-left\" data-align=\"left\"><a href=\"https:\/\/acfcroatia.hr\/wp-content\/uploads\/2021\/04\/Forum-za-odrzivi-razvoj-eng.pdf\" target=\"_blank\" rel=\"noreferrer noopener\">Students for students \u2013 our voice for the dignity of student work<\/a><\/td><td class=\"has-text-align-center\" data-align=\"center\">4,500.00<\/td><\/tr><tr><td class=\"has-text-align-left\" data-align=\"left\">GENERATOR<\/td><td class=\"has-text-align-left\" data-align=\"left\"><a href=\"https:\/\/acfcroatia.hr\/wp-content\/uploads\/2021\/04\/Generator-eng.pdf\" target=\"_blank\" rel=\"noreferrer noopener\">&nbsp;&#8220;MO-TI&#8221; &#8211; a mobile team against discrimination, for dialogue and promotion of solidarity<\/a><\/td><td class=\"has-text-align-center\" data-align=\"center\">4,846.00<\/td><\/tr><tr><td class=\"has-text-align-left\" data-align=\"left\">Center for Peace Studies<\/td><td class=\"has-text-align-left\" data-align=\"left\"><a href=\"https:\/\/acfcroatia.hr\/wp-content\/uploads\/2021\/04\/CMS-eng.pdf\" target=\"_blank\" rel=\"noreferrer noopener\">Support to victims of violent and illegal expulsions from Croatia<\/a><\/td><td class=\"has-text-align-center\" data-align=\"center\">4,885.88<\/td><\/tr><tr><td class=\"has-text-align-left\" data-align=\"left\">POLITISCOPE<\/td><td class=\"has-text-align-left\" data-align=\"left\"><a href=\"https:\/\/acfcroatia.hr\/wp-content\/uploads\/2021\/04\/Politiscope-eng.pdf\" target=\"_blank\" rel=\"noreferrer noopener\">Privacy in the time of Corona<\/a><\/td><td class=\"has-text-align-center\" data-align=\"center\">4,973.25<\/td><\/tr><tr><td class=\"has-text-align-left\" data-align=\"left\">Association Green Istria<\/td><td class=\"has-text-align-left\" data-align=\"left\"><a href=\"https:\/\/acfcroatia.hr\/wp-content\/uploads\/2021\/04\/Zelena-Istra-eng.pdf\" target=\"_blank\" rel=\"noreferrer noopener\">Garden(ACT)ivism<\/a><\/td><td class=\"has-text-align-center\" data-align=\"center\">4,746.27<\/td><\/tr><tr><td class=\"has-text-align-left\" data-align=\"left\">Association Delta<\/td><td class=\"has-text-align-left\" data-align=\"left\"><a href=\"https:\/\/acfcroatia.hr\/wp-content\/uploads\/2021\/04\/Delta_engl.pdf\" target=\"_blank\" rel=\"noreferrer noopener\">My voice counts! &#8211; Student Councils in Times of COVID-19<\/a><\/td><td class=\"has-text-align-center\" data-align=\"center\">4,997.18<\/td><\/tr><tr><td class=\"has-text-align-left\" data-align=\"left\">DOMINE &#8211; Organization for Promotion of Women&#8217;s Rights<\/td><td class=\"has-text-align-left\" data-align=\"left\"><a href=\"https:\/\/acfcroatia.hr\/wp-content\/uploads\/2021\/04\/Domine-eng.pdf\" target=\"_blank\" rel=\"noreferrer noopener\">Advocating for change in local public policies towards women victims of violence and victims of domestic violence<\/a><\/td><td class=\"has-text-align-center\" data-align=\"center\">4,995.00<\/td><\/tr><tr><td class=\"has-text-align-left\" data-align=\"left\">Women&#8217;s Network of Croatia<\/td><td class=\"has-text-align-left\" data-align=\"left\"><a href=\"https:\/\/acfcroatia.hr\/wp-content\/uploads\/2021\/04\/ZMH-eng.pdf\" target=\"_blank\" rel=\"noreferrer noopener\">Together for Protection and Promotion of Women&#8217;s Rights in Croatia<\/a><\/td><td class=\"has-text-align-center\" data-align=\"center\">4,999.47<\/td><\/tr><tr><td class=\"has-text-align-left\" data-align=\"left\">Centre for education and informing consumers<\/td><td class=\"has-text-align-left\" data-align=\"left\"><a href=\"https:\/\/acfcroatia.hr\/wp-content\/uploads\/2021\/04\/CEIP-eng.pdf\" target=\"_blank\" rel=\"noreferrer noopener\">Stop food waste during pandemic COVID-19<\/a><\/td><td class=\"has-text-align-center\" data-align=\"center\">4,930.00<\/td><\/tr><tr><td class=\"has-text-align-left\" data-align=\"left\">Citizens Association \u201cPravica\u201d<\/td><td class=\"has-text-align-left\" data-align=\"left\"><a href=\"https:\/\/acfcroatia.hr\/wp-content\/uploads\/2021\/04\/Pravica-eng.pdf\" target=\"_blank\" rel=\"noreferrer noopener\">For Babina gora health<\/a><\/td><td class=\"has-text-align-center\" data-align=\"center\">4,918.00<\/td><\/tr><tr><td class=\"has-text-align-left\" data-align=\"left\">Information legal centre<\/td><td class=\"has-text-align-left\" data-align=\"left\"><a href=\"https:\/\/acfcroatia.hr\/wp-content\/uploads\/2021\/04\/IPC-eng.pdf\" target=\"_blank\" rel=\"noreferrer noopener\">Active classroom for Roma population<\/a><\/td><td class=\"has-text-align-center\" data-align=\"center\">5,000.00<\/td><\/tr><tr><td class=\"has-text-align-left\" data-align=\"left\">Association for promotion of IT, culture and coexistence<\/td><td class=\"has-text-align-left\" data-align=\"left\"><a href=\"https:\/\/acfcroatia.hr\/wp-content\/uploads\/2021\/04\/IKS-engl.pdf\" target=\"_blank\" rel=\"noreferrer noopener\">IKS SUPPORT<\/a><\/td><td class=\"has-text-align-center\" data-align=\"center\">4,968.00<\/td><\/tr><tr><td class=\"has-text-align-left\" data-align=\"left\">Biogarden \u2013 in harmony with nature<\/td><td class=\"has-text-align-left\" data-align=\"left\"><a href=\"https:\/\/acfcroatia.hr\/wp-content\/uploads\/2021\/04\/Biovrt-eng-1.pdf\" target=\"_blank\" rel=\"noreferrer noopener\">Seed is our human right!<\/a><\/td><td class=\"has-text-align-center\" data-align=\"center\">4,998.82<\/td><\/tr><tr><td class=\"has-text-align-left\" data-align=\"left\">Jesuit Refugee Service<\/td><td class=\"has-text-align-left\" data-align=\"left\"><a href=\"https:\/\/acfcroatia.hr\/wp-content\/uploads\/2021\/04\/JRS-eng-1.pdf\" target=\"_blank\" rel=\"noreferrer noopener\">Mental health of refugees in local communities hit by earthquakes and a pandemic<\/a><\/td><td class=\"has-text-align-center\" data-align=\"center\">4,965.54<\/td><\/tr><tr><td class=\"has-text-align-left\" data-align=\"left\">Croatian Youth Network<\/td><td class=\"has-text-align-left\" data-align=\"left\"><a href=\"https:\/\/acfcroatia.hr\/wp-content\/uploads\/2021\/04\/MMH-eng-1.pdf\" target=\"_blank\" rel=\"noreferrer noopener\">Community in the centre \u2013 social-cultural centres as spaces of unity and solidarity<\/a><\/td><td class=\"has-text-align-center\" data-align=\"center\">4,986.69<\/td><\/tr><tr><td class=\"has-text-align-left\" data-align=\"left\">Inclusive house Bell<\/td><td class=\"has-text-align-left\" data-align=\"left\"><a href=\"https:\/\/acfcroatia.hr\/wp-content\/uploads\/2021\/05\/Zvono-eng.pdf\" target=\"_blank\" rel=\"noreferrer noopener\">Mobile volunteer service<\/a><\/td><td class=\"has-text-align-center\" data-align=\"center\">4,999.11<\/td><\/tr><tr><td class=\"has-text-align-left\" data-align=\"left\">BLOK &#8211; Local base for culture refreshment<\/td><td class=\"has-text-align-left\" data-align=\"left\"><a href=\"https:\/\/acfcroatia.hr\/wp-content\/uploads\/2021\/07\/BLOK-eng.pdf\" target=\"_blank\" rel=\"noreferrer noopener\">Culture on minimum wage &#8211; no go!<\/a><\/td><td class=\"has-text-align-center\" data-align=\"center\">4,972.00<\/td><\/tr><tr><td class=\"has-text-align-left\" data-align=\"left\">PLANTa\u017ea Association<\/td><td class=\"has-text-align-left\" data-align=\"left\"><a href=\"https:\/\/acfcroatia.hr\/wp-content\/uploads\/2021\/07\/Plantaza-eng.pdf\" target=\"_blank\" rel=\"noreferrer noopener\">Take care of the mask<\/a><\/td><td class=\"has-text-align-center\" data-align=\"center\">4,959.82<\/td><\/tr><tr><td class=\"has-text-align-left\" data-align=\"left\">Center for Cultural Activities<\/td><td class=\"has-text-align-left\" data-align=\"left\"><a href=\"https:\/\/acfcroatia.hr\/wp-content\/uploads\/2022\/01\/CKD2_engl.pdf\" target=\"_blank\" rel=\"noreferrer noopener\">Info video corner for asylum seekers \u2013 Afgani version<\/a><\/td><td class=\"has-text-align-center\" data-align=\"center\">5,000.00<\/td><\/tr><tr><td class=\"has-text-align-left\" data-align=\"left\">Association ANCHOR \u2013 preschool teachers in the protection of children right in preschool<\/td><td class=\"has-text-align-left\" data-align=\"left\"><a href=\"https:\/\/acfcroatia.hr\/wp-content\/uploads\/2022\/01\/ANCHOR-engl.pdf\" target=\"_blank\" rel=\"noreferrer noopener\">THE LAW FOR EQUALITY \u2013 equally accessible, equally safe and equally quality preschool for every child in Croatia<\/a><\/td><td class=\"has-text-align-center\" data-align=\"center\">4,969.50<\/td><\/tr><tr><td class=\"has-text-align-left\" data-align=\"left\">ADRA Croatia<\/td><td class=\"has-text-align-left\" data-align=\"left\"><a href=\"https:\/\/acfcroatia.hr\/wp-content\/uploads\/2022\/01\/ADRA-engl.pdf\" target=\"_blank\" rel=\"noreferrer noopener\">Strengthening emergency preparedness of the humanitarian community through standardization and unification of practice for inter-agency needs-assessment<\/a><\/td><td class=\"has-text-align-center\" data-align=\"center\">4,995.01<\/td><\/tr><tr><td class=\"has-text-align-left\" data-align=\"left\">Association for Independent Media Culture<\/td><td class=\"has-text-align-left\" data-align=\"left\"><a href=\"https:\/\/acfcroatia.hr\/wp-content\/uploads\/2022\/01\/UNMK-engl.pdf\" target=\"_blank\" rel=\"noreferrer noopener\">Transparency and supervision of centres for social welfare in protection of victims of domestic violence and children<\/a><\/td><td class=\"has-text-align-center\" data-align=\"center\">3,933.86<\/td><\/tr><tr><td class=\"has-text-align-left\" data-align=\"left\">Biogarden \u2013 in harmony with nature<\/td><td class=\"has-text-align-left\" data-align=\"left\"><a href=\"https:\/\/acfcroatia.hr\/wp-content\/uploads\/2022\/01\/BIOGARDEN-engl.pdf\" target=\"_blank\" rel=\"noreferrer noopener\">Future is organic<\/a><\/td><td class=\"has-text-align-center\" data-align=\"center\">4,999.99<\/td><\/tr><tr><td class=\"has-text-align-left\" data-align=\"left\">The Croatian Journalists Association<\/td><td class=\"has-text-align-left\" data-align=\"left\"><a href=\"https:\/\/acfcroatia.hr\/wp-content\/uploads\/2022\/05\/HND-\u2013-engl.pdf\" target=\"_blank\" rel=\"noreferrer noopener\">Local media financing models<\/a><\/td><td class=\"has-text-align-center\" data-align=\"center\">5,000.00<\/td><\/tr><tr><td class=\"has-text-align-left\" data-align=\"left\">KOSINJ VALLEY ASSOCIATION<\/td><td class=\"has-text-align-left\" data-align=\"left\"><a href=\"https:\/\/acfcroatia.hr\/wp-content\/uploads\/2022\/05\/KOSINJSKA-DOLINA-engl.pdf\" target=\"_blank\" rel=\"noreferrer noopener\">Legal support to the inhabitants of the Kosinj Valley in the process of eviction for the construction of an accumulation lake<\/a><\/td><td class=\"has-text-align-center\" data-align=\"center\">4,925.41<\/td><\/tr><tr><td class=\"has-text-align-left\" data-align=\"left\">CROSOL \u2013 Croatian Platform for International Citizen Solidarity<\/td><td class=\"has-text-align-left\" data-align=\"left\"><a href=\"https:\/\/acfcroatia.hr\/wp-content\/uploads\/2022\/05\/CROSOL-engl.pdf\" target=\"_blank\" rel=\"noreferrer noopener\">Stronger for CROSOL-idarity<\/a><\/td><td class=\"has-text-align-center\" data-align=\"center\">4,995.00<\/td><\/tr><\/tbody><\/table><figcaption><br>Overview of contracted projects by <strong>May 16, 2022<\/strong><\/figcaption><\/figure>\n\n\n\n<figure class=\"wp-block-table\"><table><tbody><tr><td><strong><strong>Remaining budget available on <strong>May 16, 2022<\/strong><\/strong><\/strong><\/td><td><strong><strong><strong><strong><strong><strong><strong>58,664.19 \u20ac<\/strong><\/strong><\/strong><\/strong><\/strong><\/strong><\/strong><\/td><\/tr><\/tbody><\/table><\/figure>\n","protected":false},"excerpt":{"rendered":"<p>Project promotor Project Title ACF grant (EUR) Parents in action Advocating for evidence based maternity care during the COVID-19 pandemic 4,999.27 Association BIOM Public participation in environmental public hearing procedures during pandemic conditions 4,489.82 Documenta \u2013 Center for Dealing with the Past Adequate answers: needs of the population in undeveloped regions in time od pandemic [&hellip;]<\/p>\n","protected":false},"author":2,"featured_media":0,"parent":0,"menu_order":0,"comment_status":"closed","ping_status":"closed","template":"","meta":{"_acf_changed":false,"footnotes":""},"class_list":["post-1718","page","type-page","status-publish","hentry"],"acf":[],"yoast_head":"<!-- This site is optimized with the Yoast SEO plugin v22.2 - https:\/\/yoast.com\/wordpress\/plugins\/seo\/ -->\n<title>Ad hoc action projects - Program fonda za aktivno gra\u0111anstvo u Hrvatskoj - ACF Hrvatska<\/title>\n<meta name=\"robots\" content=\"index, follow, max-snippet:-1, max-image-preview:large, max-video-preview:-1\" \/>\n<link rel=\"canonical\" href=\"https:\/\/acfcroatia.hr\/en\/ad-hoc-action-projects-2\/\" \/>\n<meta property=\"og:locale\" content=\"en_US\" \/>\n<meta property=\"og:type\" content=\"article\" \/>\n<meta property=\"og:title\" content=\"Ad hoc action projects - Program fonda za aktivno gra\u0111anstvo u Hrvatskoj - ACF Hrvatska\" \/>\n<meta property=\"og:description\" content=\"Project promotor Project Title ACF grant (EUR) Parents in action Advocating for evidence based maternity care during the COVID-19 pandemic 4,999.27 Association BIOM Public participation in environmental public hearing procedures during pandemic conditions 4,489.82 Documenta \u2013 Center for Dealing with the Past Adequate answers: needs of the population in undeveloped regions in time od pandemic [&hellip;]\" \/>\n<meta property=\"og:url\" content=\"https:\/\/acfcroatia.hr\/en\/ad-hoc-action-projects-2\/\" \/>\n<meta property=\"og:site_name\" content=\"Program fonda za aktivno gra\u0111anstvo u Hrvatskoj - ACF Hrvatska\" \/>\n<meta property=\"article:modified_time\" content=\"2022-05-16T09:15:52+00:00\" \/>\n<meta name=\"twitter:card\" content=\"summary_large_image\" \/>\n<meta name=\"twitter:label1\" content=\"Est. reading time\" \/>\n\t<meta name=\"twitter:data1\" content=\"3 minutes\" \/>\n<script type=\"application\/ld+json\" class=\"yoast-schema-graph\">{\"@context\":\"https:\/\/schema.org\",\"@graph\":[{\"@type\":\"WebPage\",\"@id\":\"https:\/\/acfcroatia.hr\/en\/ad-hoc-action-projects-2\/\",\"url\":\"https:\/\/acfcroatia.hr\/en\/ad-hoc-action-projects-2\/\",\"name\":\"Ad hoc action projects - Program fonda za aktivno gra\u0111anstvo u Hrvatskoj - ACF Hrvatska\",\"isPartOf\":{\"@id\":\"https:\/\/acfcroatia.hr\/en\/#website\"},\"datePublished\":\"2021-03-05T13:52:47+00:00\",\"dateModified\":\"2022-05-16T09:15:52+00:00\",\"breadcrumb\":{\"@id\":\"https:\/\/acfcroatia.hr\/en\/ad-hoc-action-projects-2\/#breadcrumb\"},\"inLanguage\":\"en-US\",\"potentialAction\":[{\"@type\":\"ReadAction\",\"target\":[\"https:\/\/acfcroatia.hr\/en\/ad-hoc-action-projects-2\/\"]}]},{\"@type\":\"BreadcrumbList\",\"@id\":\"https:\/\/acfcroatia.hr\/en\/ad-hoc-action-projects-2\/#breadcrumb\",\"itemListElement\":[{\"@type\":\"ListItem\",\"position\":1,\"name\":\"Po\u010detna stranica\",\"item\":\"https:\/\/acfcroatia.hr\/en\/\"},{\"@type\":\"ListItem\",\"position\":2,\"name\":\"Ad hoc action projects\"}]},{\"@type\":\"WebSite\",\"@id\":\"https:\/\/acfcroatia.hr\/en\/#website\",\"url\":\"https:\/\/acfcroatia.hr\/en\/\",\"name\":\"Program fonda za aktivno gra\u0111anstvo u Hrvatskoj - ACF Hrvatska\",\"description\":\"Gra\u0111ani u akciji za uklju\u010dive zajednice i pravedno dru\u0161tvo\",\"potentialAction\":[{\"@type\":\"SearchAction\",\"target\":{\"@type\":\"EntryPoint\",\"urlTemplate\":\"https:\/\/acfcroatia.hr\/en\/?s={search_term_string}\"},\"query-input\":\"required name=search_term_string\"}],\"inLanguage\":\"en-US\"}]}<\/script>\n<!-- \/ Yoast SEO plugin. -->","yoast_head_json":{"title":"Ad hoc action projects - Program fonda za aktivno gra\u0111anstvo u Hrvatskoj - ACF Hrvatska","robots":{"index":"index","follow":"follow","max-snippet":"max-snippet:-1","max-image-preview":"max-image-preview:large","max-video-preview":"max-video-preview:-1"},"canonical":"https:\/\/acfcroatia.hr\/en\/ad-hoc-action-projects-2\/","og_locale":"en_US","og_type":"article","og_title":"Ad hoc action projects - Program fonda za aktivno gra\u0111anstvo u Hrvatskoj - ACF Hrvatska","og_description":"Project promotor Project Title ACF grant (EUR) Parents in action Advocating for evidence based maternity care during the COVID-19 pandemic 4,999.27 Association BIOM Public participation in environmental public hearing procedures during pandemic conditions 4,489.82 Documenta \u2013 Center for Dealing with the Past Adequate answers: needs of the population in undeveloped regions in time od pandemic [&hellip;]","og_url":"https:\/\/acfcroatia.hr\/en\/ad-hoc-action-projects-2\/","og_site_name":"Program fonda za aktivno gra\u0111anstvo u Hrvatskoj - ACF Hrvatska","article_modified_time":"2022-05-16T09:15:52+00:00","twitter_card":"summary_large_image","twitter_misc":{"Est. reading time":"3 minutes"},"schema":{"@context":"https:\/\/schema.org","@graph":[{"@type":"WebPage","@id":"https:\/\/acfcroatia.hr\/en\/ad-hoc-action-projects-2\/","url":"https:\/\/acfcroatia.hr\/en\/ad-hoc-action-projects-2\/","name":"Ad hoc action projects - Program fonda za aktivno gra\u0111anstvo u Hrvatskoj - ACF Hrvatska","isPartOf":{"@id":"https:\/\/acfcroatia.hr\/en\/#website"},"datePublished":"2021-03-05T13:52:47+00:00","dateModified":"2022-05-16T09:15:52+00:00","breadcrumb":{"@id":"https:\/\/acfcroatia.hr\/en\/ad-hoc-action-projects-2\/#breadcrumb"},"inLanguage":"en-US","potentialAction":[{"@type":"ReadAction","target":["https:\/\/acfcroatia.hr\/en\/ad-hoc-action-projects-2\/"]}]},{"@type":"BreadcrumbList","@id":"https:\/\/acfcroatia.hr\/en\/ad-hoc-action-projects-2\/#breadcrumb","itemListElement":[{"@type":"ListItem","position":1,"name":"Po\u010detna stranica","item":"https:\/\/acfcroatia.hr\/en\/"},{"@type":"ListItem","position":2,"name":"Ad hoc action projects"}]},{"@type":"WebSite","@id":"https:\/\/acfcroatia.hr\/en\/#website","url":"https:\/\/acfcroatia.hr\/en\/","name":"Program fonda za aktivno gra\u0111anstvo u Hrvatskoj - ACF Hrvatska","description":"Gra\u0111ani u akciji za uklju\u010dive zajednice i pravedno dru\u0161tvo","potentialAction":[{"@type":"SearchAction","target":{"@type":"EntryPoint","urlTemplate":"https:\/\/acfcroatia.hr\/en\/?s={search_term_string}"},"query-input":"required name=search_term_string"}],"inLanguage":"en-US"}]}},"_links":{"self":[{"href":"https:\/\/acfcroatia.hr\/en\/wp-json\/wp\/v2\/pages\/1718","targetHints":{"allow":["GET"]}}],"collection":[{"href":"https:\/\/acfcroatia.hr\/en\/wp-json\/wp\/v2\/pages"}],"about":[{"href":"https:\/\/acfcroatia.hr\/en\/wp-json\/wp\/v2\/types\/page"}],"author":[{"embeddable":true,"href":"https:\/\/acfcroatia.hr\/en\/wp-json\/wp\/v2\/users\/2"}],"replies":[{"embeddable":true,"href":"https:\/\/acfcroatia.hr\/en\/wp-json\/wp\/v2\/comments?post=1718"}],"version-history":[{"count":16,"href":"https:\/\/acfcroatia.hr\/en\/wp-json\/wp\/v2\/pages\/1718\/revisions"}],"predecessor-version":[{"id":3344,"href":"https:\/\/acfcroatia.hr\/en\/wp-json\/wp\/v2\/pages\/1718\/revisions\/3344"}],"wp:attachment":[{"href":"https:\/\/acfcroatia.hr\/en\/wp-json\/wp\/v2\/media?parent=1718"}],"curies":[{"name":"wp","href":"https:\/\/api.w.org\/{rel}","templated":true}]}}