{"id":1713,"date":"2021-03-04T15:17:25","date_gmt":"2021-03-04T14:17:25","guid":{"rendered":"https:\/\/acfcroatia.hr\/?page_id=1713"},"modified":"2021-04-08T12:39:46","modified_gmt":"2021-04-08T10:39:46","slug":"results","status":"publish","type":"page","link":"https:\/\/acfcroatia.hr\/en\/results\/","title":{"rendered":"Results"},"content":{"rendered":"\n<p>Active Citizens Fund in Croatia will implement its activities until the end of April 2024. Following the tentative calendar of public calls available <a href=\"https:\/\/acfcroatia.hr\/en\/calls-for-proposals\/\" target=\"_blank\" rel=\"noreferrer noopener\">HERE<\/a>, we expect successfull implementation of at least 153 projects by then. The results of the supported projects will contribute to the achievement of the set outcomesand results of the Fund, ie to the achievement of the overall objective of the ACF in the period 2014-2021: <strong>Civil society and active citizenship strengthened and vulnerable groups empowered.<\/strong><\/p>\n\n\n\n<p>Below is an overview of contracted projects according to the calls:<\/p>\n\n\n\n<p><a href=\"https:\/\/acfcroatia.hr\/en\/ad-hoc-action-projects-2\/\">Call 1: Ad hoc action projects<\/a><\/p>\n\n\n\n<p><a href=\"https:\/\/acfcroatia.hr\/en\/large-projects-2\/\">Call 2: Large projects<\/a><\/p>\n\n\n\n<p>Call 3: Sectoral innovation projects<\/p>\n","protected":false},"excerpt":{"rendered":"<p>Active Citizens Fund in Croatia will implement its activities until the end of April 2024. Following the tentative calendar of public calls available HERE, we expect successfull implementation of at least 153 projects by then. The results of the supported projects will contribute to the achievement of the set outcomesand results of the Fund, ie [&hellip;]<\/p>\n","protected":false},"author":2,"featured_media":0,"parent":0,"menu_order":0,"comment_status":"closed","ping_status":"closed","template":"","meta":{"_acf_changed":false,"footnotes":""},"class_list":["post-1713","page","type-page","status-publish","hentry"],"acf":[],"yoast_head":"<!-- This site is optimized with the Yoast SEO plugin v22.2 - https:\/\/yoast.com\/wordpress\/plugins\/seo\/ -->\n<title>Results - Program fonda za aktivno gra\u0111anstvo u Hrvatskoj - ACF Hrvatska<\/title>\n<meta name=\"robots\" content=\"index, follow, max-snippet:-1, max-image-preview:large, max-video-preview:-1\" \/>\n<link rel=\"canonical\" href=\"https:\/\/acfcroatia.hr\/en\/results\/\" \/>\n<meta property=\"og:locale\" content=\"en_US\" \/>\n<meta property=\"og:type\" content=\"article\" \/>\n<meta property=\"og:title\" content=\"Results - Program fonda za aktivno gra\u0111anstvo u Hrvatskoj - ACF Hrvatska\" \/>\n<meta property=\"og:description\" content=\"Active Citizens Fund in Croatia will implement its activities until the end of April 2024. Following the tentative calendar of public calls available HERE, we expect successfull implementation of at least 153 projects by then. The results of the supported projects will contribute to the achievement of the set outcomesand results of the Fund, ie [&hellip;]\" \/>\n<meta property=\"og:url\" content=\"https:\/\/acfcroatia.hr\/en\/results\/\" \/>\n<meta property=\"og:site_name\" content=\"Program fonda za aktivno gra\u0111anstvo u Hrvatskoj - ACF Hrvatska\" \/>\n<meta property=\"article:modified_time\" content=\"2021-04-08T10:39:46+00:00\" \/>\n<meta name=\"twitter:card\" content=\"summary_large_image\" \/>\n<meta name=\"twitter:label1\" content=\"Est. reading time\" \/>\n\t<meta name=\"twitter:data1\" content=\"1 minute\" \/>\n<script type=\"application\/ld+json\" class=\"yoast-schema-graph\">{\"@context\":\"https:\/\/schema.org\",\"@graph\":[{\"@type\":\"WebPage\",\"@id\":\"https:\/\/acfcroatia.hr\/en\/results\/\",\"url\":\"https:\/\/acfcroatia.hr\/en\/results\/\",\"name\":\"Results - Program fonda za aktivno gra\u0111anstvo u Hrvatskoj - ACF Hrvatska\",\"isPartOf\":{\"@id\":\"https:\/\/acfcroatia.hr\/en\/#website\"},\"datePublished\":\"2021-03-04T14:17:25+00:00\",\"dateModified\":\"2021-04-08T10:39:46+00:00\",\"breadcrumb\":{\"@id\":\"https:\/\/acfcroatia.hr\/en\/results\/#breadcrumb\"},\"inLanguage\":\"en-US\",\"potentialAction\":[{\"@type\":\"ReadAction\",\"target\":[\"https:\/\/acfcroatia.hr\/en\/results\/\"]}]},{\"@type\":\"BreadcrumbList\",\"@id\":\"https:\/\/acfcroatia.hr\/en\/results\/#breadcrumb\",\"itemListElement\":[{\"@type\":\"ListItem\",\"position\":1,\"name\":\"Po\u010detna stranica\",\"item\":\"https:\/\/acfcroatia.hr\/en\/\"},{\"@type\":\"ListItem\",\"position\":2,\"name\":\"Results\"}]},{\"@type\":\"WebSite\",\"@id\":\"https:\/\/acfcroatia.hr\/en\/#website\",\"url\":\"https:\/\/acfcroatia.hr\/en\/\",\"name\":\"Program fonda za aktivno gra\u0111anstvo u Hrvatskoj - ACF Hrvatska\",\"description\":\"Gra\u0111ani u akciji za uklju\u010dive zajednice i pravedno dru\u0161tvo\",\"potentialAction\":[{\"@type\":\"SearchAction\",\"target\":{\"@type\":\"EntryPoint\",\"urlTemplate\":\"https:\/\/acfcroatia.hr\/en\/?s={search_term_string}\"},\"query-input\":\"required name=search_term_string\"}],\"inLanguage\":\"en-US\"}]}<\/script>\n<!-- \/ Yoast SEO plugin. -->","yoast_head_json":{"title":"Results - Program fonda za aktivno gra\u0111anstvo u Hrvatskoj - ACF Hrvatska","robots":{"index":"index","follow":"follow","max-snippet":"max-snippet:-1","max-image-preview":"max-image-preview:large","max-video-preview":"max-video-preview:-1"},"canonical":"https:\/\/acfcroatia.hr\/en\/results\/","og_locale":"en_US","og_type":"article","og_title":"Results - Program fonda za aktivno gra\u0111anstvo u Hrvatskoj - ACF Hrvatska","og_description":"Active Citizens Fund in Croatia will implement its activities until the end of April 2024. Following the tentative calendar of public calls available HERE, we expect successfull implementation of at least 153 projects by then. The results of the supported projects will contribute to the achievement of the set outcomesand results of the Fund, ie [&hellip;]","og_url":"https:\/\/acfcroatia.hr\/en\/results\/","og_site_name":"Program fonda za aktivno gra\u0111anstvo u Hrvatskoj - ACF Hrvatska","article_modified_time":"2021-04-08T10:39:46+00:00","twitter_card":"summary_large_image","twitter_misc":{"Est. reading time":"1 minute"},"schema":{"@context":"https:\/\/schema.org","@graph":[{"@type":"WebPage","@id":"https:\/\/acfcroatia.hr\/en\/results\/","url":"https:\/\/acfcroatia.hr\/en\/results\/","name":"Results - Program fonda za aktivno gra\u0111anstvo u Hrvatskoj - ACF Hrvatska","isPartOf":{"@id":"https:\/\/acfcroatia.hr\/en\/#website"},"datePublished":"2021-03-04T14:17:25+00:00","dateModified":"2021-04-08T10:39:46+00:00","breadcrumb":{"@id":"https:\/\/acfcroatia.hr\/en\/results\/#breadcrumb"},"inLanguage":"en-US","potentialAction":[{"@type":"ReadAction","target":["https:\/\/acfcroatia.hr\/en\/results\/"]}]},{"@type":"BreadcrumbList","@id":"https:\/\/acfcroatia.hr\/en\/results\/#breadcrumb","itemListElement":[{"@type":"ListItem","position":1,"name":"Po\u010detna stranica","item":"https:\/\/acfcroatia.hr\/en\/"},{"@type":"ListItem","position":2,"name":"Results"}]},{"@type":"WebSite","@id":"https:\/\/acfcroatia.hr\/en\/#website","url":"https:\/\/acfcroatia.hr\/en\/","name":"Program fonda za aktivno gra\u0111anstvo u Hrvatskoj - ACF Hrvatska","description":"Gra\u0111ani u akciji za uklju\u010dive zajednice i pravedno dru\u0161tvo","potentialAction":[{"@type":"SearchAction","target":{"@type":"EntryPoint","urlTemplate":"https:\/\/acfcroatia.hr\/en\/?s={search_term_string}"},"query-input":"required name=search_term_string"}],"inLanguage":"en-US"}]}},"_links":{"self":[{"href":"https:\/\/acfcroatia.hr\/en\/wp-json\/wp\/v2\/pages\/1713","targetHints":{"allow":["GET"]}}],"collection":[{"href":"https:\/\/acfcroatia.hr\/en\/wp-json\/wp\/v2\/pages"}],"about":[{"href":"https:\/\/acfcroatia.hr\/en\/wp-json\/wp\/v2\/types\/page"}],"author":[{"embeddable":true,"href":"https:\/\/acfcroatia.hr\/en\/wp-json\/wp\/v2\/users\/2"}],"replies":[{"embeddable":true,"href":"https:\/\/acfcroatia.hr\/en\/wp-json\/wp\/v2\/comments?post=1713"}],"version-history":[{"count":2,"href":"https:\/\/acfcroatia.hr\/en\/wp-json\/wp\/v2\/pages\/1713\/revisions"}],"predecessor-version":[{"id":1917,"href":"https:\/\/acfcroatia.hr\/en\/wp-json\/wp\/v2\/pages\/1713\/revisions\/1917"}],"wp:attachment":[{"href":"https:\/\/acfcroatia.hr\/en\/wp-json\/wp\/v2\/media?parent=1713"}],"curies":[{"name":"wp","href":"https:\/\/api.w.org\/{rel}","templated":true}]}}